{"id":4455,"date":"2018-07-30T10:12:00","date_gmt":"2018-07-30T10:12:00","guid":{"rendered":"http:\/\/grasadepalma.com\/gdaparatos\/?page_id=4455"},"modified":"2018-08-09T17:05:57","modified_gmt":"2018-08-09T17:05:57","slug":"prime-cut-informations-sur-le-produit","status":"publish","type":"page","link":"https:\/\/gdaparatos.com\/fr\/produits\/lance-thermique\/prime-cut-informations-sur-le-produit\/","title":{"rendered":"Prime cut &#8211; Informations sur le produit"},"content":{"rendered":"<p>[et_pb_section bb_built=\u00a0\u00bb1&Prime; fullwidth=\u00a0\u00bbon\u00a0\u00bb module_id=\u00a0\u00bbtitulo\u00a0\u00bb _builder_version=\u00a0\u00bb3.8.1&Prime; background_color=\u00a0\u00bb#4CAF50&Prime; use_background_color_gradient=\u00a0\u00bbon\u00a0\u00bb background_color_gradient_start=\u00a0\u00bb#dddddd\u00a0\u00bb background_color_gradient_end=\u00a0\u00bb#eeeeee\u00a0\u00bb background_color_gradient_direction=\u00a0\u00bb360deg\u00a0\u00bb background_image=\u00a0\u00bbhttps:\/\/gdaparatos.com\/wp-content\/uploads\/2018\/06\/coding-background-texture.jpg\u00a0\u00bb background_blend=\u00a0\u00bboverlay\u00a0\u00bb next_background_color=\u00a0\u00bb#3c934c\u00a0\u00bb][et_pb_fullwidth_header title=\u00a0\u00bbPrime cut\u00a0\u00bb subhead=\u00a0\u00bbLance thermique\u00a0\u00bb header_image_url=\u00a0\u00bbhttps:\/\/gdaparatos.com\/wp-content\/uploads\/2018\/06\/prod_lanza_termica.jpg\u00a0\u00bb _builder_version=\u00a0\u00bb3.11.1&Prime; title_font=\u00a0\u00bb||||||||\u00a0\u00bb title_text_color=\u00a0\u00bb#555&Prime; subhead_font=\u00a0\u00bb||||||||\u00a0\u00bb subhead_font_size=\u00a0\u00bb23px\u00a0\u00bb background_color=\u00a0\u00bbrgba(255,255,255,0)\u00a0\u00bb background_layout=\u00a0\u00bblight\u00a0\u00bb max_width_tablet=\u00a0\u00bb50px\u00a0\u00bb custom_padding=\u00a0\u00bb|||\u00a0\u00bb image_alt_text=\u00a0\u00bbPrime cut\u00a0\u00bb image_title=\u00a0\u00bbPrime cut\u00a0\u00bb \/][\/et_pb_section][et_pb_section bb_built=\u00a0\u00bb1&Prime; _builder_version=\u00a0\u00bb3.8.1&Prime; background_color=\u00a0\u00bb#3c934c\u00a0\u00bb border_style_all=\u00a0\u00bbnone\u00a0\u00bb border_width_top=\u00a0\u00bb2px\u00a0\u00bb border_color_top=\u00a0\u00bb#ffffff\u00a0\u00bb custom_margin=\u00a0\u00bb0px||0px|\u00a0\u00bb custom_padding=\u00a0\u00bb0px||0px|\u00a0\u00bb prev_background_color=\u00a0\u00bb#4CAF50&Prime; next_background_color=\u00a0\u00bb#ffffff\u00a0\u00bb][et_pb_row custom_padding=\u00a0\u00bb0px||0px|\u00a0\u00bb custom_margin=\u00a0\u00bb0px||0px|\u00a0\u00bb _builder_version=\u00a0\u00bb3.8.1&Prime;][et_pb_column type=\u00a0\u00bb4_4&Prime;][et_pb_code _builder_version=\u00a0\u00bb3.8.1&Prime; custom_margin=\u00a0\u00bb0px||0px|\u00a0\u00bb custom_padding=\u00a0\u00bb0px||0px|\u00a0\u00bb]&lt;span style=&quot;color:white!important&quot;&gt;<nav aria-label=\"breadcrumbs\">\n            <div class=\"breadcrumb-container theme2\">\n                <ol>\n                                    <\/ol>\n            <\/div>\n        <\/nav>    <script type=\"application\/ld+json\">\n        {\n            \"@context\": \"http:\/\/schema.org\",\n            \"@type\": \"BreadcrumbList\",\n            \"itemListElement\": [\n                            ]\n        }\n    <\/script>\n   \n    <script>\n            <\/script>\n&lt;\/span&gt;[\/et_pb_code][\/et_pb_column][\/et_pb_row][\/et_pb_section][et_pb_section bb_built=\u00a0\u00bb1&Prime; _builder_version=\u00a0\u00bb3.0.47&Prime; prev_background_color=\u00a0\u00bb#3c934c\u00a0\u00bb next_background_color=\u00a0\u00bb#f7f7f7&Prime;][et_pb_row _builder_version=\u00a0\u00bb3.8.1&Prime;][et_pb_column type=\u00a0\u00bb4_4&Prime;][et_pb_image src=\u00a0\u00bbhttps:\/\/gdaparatos.com\/wp-content\/uploads\/2018\/07\/Prime-cut-titulo.jpg\u00a0\u00bb align=\u00a0\u00bbcenter\u00a0\u00bb _builder_version=\u00a0\u00bb3.11.1&Prime; alt=\u00a0\u00bbPrime cut logo\u00a0\u00bb title_text=\u00a0\u00bbPrime cut logo\u00a0\u00bb \/][et_pb_code _builder_version=\u00a0\u00bb3.8.1&Prime;]&lt;hr style=&quot;width:30%&quot;&gt;&lt;!&#8211; [et_pb_line_break_holder] &#8211;&gt;[\/et_pb_code][\/et_pb_column][\/et_pb_row][et_pb_row _builder_version=\u00a0\u00bb3.8.1&Prime;][et_pb_column type=\u00a0\u00bb1_2&Prime;][et_pb_text _builder_version=\u00a0\u00bb3.8.1&Prime; text_font=\u00a0\u00bb||||||||\u00a0\u00bb text_font_size=\u00a0\u00bb23px\u00a0\u00bb text_line_height=\u00a0\u00bb1.6em\u00a0\u00bb text_orientation=\u00a0\u00bbcenter\u00a0\u00bb]<\/p>\n<p style=\"text-align: center;\"><strong>Le premier choix des professionnels pour<br \/>\ncouper, gouger, ou percer tout mat\u00e9riau. <\/strong><\/p>\n<p>[\/et_pb_text][\/et_pb_column][et_pb_column type=\u00a0\u00bb1_2&Prime;][et_pb_image src=\u00a0\u00bbhttps:\/\/gdaparatos.com\/wp-content\/uploads\/2018\/07\/prime-cut-ingles.jpg\u00a0\u00bb align=\u00a0\u00bbcenter\u00a0\u00bb _builder_version=\u00a0\u00bb3.11.1&Prime; alt=\u00a0\u00bbPrime cut 2&Prime; title_text=\u00a0\u00bbPrime cut 2&Prime; \/][\/et_pb_column][\/et_pb_row][et_pb_row _builder_version=\u00a0\u00bb3.8.1&Prime;][et_pb_column type=\u00a0\u00bb4_4&Prime;][et_pb_text _builder_version=\u00a0\u00bb3.8.1&Prime;]<\/p>\n<p style=\"text-align: justify;\">La canne de coupe exothermique Broco Industrial, d\u00e9passant 10,000\u00b0, liqu\u00e9fie tous les mat\u00e9riaux qu\u2019il rencontre en utilisant le m\u00eame mat\u00e9riau comme fuel. En utilisant seulement de l\u2019oxyg\u00e8ne, les cannes Broco\u00ae Industrial coupent ou fondent rapidement presque tous les mat\u00e9riels connus y compris la fonte, l\u2019acier, l\u2019acier inoxydable, le b\u00e9ton, le granit, le nickel, le titane et l&rsquo;aluminium, ainsi que les m\u00e9taux nobles. Les syst\u00e8mes Broco \u00ae Exothermic Torch coupent si rapidement qu\u2019il y a un faible accroissement de chaleur, de fa\u00e7on \u00e0 ce que la trempe du mat\u00e9riel reste pratiquement inchang\u00e9e.<\/p>\n<p>Les avantages de la canne de coupe exothermique Prime Cut :<\/p>\n<ul>\n<li>Etant donn\u00e9 qu\u2019elle fonctionne \u00e0 des temp\u00e9ratures sup\u00e9rieures \u00e0 10000 \u00b0 F, le besoin de pr\u00e9chauffer la surface est \u00e9limin\u00e9.<\/li>\n<li>Coupe tr\u00e8s rapidement la fonte, l\u2019acier et les m\u00e9taux non ferreux en \u00e9conomisant du temps et de l\u2019argent.<\/li>\n<li>Des r\u00e9parations effectu\u00e9es sans augmenter les bavures sur les roulements et bagues.<\/li>\n<li>Pas de d\u00e9p\u00f4ts de carbone, \u00e9liminant les besoins de surfacer et de nettoyer des rainures et trous.<\/li>\n<li>Peut se diriger dans des endroits difficiles \u00e0 atteindre.<\/li>\n<li>Plus s\u00fbr que d&rsquo;autres \u00e9quipements, car il n&rsquo;est pas n\u00e9cessaire d&rsquo;utiliser ni un amp\u00e9rage \u00e9lev\u00e9 ni de l\u2019ac\u00e9tyl\u00e8ne ou d&rsquo;autres combustibles<\/li>\n<li>Accro\u00eet le confort de l&rsquo;op\u00e9rateur avec moins de bruit, de fum\u00e9e et de gaz nocifs, que les syst\u00e8mes \u00ab air arc \u00bb.<\/li>\n<li>\u00c9limine le besoin de machine de soudage ou de compresseur d&rsquo;air.<\/li>\n<li>Br\u00fble dans des atmosph\u00e8res humides, m\u00eame lorsqu\u2019il est immerg\u00e9 dans la boue ou l&rsquo;eau.<\/li>\n<li>Utilisation facile: les fonctionnalit\u00e9s sont con\u00e7ues pour des t\u00e2ches simples. 12 volts CC syst\u00e8me d&rsquo;allumage, seule source d&rsquo;oxyg\u00e8ne de carburant avec un r\u00e9gulateur, une torche et une ergonomie facilitant l&rsquo;utilisation m\u00eame pour le personnel moins exp\u00e9riment\u00e9<\/li>\n<\/ul>\n<p>[\/et_pb_text][\/et_pb_column][\/et_pb_row][\/et_pb_section][et_pb_section bb_built=\u00a0\u00bb1&Prime; module_class=\u00a0\u00bbenlaces\u00a0\u00bb _builder_version=\u00a0\u00bb3.8.1&Prime; background_color=\u00a0\u00bb#f7f7f7&Prime; use_background_color_gradient=\u00a0\u00bbon\u00a0\u00bb background_color_gradient_start=\u00a0\u00bb#4CAF50&Prime; background_color_gradient_end=\u00a0\u00bb#388E3C\u00a0\u00bb background_color_gradient_direction=\u00a0\u00bb1deg\u00a0\u00bb background_color_gradient_overlays_image=\u00a0\u00bbon\u00a0\u00bb background_image=\u00a0\u00bbhttps:\/\/gdaparatos.com\/wp-content\/uploads\/2018\/06\/coding-background-texture.jpg\u00a0\u00bb background_blend=\u00a0\u00bboverlay\u00a0\u00bb prev_background_color=\u00a0\u00bb#ffffff\u00a0\u00bb next_background_color=\u00a0\u00bb#ffffff\u00a0\u00bb][et_pb_row _builder_version=\u00a0\u00bb3.8.1&Prime;][et_pb_column type=\u00a0\u00bb2_3&Prime;][et_pb_text _builder_version=\u00a0\u00bb3.8.1&Prime; text_font=\u00a0\u00bb||||||||\u00a0\u00bb text_text_color=\u00a0\u00bb#ffffff\u00a0\u00bb text_font_size=\u00a0\u00bb27px\u00a0\u00bb text_line_height=\u00a0\u00bb1.9em\u00a0\u00bb]<\/p>\n<p>Vous pouvez voir et t\u00e9l\u00e9charger les informations sur cette page au format pdf en cliquant sur le bouton<\/p>\n<p>[\/et_pb_text][\/et_pb_column][et_pb_column type=\u00a0\u00bb1_3&Prime;][et_pb_button button_url=\u00a0\u00bbhttps:\/\/gdaparatos.com\/wp-content\/uploads\/2018\/08\/Prime-Cut-franc\u00e9s.pdf\u00a0\u00bb url_new_window=\u00a0\u00bbon\u00a0\u00bb button_text=\u00a0\u00bbVoir et t\u00e9l\u00e9charger en PDF\u00a0\u00bb button_alignment=\u00a0\u00bbright\u00a0\u00bb _builder_version=\u00a0\u00bb3.11.1&Prime; custom_button=\u00a0\u00bbon\u00a0\u00bb button_bg_color=\u00a0\u00bb#ffffff\u00a0\u00bb button_border_color=\u00a0\u00bb#ffffff\u00a0\u00bb button_font=\u00a0\u00bb||||||||\u00a0\u00bb custom_margin=\u00a0\u00bb50px|||\u00a0\u00bb \/][\/et_pb_column][\/et_pb_row][\/et_pb_section][et_pb_section bb_built=\u00a0\u00bb1&Prime; admin_label=\u00a0\u00bbFooter\u00a0\u00bb _builder_version=\u00a0\u00bb3.8.1&Prime; custom_padding=\u00a0\u00bb0px|0px|0px|0px\u00a0\u00bb animation_direction=\u00a0\u00bbbottom\u00a0\u00bb saved_tabs=\u00a0\u00bball\u00a0\u00bb prev_background_color=\u00a0\u00bb#f7f7f7&Prime;][et_pb_row use_custom_width=\u00a0\u00bbon\u00a0\u00bb width_unit=\u00a0\u00bboff\u00a0\u00bb custom_width_percent=\u00a0\u00bb100%\u00a0\u00bb use_custom_gutter=\u00a0\u00bbon\u00a0\u00bb gutter_width=\u00a0\u00bb2&Prime; custom_padding=\u00a0\u00bb100px||100px|\u00a0\u00bb custom_margin=\u00a0\u00bb0px|||\u00a0\u00bb _builder_version=\u00a0\u00bb3.11.1&Prime; background_size=\u00a0\u00bbinitial\u00a0\u00bb background_position=\u00a0\u00bbtop_left\u00a0\u00bb background_repeat=\u00a0\u00bbrepeat\u00a0\u00bb background_blend=\u00a0\u00bboverlay\u00a0\u00bb][et_pb_column type=\u00a0\u00bb1_6&Prime;][\/et_pb_column][et_pb_column type=\u00a0\u00bb1_3&Prime;][et_pb_text _builder_version=\u00a0\u00bb3.8.1&Prime; header_font=\u00a0\u00bb||||||||\u00a0\u00bb header_2_font=\u00a0\u00bb||||||||\u00a0\u00bb header_2_font_size=\u00a0\u00bb32px\u00a0\u00bb header_3_font=\u00a0\u00bb||||||||\u00a0\u00bb header_3_line_height=\u00a0\u00bb2em\u00a0\u00bb]<\/p>\n<h2 style=\"text-align: left;\">As-tu un doute?<\/h2>\n<h3>Si vous avez besoin d&rsquo;aide, n&rsquo;h\u00e9sitez pas \u00e0 nous contacter<\/h3>\n<p>Contactez-nous via ce formulaire de contact. Si vous pr\u00e9f\u00e9rez dans la section contact ou pied de page, vous pouvez trouver diff\u00e9rentes fa\u00e7ons de r\u00e9pondre \u00e0 vos questions.<\/p>\n<p>[\/et_pb_text][\/et_pb_column][et_pb_column type=\u00a0\u00bb1_3&Prime;][et_pb_contact_form email=\u00a0\u00bbweb@gdaparatos.com\u00a0\u00bb custom_message=\u00a0\u00bbNombre :: %%Name%%||et_pb_line_break_holder||Email: %%Email%%||et_pb_line_break_holder||Mensaje: %%Message%%\u00a0\u00bb success_message=\u00a0\u00bbMerci de nous contacter\u00a0\u00bb submit_button_text=\u00a0\u00bbEnvoyer\u00a0\u00bb module_id=\u00a0\u00bbet_pb_contact_form_0&Prime; _builder_version=\u00a0\u00bb3.11.1&Prime; custom_button=\u00a0\u00bbon\u00a0\u00bb button_use_icon=\u00a0\u00bboff\u00a0\u00bb saved_tabs=\u00a0\u00bball\u00a0\u00bb][et_pb_contact_field field_id=\u00a0\u00bbName\u00a0\u00bb field_title=\u00a0\u00bbNom\u00a0\u00bb _builder_version=\u00a0\u00bb3.11.1&Prime; border_radii=\u00a0\u00bbon||||\u00a0\u00bb][\/et_pb_contact_field][et_pb_contact_field field_id=\u00a0\u00bbEmail\u00a0\u00bb field_title=\u00a0\u00bbEmail\u00a0\u00bb field_type=\u00a0\u00bbemail\u00a0\u00bb _builder_version=\u00a0\u00bb3.11.1&Prime; border_radii=\u00a0\u00bbon||||\u00a0\u00bb][\/et_pb_contact_field][et_pb_contact_field field_id=\u00a0\u00bbMessage\u00a0\u00bb field_title=\u00a0\u00bbMessage\u00a0\u00bb field_type=\u00a0\u00bbtext\u00a0\u00bb fullwidth_field=\u00a0\u00bbon\u00a0\u00bb _builder_version=\u00a0\u00bb3.11.1&Prime; border_radii=\u00a0\u00bbon||||\u00a0\u00bb][\/et_pb_contact_field][et_pb_contact_field field_id=\u00a0\u00bbField_4&Prime; field_title=\u00a0\u00bbPolitique\u00a0\u00bb field_type=\u00a0\u00bbcheckbox\u00a0\u00bb checkbox_options=\u00a0\u00bb%91{%22value%22:%22Politique%22,%22checked%22:0}%93&Prime; _builder_version=\u00a0\u00bb3.11.1&Prime;][\/et_pb_contact_field][\/et_pb_contact_form][et_pb_code _builder_version=\u00a0\u00bb3.11.1&Prime;]&lt;script type=&quot;text\/javascript&quot;&gt;&lt;!&#8211; [et_pb_line_break_holder] &#8211;&gt;jQuery(function($){&lt;!&#8211; [et_pb_line_break_holder] &#8211;&gt; $(&quot;.et_pb_contact_field_checkbox label&quot;).html(&quot;&lt;i&gt;&lt;\/i&gt;Accepter&lt;a href=&#x27;https:\/\/gdaparatos.com\/fr\/avis-juridique\/&#x27; target=&#x27;_blank&#x27; style=&#x27;color:green&#x27;&gt; &lt;strong&gt;Politique de protection des donn\u00e9es&lt;\/strong&gt;&lt;\/a&gt;&quot;);&lt;!&#8211; [et_pb_line_break_holder] &#8211;&gt;});&lt;!&#8211; [et_pb_line_break_holder] &#8211;&gt;&lt;\/script&gt;[\/et_pb_code][\/et_pb_column][et_pb_column type=\u00a0\u00bb1_6&Prime;][\/et_pb_column][\/et_pb_row][\/et_pb_section]<\/p>\n","protected":false},"excerpt":{"rendered":"<p>&lt;span style=&quot;color:white!important&quot;&gt;<nav aria-label=\"breadcrumbs\">\n            <div class=\"breadcrumb-container theme2\">\n                <ol>\n                                    <\/ol>\n            <\/div>\n        <\/nav>    <script type=\"application\/ld+json\">\n        {\n            \"@context\": \"http:\/\/schema.org\",\n            \"@type\": \"BreadcrumbList\",\n            \"itemListElement\": [\n                            ]\n        }\n    <\/script>\n   \n    <script>\n            <\/script>\n&lt;\/span&gt;&lt;hr style=&quot;width:30%&quot;&gt;&lt;!&#8211; [et_pb_line_break_holder] &#8211;&gt; Le premier choix des professionnels pour couper, gouger, ou percer tout mat\u00e9riau. La canne de coupe exothermique Broco Industrial, d\u00e9passant 10,000\u00b0, liqu\u00e9fie tous les mat\u00e9riaux qu\u2019il rencontre en utilisant le m\u00eame mat\u00e9riau comme fuel. En utilisant seulement de l\u2019oxyg\u00e8ne, les cannes Broco\u00ae Industrial coupent ou fondent rapidement presque tous les [&hellip;]<\/p>\n","protected":false},"author":6,"featured_media":0,"parent":4414,"menu_order":0,"comment_status":"closed","ping_status":"closed","template":"","meta":{"_et_pb_use_builder":"on","_et_pb_old_content":"","_et_gb_content_width":"","footnotes":""},"class_list":["post-4455","page","type-page","status-publish","hentry"],"_links":{"self":[{"href":"https:\/\/gdaparatos.com\/fr\/wp-json\/wp\/v2\/pages\/4455","targetHints":{"allow":["GET"]}}],"collection":[{"href":"https:\/\/gdaparatos.com\/fr\/wp-json\/wp\/v2\/pages"}],"about":[{"href":"https:\/\/gdaparatos.com\/fr\/wp-json\/wp\/v2\/types\/page"}],"author":[{"embeddable":true,"href":"https:\/\/gdaparatos.com\/fr\/wp-json\/wp\/v2\/users\/6"}],"replies":[{"embeddable":true,"href":"https:\/\/gdaparatos.com\/fr\/wp-json\/wp\/v2\/comments?post=4455"}],"version-history":[{"count":0,"href":"https:\/\/gdaparatos.com\/fr\/wp-json\/wp\/v2\/pages\/4455\/revisions"}],"up":[{"embeddable":true,"href":"https:\/\/gdaparatos.com\/fr\/wp-json\/wp\/v2\/pages\/4414"}],"wp:attachment":[{"href":"https:\/\/gdaparatos.com\/fr\/wp-json\/wp\/v2\/media?parent=4455"}],"curies":[{"name":"wp","href":"https:\/\/api.w.org\/{rel}","templated":true}]}}