{"id":4372,"date":"2018-07-27T14:00:04","date_gmt":"2018-07-27T14:00:04","guid":{"rendered":"http:\/\/grasadepalma.com\/gdaparatos\/?page_id=4372"},"modified":"2018-09-18T07:12:18","modified_gmt":"2018-09-18T07:12:18","slug":"bruleurs-basse-pression-instructions-dutilisation-et-de-securite","status":"publish","type":"page","link":"https:\/\/gdaparatos.com\/fr\/produits\/bruleurs-a-gaz\/bruleurs-basse-pression-instructions-dutilisation-et-de-securite\/","title":{"rendered":"Br\u00fbleurs basse pression &#8211; Instructions d\u2019utilisation et de s\u00e9curit\u00e9"},"content":{"rendered":"<p>[et_pb_section fb_built=\u00a0\u00bb1&Prime; fullwidth=\u00a0\u00bbon\u00a0\u00bb module_id=\u00a0\u00bbtitulo\u00a0\u00bb _builder_version=\u00a0\u00bb3.8.1&Prime; background_color=\u00a0\u00bb#4CAF50&Prime; use_background_color_gradient=\u00a0\u00bbon\u00a0\u00bb background_color_gradient_start=\u00a0\u00bb#dddddd\u00a0\u00bb background_color_gradient_end=\u00a0\u00bb#eeeeee\u00a0\u00bb background_color_gradient_direction=\u00a0\u00bb360deg\u00a0\u00bb background_image=\u00a0\u00bbhttps:\/\/gdaparatos.com\/wp-content\/uploads\/2018\/06\/coding-background-texture.jpg\u00a0\u00bb background_blend=\u00a0\u00bboverlay\u00a0\u00bb][et_pb_fullwidth_header title=\u00a0\u00bbBr\u00fbleurs basse pression\u00a0\u00bb subhead=\u00a0\u00bbBr\u00fbleurs a gaz\u00a0\u00bb header_image_url=\u00a0\u00bbhttps:\/\/gdaparatos.com\/wp-content\/uploads\/2018\/06\/prod_quemadores.jpg\u00a0\u00bb image_alt_text=\u00a0\u00bbBr\u00fbleurs basse pression\u00a0\u00bb image_title=\u00a0\u00bbBr\u00fbleurs basse pression\u00a0\u00bb _builder_version=\u00a0\u00bb3.11.1&Prime; title_text_color=\u00a0\u00bb#555555&Prime; subhead_font_size=\u00a0\u00bb23px\u00a0\u00bb background_color=\u00a0\u00bbrgba(255,255,255,0)\u00a0\u00bb background_layout=\u00a0\u00bblight\u00a0\u00bb max_width_tablet=\u00a0\u00bb50px\u00a0\u00bb custom_padding=\u00a0\u00bb|||\u00a0\u00bb][\/et_pb_fullwidth_header][\/et_pb_section][et_pb_section fb_built=\u00a0\u00bb1&Prime; _builder_version=\u00a0\u00bb3.8.1&Prime; background_color=\u00a0\u00bb#3c934c\u00a0\u00bb border_style_all=\u00a0\u00bbnone\u00a0\u00bb border_width_top=\u00a0\u00bb2px\u00a0\u00bb border_color_top=\u00a0\u00bb#ffffff\u00a0\u00bb custom_margin=\u00a0\u00bb0px||0px|\u00a0\u00bb custom_padding=\u00a0\u00bb0px||0px|\u00a0\u00bb][et_pb_row custom_padding=\u00a0\u00bb0px||0px|\u00a0\u00bb custom_margin=\u00a0\u00bb0px||0px|\u00a0\u00bb _builder_version=\u00a0\u00bb3.8.1&Prime;][et_pb_column type=\u00a0\u00bb4_4&Prime; _builder_version=\u00a0\u00bb3.0.47&Prime; parallax=\u00a0\u00bboff\u00a0\u00bb parallax_method=\u00a0\u00bbon\u00a0\u00bb][et_pb_code _builder_version=\u00a0\u00bb3.8.1&Prime; custom_margin=\u00a0\u00bb0px||0px|\u00a0\u00bb custom_padding=\u00a0\u00bb0px||0px|\u00a0\u00bb]&lt;span style=&quot;color:white!important&quot;&gt;<nav aria-label=\"breadcrumbs\">\n            <div class=\"breadcrumb-container theme2\">\n                <ol>\n                                    <\/ol>\n            <\/div>\n        <\/nav>    <script type=\"application\/ld+json\">\n        {\n            \"@context\": \"http:\/\/schema.org\",\n            \"@type\": \"BreadcrumbList\",\n            \"itemListElement\": [\n                            ]\n        }\n    <\/script>\n   \n    <script>\n            <\/script>\n&lt;\/span&gt;[\/et_pb_code][\/et_pb_column][\/et_pb_row][\/et_pb_section][et_pb_section fb_built=\u00a0\u00bb1&Prime; _builder_version=\u00a0\u00bb3.0.47&Prime;][et_pb_row _builder_version=\u00a0\u00bb3.0.48&Prime; background_size=\u00a0\u00bbinitial\u00a0\u00bb background_position=\u00a0\u00bbtop_left\u00a0\u00bb background_repeat=\u00a0\u00bbrepeat\u00a0\u00bb][et_pb_column type=\u00a0\u00bb4_4&Prime; _builder_version=\u00a0\u00bb3.0.47&Prime; parallax=\u00a0\u00bboff\u00a0\u00bb parallax_method=\u00a0\u00bbon\u00a0\u00bb][et_pb_text _builder_version=\u00a0\u00bb3.11.1&Prime; header_font=\u00a0\u00bb||||||||\u00a0\u00bb header_5_font=\u00a0\u00bb||||||||\u00a0\u00bb header_5_font_size=\u00a0\u00bb18px\u00a0\u00bb]<\/p>\n<h3 style=\"text-align: center;\"><span style=\"color: #008000;\"><strong>INSTRUCTIONS D\u2019UTILISATION ET DE S\u00c9CURIT\u00c9<\/strong><\/span><\/h3>\n<h5 style=\"text-align: justify;\"><span class=\"et-pb-icon et-waypoint et_pb_animation_top et-animated\" style=\"color: #3c934c; font-size: 30px;\">N<\/span> <span style=\"text-decoration: underline;\"><span style=\"color: #008000;\"><strong>INSTRUCTIONS DE MONTAGE\u00a0<\/strong><\/span><\/span><\/h5>\n<p style=\"text-align: justify;\"><strong>GPL<\/strong><br \/>Connecter le br\u00fbleur au r\u00e9gulateur de la bouteille ou \u00e0 l\u2019installation via un tuyau flexible et deux colliers ou un flexible filet\u00e9 code 00LI121000. V\u00e9rifier que la pression soit ad\u00e9quat et que le tuyau n\u2019est pas p\u00e9rim\u00e9. Controller les fuites de gaz<br \/><strong>GN<\/strong><br \/>Connecter le br\u00fbleur \u00e0 l\u2019installation via tuyau flexible filet\u00e9 code 00LI121000. V\u00e9rifier que la pression soit ad\u00e9quat.<br \/>Controller les fuites de gaz<\/p>\n<h5 style=\"text-align: justify;\"><span class=\"et-pb-icon et-waypoint et_pb_animation_top et-animated\" style=\"color: #3c934c; font-size: 30px;\">N<\/span> <span style=\"text-decoration: underline;\"><span style=\"color: #008000;\"><strong>MISE EN SERVICE<\/strong><\/span><\/span><\/h5>\n<h5 style=\"text-align: justify;\"><span style=\"color: #008000;\">Mod\u00e8les sans valve de s\u00e9curit\u00e9.<\/span><\/h5>\n<p style=\"text-align: justify;\">Ouvrir le robinet de gaz en tournant dans le sens contraire des aiguilles d\u2019une montre, et rapprocher une flamme au br\u00fbleur. R\u00e9gler avec le robinet en fonction de la puissance d\u00e9sir\u00e9e.<\/p>\n<h5 style=\"text-align: justify;\"><span style=\"color: #008000;\">Mod\u00e8les avec valve de s\u00e9curit\u00e9.<\/span><\/h5>\n<p style=\"text-align: justify;\">Ouvrir le robinet de gaz en tournant dans le sens contraire des aiguilles d\u2019une montre, et rapprocher une flamme au<br \/>br\u00fbleur en maintenant appuy\u00e9e la valve de s\u00e9curit\u00e9 durant quelques secondes.<\/p>\n<h5 style=\"text-align: justify;\"><span style=\"color: #008000;\">Mod\u00e8les avec valve de s\u00e9curit\u00e9 et veilleuse.\u00a0<\/span><\/h5>\n<p style=\"text-align: justify;\">Rapprocher une flamme \u00e1 la veilleuse en maintenant appuy\u00e9e la valve de s\u00e9curit\u00e9 durant quelques secondes. Ouvrir ensuite le robinet de gaz pour allumer le br\u00fbleur principal.<\/p>\n<p style=\"text-align: justify;\"><strong>Mod\u00e8les avec allumage piezo<\/strong> : Dans tous les cas, appuyez sur le piezo plut\u00f4t que rapprochez une flamme<\/p>\n<h5 style=\"text-align: justify;\"><span class=\"et-pb-icon et-waypoint et_pb_animation_top et-animated\" style=\"color: #3c934c; font-size: 30px;\">N<\/span> <span style=\"text-decoration: underline; color: #008000;\"><strong>\u00c9TEINDRE LE BR\u00dbLEUR:\u00a0<\/strong><\/span><\/h5>\n<p style=\"text-align: justify;\">Tourner le robinet de gaz dans le sens des aiguilles d\u2019une montre.<br \/>Dans les mod\u00e8les avec veilleuse, en fermant le robinet de gaz, la veilleuse reste allum\u00e9e pour les allumages suivants du br\u00fbleur principal. Pour \u00e9teindre \u00e9galement la veilleuse, fermer le robinet de gaz de l\u2019installation.<\/p>\n<h5 style=\"text-align: justify;\"><span class=\"et-pb-icon et-waypoint et_pb_animation_top et-animated\" style=\"color: #3c934c; font-size: 30px;\">N<\/span> <span style=\"text-decoration: underline; color: #008000;\"><strong>DISPOSITIF DE S\u00c9CURIT\u00c9<\/strong><\/span><\/h5>\n<p style=\"text-align: justify;\">Le br\u00fbleur dispose d\u2019une valve de s\u00e9curit\u00e9 thermo\u00e9lectrique qui, une fois connect\u00e9 au thermocouple, coupe le gaz, au cas o\u00f9 la flamme n\u2019est pas d\u00e9tect\u00e9.<\/p>\n<p>[\/et_pb_text][\/et_pb_column][\/et_pb_row][et_pb_row _builder_version=\u00a0\u00bb3.8.1&Prime;][et_pb_column type=\u00a0\u00bb1_3&Prime; _builder_version=\u00a0\u00bb3.0.47&Prime; parallax=\u00a0\u00bboff\u00a0\u00bb parallax_method=\u00a0\u00bbon\u00a0\u00bb][\/et_pb_column][et_pb_column type=\u00a0\u00bb1_3&Prime; _builder_version=\u00a0\u00bb3.0.47&Prime; parallax=\u00a0\u00bboff\u00a0\u00bb parallax_method=\u00a0\u00bbon\u00a0\u00bb][et_pb_code _builder_version=\u00a0\u00bb3.8.1&Prime;]&lt;hr&gt;[\/et_pb_code][\/et_pb_column][et_pb_column type=\u00a0\u00bb1_3&Prime; _builder_version=\u00a0\u00bb3.0.47&Prime; parallax=\u00a0\u00bboff\u00a0\u00bb parallax_method=\u00a0\u00bbon\u00a0\u00bb][\/et_pb_column][\/et_pb_row][et_pb_row _builder_version=\u00a0\u00bb3.8.1&Prime;][et_pb_column type=\u00a0\u00bb4_4&Prime; _builder_version=\u00a0\u00bb3.0.47&Prime; parallax=\u00a0\u00bboff\u00a0\u00bb parallax_method=\u00a0\u00bbon\u00a0\u00bb][et_pb_code _builder_version=\u00a0\u00bb3.11.1&Prime;]&lt;h3 style=&quot;font-weight:bold;color:green;text-align:center;&quot;&gt;&lt;!&#8211; [et_pb_line_break_holder] &#8211;&gt; INFORMATIONS TECHNIQUES&lt;!&#8211; [et_pb_line_break_holder] &#8211;&gt;&lt;\/h3&gt;&lt;!&#8211; [et_pb_line_break_holder] &#8211;&gt;&lt;table&gt;&lt;!&#8211; [et_pb_line_break_holder] &#8211;&gt;&lt;thead&gt;&lt;!&#8211; [et_pb_line_break_holder] &#8211;&gt;&lt;tr&gt;&lt;th&gt;MOD\u00c8LE&lt;\/th&gt; &lt;th&gt;PUISSANCE MAX &lt;\/th&gt; &lt;th&gt;CONSO. MAX &lt;\/th&gt; &lt;th&gt;PRESSION DE TRAVAIL&lt;\/th&gt; &lt;th&gt;GAZ&lt;\/th&gt;&lt;\/tr&gt;&lt;!&#8211; [et_pb_line_break_holder] &#8211;&gt;&lt;\/thead&gt;&lt;!&#8211; [et_pb_line_break_holder] &#8211;&gt;&lt;tbody&gt;&lt;!&#8211; [et_pb_line_break_holder] &#8211;&gt;&lt;tr&gt;&lt;td&gt;413 GLP&lt;\/td&gt; &lt;td&gt;8.000\/9.000 Kcal\/h&lt;\/td&gt; &lt;td&gt;745gr\/h&lt;\/td&gt; &lt;td&gt;30\/37gr&lt;\/td&gt; &lt;td&gt;BUT-PROPANE&lt;\/td&gt;&lt;\/tr&gt;&lt;!&#8211; [et_pb_line_break_holder] &#8211;&gt;&lt;tr&gt;&lt;td&gt;413 GN&lt;\/td&gt; &lt;td&gt;9.500 Kcal\/h&lt;\/td&gt; &lt;td&gt;0,9223Nm3\/h&lt;\/td&gt; &lt;td&gt;22 mbar&lt;\/td&gt; &lt;td&gt;GAZ NATURAL&lt;\/td&gt;&lt;\/tr&gt;&lt;!&#8211; [et_pb_line_break_holder] &#8211;&gt;&lt;tr&gt;&lt;td&gt;416 GLP&lt;\/td&gt; &lt;td&gt;8.000\/9.000 Kcal\/h&lt;\/td&gt; &lt;td&gt;745gr\/h&lt;\/td&gt; &lt;td&gt;30\/37gr&lt;\/td&gt; &lt;td&gt;BUT-PROPANE&lt;\/td&gt;&lt;\/tr&gt;&lt;!&#8211; [et_pb_line_break_holder] &#8211;&gt;&lt;tr&gt;&lt;td&gt;416 GN&lt;\/td&gt; &lt;td&gt;9.500 Kcal\/h&lt;\/td&gt; &lt;td&gt;0,9223Nm3\/h&lt;\/td&gt; &lt;td&gt;22 mbar&lt;\/td&gt; &lt;td&gt;GAZ NATUREL&lt;\/td&gt;&lt;\/tr&gt;&lt;!&#8211; [et_pb_line_break_holder] &#8211;&gt;&lt;\/tbody&gt;&lt;!&#8211; [et_pb_line_break_holder] &#8211;&gt;&lt;\/table&gt;&lt;!&#8211; [et_pb_line_break_holder] &#8211;&gt;[\/et_pb_code][\/et_pb_column][\/et_pb_row][et_pb_row _builder_version=\u00a0\u00bb3.8.1&Prime;][et_pb_column type=\u00a0\u00bb1_3&Prime; _builder_version=\u00a0\u00bb3.0.47&Prime; parallax=\u00a0\u00bboff\u00a0\u00bb parallax_method=\u00a0\u00bbon\u00a0\u00bb][\/et_pb_column][et_pb_column type=\u00a0\u00bb1_3&Prime; _builder_version=\u00a0\u00bb3.0.47&Prime; parallax=\u00a0\u00bboff\u00a0\u00bb parallax_method=\u00a0\u00bbon\u00a0\u00bb][et_pb_code _builder_version=\u00a0\u00bb3.8.1&Prime;]&lt;hr&gt;[\/et_pb_code][\/et_pb_column][et_pb_column type=\u00a0\u00bb1_3&Prime; _builder_version=\u00a0\u00bb3.0.47&Prime; parallax=\u00a0\u00bboff\u00a0\u00bb parallax_method=\u00a0\u00bbon\u00a0\u00bb][\/et_pb_column][\/et_pb_row][et_pb_row _builder_version=\u00a0\u00bb3.8.1&Prime;][et_pb_column type=\u00a0\u00bb4_4&Prime; _builder_version=\u00a0\u00bb3.0.47&Prime; parallax=\u00a0\u00bboff\u00a0\u00bb parallax_method=\u00a0\u00bbon\u00a0\u00bb][et_pb_text _builder_version=\u00a0\u00bb3.11.1&Prime;]<\/p>\n<h3 style=\"text-align: center;\"><span style=\"color: #008000;\"><strong>L\u2019ENTRETIEN\u00a0<\/strong><\/span><\/h3>\n<p style=\"text-align: justify;\">Il est n\u00e9cessaire de garder le br\u00fbleur propre, sp\u00e9cialement les points de sortie de feu. Revoir r\u00e9guli\u00e8remment le bon fonctionnement des valves de s\u00e9curit\u00e9 et du robinet de gaz.<\/p>\n<p>[\/et_pb_text][\/et_pb_column][\/et_pb_row][\/et_pb_section][et_pb_section fb_built=\u00a0\u00bb1&Prime; module_class=\u00a0\u00bbenlaces\u00a0\u00bb _builder_version=\u00a0\u00bb3.8.1&Prime; background_color=\u00a0\u00bb#f7f7f7&Prime; use_background_color_gradient=\u00a0\u00bbon\u00a0\u00bb background_color_gradient_start=\u00a0\u00bb#4CAF50&Prime; background_color_gradient_end=\u00a0\u00bb#388E3C\u00a0\u00bb background_color_gradient_direction=\u00a0\u00bb1deg\u00a0\u00bb background_color_gradient_overlays_image=\u00a0\u00bbon\u00a0\u00bb background_image=\u00a0\u00bbhttps:\/\/gdaparatos.com\/wp-content\/uploads\/2018\/06\/coding-background-texture.jpg\u00a0\u00bb background_blend=\u00a0\u00bboverlay\u00a0\u00bb][et_pb_row _builder_version=\u00a0\u00bb3.8.1&Prime;][et_pb_column type=\u00a0\u00bb2_3&Prime; _builder_version=\u00a0\u00bb3.0.47&Prime; parallax=\u00a0\u00bboff\u00a0\u00bb parallax_method=\u00a0\u00bbon\u00a0\u00bb][et_pb_text _builder_version=\u00a0\u00bb3.8.1&Prime; text_font=\u00a0\u00bb||||||||\u00a0\u00bb text_text_color=\u00a0\u00bb#ffffff\u00a0\u00bb text_font_size=\u00a0\u00bb27px\u00a0\u00bb text_line_height=\u00a0\u00bb1.9em\u00a0\u00bb]<\/p>\n<p>Vous pouvez voir et t\u00e9l\u00e9charger les informations sur cette page au format pdf en cliquant sur le bouton<\/p>\n<p>[\/et_pb_text][\/et_pb_column][et_pb_column type=\u00a0\u00bb1_3&Prime; _builder_version=\u00a0\u00bb3.0.47&Prime; parallax=\u00a0\u00bboff\u00a0\u00bb parallax_method=\u00a0\u00bbon\u00a0\u00bb][et_pb_button button_url=\u00a0\u00bbhttps:\/\/gdaparatos.com\/wp-content\/uploads\/2018\/09\/INSTRUCTIONS_BR\u00dbLEURS_BASSE_PRESSION.pdf\u00a0\u00bb url_new_window=\u00a0\u00bbon\u00a0\u00bb button_text=\u00a0\u00bbVoir et t\u00e9l\u00e9charger en PDF\u00a0\u00bb button_alignment=\u00a0\u00bbright\u00a0\u00bb _builder_version=\u00a0\u00bb3.11.1&Prime; custom_button=\u00a0\u00bbon\u00a0\u00bb button_bg_color=\u00a0\u00bb#ffffff\u00a0\u00bb button_border_color=\u00a0\u00bb#ffffff\u00a0\u00bb button_font=\u00a0\u00bb||||||||\u00a0\u00bb custom_margin=\u00a0\u00bb50px|||\u00a0\u00bb][\/et_pb_button][\/et_pb_column][\/et_pb_row][\/et_pb_section][et_pb_section fb_built=\u00a0\u00bb1&Prime; admin_label=\u00a0\u00bbFooter\u00a0\u00bb _builder_version=\u00a0\u00bb3.8.1&Prime; custom_padding=\u00a0\u00bb0px|0px|0px|0px\u00a0\u00bb animation_direction=\u00a0\u00bbbottom\u00a0\u00bb saved_tabs=\u00a0\u00bball\u00a0\u00bb][et_pb_row use_custom_width=\u00a0\u00bbon\u00a0\u00bb width_unit=\u00a0\u00bboff\u00a0\u00bb custom_width_percent=\u00a0\u00bb100%\u00a0\u00bb use_custom_gutter=\u00a0\u00bbon\u00a0\u00bb gutter_width=\u00a0\u00bb2&Prime; custom_padding=\u00a0\u00bb100px||100px|\u00a0\u00bb custom_margin=\u00a0\u00bb0px|||\u00a0\u00bb _builder_version=\u00a0\u00bb3.11.1&Prime; background_size=\u00a0\u00bbinitial\u00a0\u00bb background_position=\u00a0\u00bbtop_left\u00a0\u00bb background_repeat=\u00a0\u00bbrepeat\u00a0\u00bb background_blend=\u00a0\u00bboverlay\u00a0\u00bb][et_pb_column type=\u00a0\u00bb1_6&Prime; _builder_version=\u00a0\u00bb3.0.47&Prime; parallax=\u00a0\u00bboff\u00a0\u00bb parallax_method=\u00a0\u00bbon\u00a0\u00bb][\/et_pb_column][et_pb_column type=\u00a0\u00bb1_3&Prime; _builder_version=\u00a0\u00bb3.0.47&Prime; parallax=\u00a0\u00bboff\u00a0\u00bb parallax_method=\u00a0\u00bbon\u00a0\u00bb][et_pb_text _builder_version=\u00a0\u00bb3.8.1&Prime; header_font=\u00a0\u00bb||||||||\u00a0\u00bb header_2_font=\u00a0\u00bb||||||||\u00a0\u00bb header_2_font_size=\u00a0\u00bb32px\u00a0\u00bb header_3_font=\u00a0\u00bb||||||||\u00a0\u00bb header_3_line_height=\u00a0\u00bb2em\u00a0\u00bb]<\/p>\n<h2 style=\"text-align: left;\">As-tu un doute?<\/h2>\n<h3>Si vous avez besoin d&rsquo;aide, n&rsquo;h\u00e9sitez pas \u00e0 nous contacter<\/h3>\n<p>Contactez-nous via ce formulaire de contact. Si vous pr\u00e9f\u00e9rez dans la section contact ou pied de page, vous pouvez trouver diff\u00e9rentes fa\u00e7ons de r\u00e9pondre \u00e0 vos questions.<\/p>\n<p>[\/et_pb_text][\/et_pb_column][et_pb_column type=\u00a0\u00bb1_3&Prime; _builder_version=\u00a0\u00bb3.0.47&Prime; parallax=\u00a0\u00bboff\u00a0\u00bb parallax_method=\u00a0\u00bbon\u00a0\u00bb][et_pb_contact_form email=\u00a0\u00bbweb@gdaparatos.com\u00a0\u00bb custom_message=\u00a0\u00bbNombre :: %%Name%%||et_pb_line_break_holder||Email: %%Email%%||et_pb_line_break_holder||Mensaje: %%Message%%\u00a0\u00bb success_message=\u00a0\u00bbMerci de nous contacter\u00a0\u00bb submit_button_text=\u00a0\u00bbEnvoyer\u00a0\u00bb module_id=\u00a0\u00bbet_pb_contact_form_0&Prime; _builder_version=\u00a0\u00bb3.11.1&Prime; custom_button=\u00a0\u00bbon\u00a0\u00bb button_use_icon=\u00a0\u00bboff\u00a0\u00bb saved_tabs=\u00a0\u00bball\u00a0\u00bb][et_pb_contact_field field_id=\u00a0\u00bbName\u00a0\u00bb field_title=\u00a0\u00bbNom\u00a0\u00bb _builder_version=\u00a0\u00bb3.11.1&Prime; border_radii=\u00a0\u00bbon||||\u00a0\u00bb][\/et_pb_contact_field][et_pb_contact_field field_id=\u00a0\u00bbEmail\u00a0\u00bb field_title=\u00a0\u00bbEmail\u00a0\u00bb field_type=\u00a0\u00bbemail\u00a0\u00bb _builder_version=\u00a0\u00bb3.11.1&Prime; border_radii=\u00a0\u00bbon||||\u00a0\u00bb][\/et_pb_contact_field][et_pb_contact_field field_id=\u00a0\u00bbMessage\u00a0\u00bb field_title=\u00a0\u00bbMessage\u00a0\u00bb field_type=\u00a0\u00bbtext\u00a0\u00bb fullwidth_field=\u00a0\u00bbon\u00a0\u00bb _builder_version=\u00a0\u00bb3.11.1&Prime; border_radii=\u00a0\u00bbon||||\u00a0\u00bb][\/et_pb_contact_field][et_pb_contact_field field_id=\u00a0\u00bbField_4&Prime; field_title=\u00a0\u00bbPolitique\u00a0\u00bb field_type=\u00a0\u00bbcheckbox\u00a0\u00bb checkbox_options=\u00a0\u00bb%91{%22value%22:%22Politique%22,%22checked%22:0}%93&Prime; _builder_version=\u00a0\u00bb3.11.1&Prime;][\/et_pb_contact_field][\/et_pb_contact_form][et_pb_code _builder_version=\u00a0\u00bb3.11.1&Prime;]&lt;script type=&quot;text\/javascript&quot;&gt;&lt;!&#8211; [et_pb_line_break_holder] &#8211;&gt;jQuery(function($){&lt;!&#8211; [et_pb_line_break_holder] &#8211;&gt; $(&quot;.et_pb_contact_field_checkbox label&quot;).html(&quot;&lt;i&gt;&lt;\/i&gt;Accepter&lt;a href=&#039;https:\/\/gdaparatos.com\/fr\/avis-juridique\/&#039; target=&#039;_blank&#039; style=&#039;color:green&#039;&gt; &lt;strong&gt;Politique de protection des donn\u00e9es&lt;\/strong&gt;&lt;\/a&gt;&quot;);&lt;!&#8211; [et_pb_line_break_holder] &#8211;&gt;});&lt;!&#8211; [et_pb_line_break_holder] &#8211;&gt;&lt;\/script&gt;[\/et_pb_code][\/et_pb_column][et_pb_column type=\u00a0\u00bb1_6&Prime; _builder_version=\u00a0\u00bb3.0.47&Prime; parallax=\u00a0\u00bboff\u00a0\u00bb parallax_method=\u00a0\u00bbon\u00a0\u00bb][\/et_pb_column][\/et_pb_row][\/et_pb_section]<\/p>\n","protected":false},"excerpt":{"rendered":"<p>&lt;span style=&quot;color:white!important&quot;&gt;<nav aria-label=\"breadcrumbs\">\n            <div class=\"breadcrumb-container theme2\">\n                <ol>\n                                    <\/ol>\n            <\/div>\n        <\/nav>    <script type=\"application\/ld+json\">\n        {\n            \"@context\": \"http:\/\/schema.org\",\n            \"@type\": \"BreadcrumbList\",\n            \"itemListElement\": [\n                            ]\n        }\n    <\/script>\n   \n    <script>\n            <\/script>\n&lt;\/span&gt;INSTRUCTIONS D\u2019UTILISATION ET DE S\u00c9CURIT\u00c9 N INSTRUCTIONS DE MONTAGE\u00a0 GPLConnecter le br\u00fbleur au r\u00e9gulateur de la bouteille ou \u00e0 l\u2019installation via un tuyau flexible et deux colliers ou un flexible filet\u00e9 code 00LI121000. V\u00e9rifier que la pression soit ad\u00e9quat et que le tuyau n\u2019est pas p\u00e9rim\u00e9. Controller les fuites de gazGNConnecter le br\u00fbleur \u00e0 [&hellip;]<\/p>\n","protected":false},"author":6,"featured_media":0,"parent":4232,"menu_order":0,"comment_status":"closed","ping_status":"closed","template":"","meta":{"_et_pb_use_builder":"on","_et_pb_old_content":"","_et_gb_content_width":"","footnotes":""},"class_list":["post-4372","page","type-page","status-publish","hentry"],"_links":{"self":[{"href":"https:\/\/gdaparatos.com\/fr\/wp-json\/wp\/v2\/pages\/4372","targetHints":{"allow":["GET"]}}],"collection":[{"href":"https:\/\/gdaparatos.com\/fr\/wp-json\/wp\/v2\/pages"}],"about":[{"href":"https:\/\/gdaparatos.com\/fr\/wp-json\/wp\/v2\/types\/page"}],"author":[{"embeddable":true,"href":"https:\/\/gdaparatos.com\/fr\/wp-json\/wp\/v2\/users\/6"}],"replies":[{"embeddable":true,"href":"https:\/\/gdaparatos.com\/fr\/wp-json\/wp\/v2\/comments?post=4372"}],"version-history":[{"count":0,"href":"https:\/\/gdaparatos.com\/fr\/wp-json\/wp\/v2\/pages\/4372\/revisions"}],"up":[{"embeddable":true,"href":"https:\/\/gdaparatos.com\/fr\/wp-json\/wp\/v2\/pages\/4232"}],"wp:attachment":[{"href":"https:\/\/gdaparatos.com\/fr\/wp-json\/wp\/v2\/media?parent=4372"}],"curies":[{"name":"wp","href":"https:\/\/api.w.org\/{rel}","templated":true}]}}