{"id":4357,"date":"2018-07-27T09:45:17","date_gmt":"2018-07-27T09:45:17","guid":{"rendered":"http:\/\/grasadepalma.com\/gdaparatos\/?page_id=4357"},"modified":"2018-08-09T17:10:26","modified_gmt":"2018-08-09T17:10:26","slug":"chalumeaux-pour-cartouche-kemap","status":"publish","type":"page","link":"https:\/\/gdaparatos.com\/fr\/produits\/chalumeaux\/chalumeaux-pour-cartouche-kemap\/","title":{"rendered":"Chalumeaux pour cartouche Kemap"},"content":{"rendered":"<p>[et_pb_section fb_built=\u00a0\u00bb1&Prime; fullwidth=\u00a0\u00bbon\u00a0\u00bb module_id=\u00a0\u00bbtitulo\u00a0\u00bb _builder_version=\u00a0\u00bb3.8.1&Prime; background_color=\u00a0\u00bb#4CAF50&Prime; use_background_color_gradient=\u00a0\u00bbon\u00a0\u00bb background_color_gradient_start=\u00a0\u00bb#dddddd\u00a0\u00bb background_color_gradient_end=\u00a0\u00bb#eeeeee\u00a0\u00bb background_color_gradient_direction=\u00a0\u00bb360deg\u00a0\u00bb background_image=\u00a0\u00bbhttps:\/\/gdaparatos.com\/wp-content\/uploads\/2018\/06\/coding-background-texture.jpg\u00a0\u00bb background_blend=\u00a0\u00bboverlay\u00a0\u00bb][et_pb_fullwidth_header title=\u00a0\u00bbChalumeaux Kemap\u00a0\u00bb subhead=\u00a0\u00bbChalumeaux pour cartouche\u00a0\u00bb header_image_url=\u00a0\u00bbhttps:\/\/gdaparatos.com\/wp-content\/uploads\/2018\/06\/SOPLETES.jpg\u00a0\u00bb _builder_version=\u00a0\u00bb3.11.1&Prime; title_font=\u00a0\u00bb||||||||\u00a0\u00bb title_text_color=\u00a0\u00bb#555&Prime; subhead_font=\u00a0\u00bb||||||||\u00a0\u00bb subhead_font_size=\u00a0\u00bb23px\u00a0\u00bb background_color=\u00a0\u00bbrgba(255,255,255,0)\u00a0\u00bb background_layout=\u00a0\u00bblight\u00a0\u00bb max_width_tablet=\u00a0\u00bb50px\u00a0\u00bb custom_padding=\u00a0\u00bb|||\u00a0\u00bb image_alt_text=\u00a0\u00bbChalumeaux Kemap\u00a0\u00bb image_title=\u00a0\u00bbChalumeaux Kemap\u00a0\u00bb][\/et_pb_fullwidth_header][\/et_pb_section][et_pb_section fb_built=\u00a0\u00bb1&Prime; _builder_version=\u00a0\u00bb3.8.1&Prime; background_color=\u00a0\u00bb#3c934c\u00a0\u00bb border_style_all=\u00a0\u00bbnone\u00a0\u00bb border_width_top=\u00a0\u00bb2px\u00a0\u00bb border_color_top=\u00a0\u00bb#ffffff\u00a0\u00bb custom_margin=\u00a0\u00bb0px||0px|\u00a0\u00bb custom_padding=\u00a0\u00bb0px||0px|\u00a0\u00bb][et_pb_row custom_padding=\u00a0\u00bb0px||0px|\u00a0\u00bb custom_margin=\u00a0\u00bb0px||0px|\u00a0\u00bb _builder_version=\u00a0\u00bb3.8.1&Prime;][et_pb_column type=\u00a0\u00bb4_4&Prime; _builder_version=\u00a0\u00bb3.0.47&Prime; parallax=\u00a0\u00bboff\u00a0\u00bb parallax_method=\u00a0\u00bbon\u00a0\u00bb][et_pb_code _builder_version=\u00a0\u00bb3.8.1&Prime; custom_margin=\u00a0\u00bb0px||0px|\u00a0\u00bb custom_padding=\u00a0\u00bb0px||0px|\u00a0\u00bb]&lt;span style=&quot;color:white!important&quot;&gt;<nav aria-label=\"breadcrumbs\">\n            <div class=\"breadcrumb-container theme2\">\n                <ol>\n                                    <\/ol>\n            <\/div>\n        <\/nav>    <script type=\"application\/ld+json\">\n        {\n            \"@context\": \"http:\/\/schema.org\",\n            \"@type\": \"BreadcrumbList\",\n            \"itemListElement\": [\n                            ]\n        }\n    <\/script>\n   \n    <script>\n            <\/script>\n&lt;\/span&gt;[\/et_pb_code][\/et_pb_column][\/et_pb_row][\/et_pb_section][et_pb_section fb_built=\u00a0\u00bb1&Prime; _builder_version=\u00a0\u00bb3.0.47&Prime;][et_pb_row _builder_version=\u00a0\u00bb3.0.48&Prime; background_size=\u00a0\u00bbinitial\u00a0\u00bb background_position=\u00a0\u00bbtop_left\u00a0\u00bb background_repeat=\u00a0\u00bbrepeat\u00a0\u00bb][et_pb_column type=\u00a0\u00bb1_6&Prime; _builder_version=\u00a0\u00bb3.0.47&Prime; parallax=\u00a0\u00bboff\u00a0\u00bb parallax_method=\u00a0\u00bbon\u00a0\u00bb][et_pb_image src=\u00a0\u00bbhttps:\/\/gdaparatos.com\/wp-content\/uploads\/2018\/07\/sopletes-kemap-1.jpg\u00a0\u00bb _builder_version=\u00a0\u00bb3.11.1&Prime; alt=\u00a0\u00bbChalumeaux Kemap 1&Prime; title_text=\u00a0\u00bbChalumeaux Kemap 1&Prime;][\/et_pb_image][\/et_pb_column][et_pb_column type=\u00a0\u00bb1_3&Prime; _builder_version=\u00a0\u00bb3.0.47&Prime; parallax=\u00a0\u00bboff\u00a0\u00bb parallax_method=\u00a0\u00bbon\u00a0\u00bb][et_pb_text _builder_version=\u00a0\u00bb3.8.1&Prime; text_font=\u00a0\u00bb||||||||\u00a0\u00bb text_font_size=\u00a0\u00bb18px\u00a0\u00bb]Chalumeau professionnel avec un allumage pi\u00e9zo-\u00e9lectrique, flamme de tourbillon calorifique, design ergonomique, corps en aluminium, syst\u00e8me de blocage pour flamme continue.<br \/>\nArt. 1062 \/ 1062 E<br \/>\n[\/et_pb_text][\/et_pb_column][et_pb_column type=\u00a0\u00bb1_6&Prime; _builder_version=\u00a0\u00bb3.0.47&Prime; parallax=\u00a0\u00bboff\u00a0\u00bb parallax_method=\u00a0\u00bbon\u00a0\u00bb][et_pb_image src=\u00a0\u00bbhttps:\/\/gdaparatos.com\/wp-content\/uploads\/2018\/07\/sopletes-kemap-2.jpg\u00a0\u00bb _builder_version=\u00a0\u00bb3.11.1&Prime; alt=\u00a0\u00bbChalumeaux Kemap 2&Prime; title_text=\u00a0\u00bbChalumeaux Kemap 2&Prime;][\/et_pb_image][\/et_pb_column][et_pb_column type=\u00a0\u00bb1_3&Prime; _builder_version=\u00a0\u00bb3.0.47&Prime; parallax=\u00a0\u00bboff\u00a0\u00bb parallax_method=\u00a0\u00bbon\u00a0\u00bb][et_pb_text _builder_version=\u00a0\u00bb3.8.1&Prime; text_font=\u00a0\u00bb||||||||\u00a0\u00bb text_font_size=\u00a0\u00bb18px\u00a0\u00bb]Chalumeau professionnel \u201cKEMPOMATIC\u201d pour brasage et soudage tendre; pi\u00e9zo-\u00e9lectrique, flamme ajustable, syst\u00e8me anti-retour, deux buses interchangeables etbloqueur pour flamme.<br \/>\nArt. 1064 \/ 1064 E.<br \/>\n[\/et_pb_text][\/et_pb_column][\/et_pb_row][et_pb_row _builder_version=\u00a0\u00bb3.0.48&Prime; background_size=\u00a0\u00bbinitial\u00a0\u00bb background_position=\u00a0\u00bbtop_left\u00a0\u00bb background_repeat=\u00a0\u00bbrepeat\u00a0\u00bb][et_pb_column type=\u00a0\u00bb1_6&Prime; _builder_version=\u00a0\u00bb3.0.47&Prime; parallax=\u00a0\u00bboff\u00a0\u00bb parallax_method=\u00a0\u00bbon\u00a0\u00bb][et_pb_image src=\u00a0\u00bbhttps:\/\/gdaparatos.com\/wp-content\/uploads\/2018\/07\/sopletes-kemap-3.jpg\u00a0\u00bb _builder_version=\u00a0\u00bb3.11.1&Prime; alt=\u00a0\u00bbChalumeaux Kemap 3&Prime; title_text=\u00a0\u00bbChalumeaux Kemap 3&Prime;][\/et_pb_image][\/et_pb_column][et_pb_column type=\u00a0\u00bb1_3&Prime; _builder_version=\u00a0\u00bb3.0.47&Prime; parallax=\u00a0\u00bboff\u00a0\u00bb parallax_method=\u00a0\u00bbon\u00a0\u00bb][et_pb_text _builder_version=\u00a0\u00bb3.8.1&Prime; text_font=\u00a0\u00bb||||||||\u00a0\u00bb text_font_size=\u00a0\u00bb18px\u00a0\u00bb]Chalumeau professionnel avec poign\u00e9e ergonomique et pi\u00e9zo, flamme ajustable et deux buses interchangeables avec l\u2019art.1064.<br \/>\nArt. 1063 \/ 1063 E<br \/>\n[\/et_pb_text][\/et_pb_column][et_pb_column type=\u00a0\u00bb1_6&Prime; _builder_version=\u00a0\u00bb3.0.47&Prime; parallax=\u00a0\u00bboff\u00a0\u00bb parallax_method=\u00a0\u00bbon\u00a0\u00bb][et_pb_image src=\u00a0\u00bbhttps:\/\/gdaparatos.com\/wp-content\/uploads\/2018\/07\/sopletes-kemap-4.jpg\u00a0\u00bb _builder_version=\u00a0\u00bb3.11.1&Prime; alt=\u00a0\u00bbChalumeaux Kemap 4&Prime; title_text=\u00a0\u00bbChalumeaux Kemap 4&Prime;][\/et_pb_image][\/et_pb_column][et_pb_column type=\u00a0\u00bb1_3&Prime; _builder_version=\u00a0\u00bb3.0.47&Prime; parallax=\u00a0\u00bboff\u00a0\u00bb parallax_method=\u00a0\u00bbon\u00a0\u00bb][et_pb_text _builder_version=\u00a0\u00bb3.8.1&Prime; text_font=\u00a0\u00bb||||||||\u00a0\u00bb text_font_size=\u00a0\u00bb18px\u00a0\u00bb]Chalumeau professionnel \u201cROTAFLAME\u201d pour soudage et autres applications avec bras rotatif \u00e0 360\u00ba dot\u00e9 d\u2019un syst\u00e8me anti-retour, r\u00e9gulateur de pression de laiton. Flamme de tourbillon qui garantit un chauffage homog\u00e8ne.<br \/>\n Art. 1066 \/ 1066 E<br \/>\n[\/et_pb_text][\/et_pb_column][\/et_pb_row][et_pb_row _builder_version=\u00a0\u00bb3.8.1&Prime;][et_pb_column type=\u00a0\u00bb1_3&Prime; _builder_version=\u00a0\u00bb3.0.47&Prime; parallax=\u00a0\u00bboff\u00a0\u00bb parallax_method=\u00a0\u00bbon\u00a0\u00bb][et_pb_image src=\u00a0\u00bbhttps:\/\/gdaparatos.com\/wp-content\/uploads\/2018\/07\/sopletes-kemap-5.jpg\u00a0\u00bb align=\u00a0\u00bbcenter\u00a0\u00bb _builder_version=\u00a0\u00bb3.11.1&Prime; alt=\u00a0\u00bbKit SOUDEUR\u00a0\u00bb title_text=\u00a0\u00bbKit SOUDEUR\u00a0\u00bb][\/et_pb_image][et_pb_text _builder_version=\u00a0\u00bb3.8.1&Prime;]<\/p>\n<p style=\"text-align: center;\"><strong>Kit SOUDEUR:<\/strong><br \/> Chalumeau 1062<br \/> 2 cartouches KEMAP vis<br \/> Am\u00e9ricaine<br \/> Kit de PVC.<br \/> Art. 1062 \/ 1062 E KIT<\/p>\n<p>[\/et_pb_text][\/et_pb_column][et_pb_column type=\u00a0\u00bb1_3&Prime; _builder_version=\u00a0\u00bb3.0.47&Prime; parallax=\u00a0\u00bboff\u00a0\u00bb parallax_method=\u00a0\u00bbon\u00a0\u00bb][et_pb_image src=\u00a0\u00bbhttps:\/\/gdaparatos.com\/wp-content\/uploads\/2018\/07\/sopletes-kemap-6.jpg\u00a0\u00bb align=\u00a0\u00bbcenter\u00a0\u00bb _builder_version=\u00a0\u00bb3.11.1&Prime; alt=\u00a0\u00bbKit KEMPOMATIC\u00a0\u00bb title_text=\u00a0\u00bbKit KEMPOMATIC\u00a0\u00bb][\/et_pb_image][et_pb_text _builder_version=\u00a0\u00bb3.8.1&Prime;]<\/p>\n<p style=\"text-align: center;\"><strong>Kit KEMPOMATIC:<\/strong><br \/> Chalumeau 1064<br \/> 2 cartouches KEMAP vis<br \/> Europ\u00e9ennes<br \/> Kit de PVC.<br \/> Art. 1064 \/ 1064 E KIT<\/p>\n<p>[\/et_pb_text][\/et_pb_column][et_pb_column type=\u00a0\u00bb1_3&Prime; _builder_version=\u00a0\u00bb3.0.47&Prime; parallax=\u00a0\u00bboff\u00a0\u00bb parallax_method=\u00a0\u00bbon\u00a0\u00bb][et_pb_image src=\u00a0\u00bbhttps:\/\/gdaparatos.com\/wp-content\/uploads\/2018\/07\/sopletes-kemap-7.jpg\u00a0\u00bb align=\u00a0\u00bbcenter\u00a0\u00bb _builder_version=\u00a0\u00bb3.11.1&Prime; alt=\u00a0\u00bbKit OXIGAS\u00a0\u00bb title_text=\u00a0\u00bbKit OXIGAS\u00a0\u00bb][\/et_pb_image][et_pb_text _builder_version=\u00a0\u00bb3.8.1&Prime;]<\/p>\n<p style=\"text-align: center;\"><strong>Kit OXIGAS:<\/strong><br \/> R\u00e9ducteurs de pression<br \/> Valves anti-retour<br \/> 1,5m de double tuyaux avec<br \/> deux buses<br \/> Cartouches d\u2019oxyg\u00e8ne et<br \/> KEMAP<br \/> Lunettes et Support.<br \/> Art. 555 K<\/p>\n<p>[\/et_pb_text][\/et_pb_column][\/et_pb_row][\/et_pb_section][et_pb_section fb_built=\u00a0\u00bb1&Prime; module_class=\u00a0\u00bbenlaces\u00a0\u00bb _builder_version=\u00a0\u00bb3.8.1&Prime; background_color=\u00a0\u00bb#f7f7f7&Prime; use_background_color_gradient=\u00a0\u00bbon\u00a0\u00bb background_color_gradient_start=\u00a0\u00bb#4CAF50&Prime; background_color_gradient_end=\u00a0\u00bb#388E3C\u00a0\u00bb background_color_gradient_direction=\u00a0\u00bb1deg\u00a0\u00bb background_color_gradient_overlays_image=\u00a0\u00bbon\u00a0\u00bb background_image=\u00a0\u00bbhttps:\/\/gdaparatos.com\/wp-content\/uploads\/2018\/06\/coding-background-texture.jpg\u00a0\u00bb background_blend=\u00a0\u00bboverlay\u00a0\u00bb][et_pb_row _builder_version=\u00a0\u00bb3.8.1&Prime;][et_pb_column type=\u00a0\u00bb2_3&Prime; _builder_version=\u00a0\u00bb3.0.47&Prime; parallax=\u00a0\u00bboff\u00a0\u00bb parallax_method=\u00a0\u00bbon\u00a0\u00bb][et_pb_text _builder_version=\u00a0\u00bb3.8.1&Prime; text_font=\u00a0\u00bb||||||||\u00a0\u00bb text_text_color=\u00a0\u00bb#ffffff\u00a0\u00bb text_font_size=\u00a0\u00bb27px\u00a0\u00bb text_line_height=\u00a0\u00bb1.9em\u00a0\u00bb]<\/p>\n<p>Vous pouvez voir et t\u00e9l\u00e9charger les informations sur cette page au format pdf en cliquant sur le bouton<\/p>\n<p>[\/et_pb_text][\/et_pb_column][et_pb_column type=\u00a0\u00bb1_3&Prime; _builder_version=\u00a0\u00bb3.0.47&Prime; parallax=\u00a0\u00bboff\u00a0\u00bb parallax_method=\u00a0\u00bbon\u00a0\u00bb][et_pb_button button_url=\u00a0\u00bbhttps:\/\/gdaparatos.com\/wp-content\/uploads\/2018\/08\/CHALUMEAUX-KEMAP_INFORMATION-DU-PRODUIT1.pdf\u00a0\u00bb url_new_window=\u00a0\u00bbon\u00a0\u00bb button_text=\u00a0\u00bbVoir et t\u00e9l\u00e9charger en PDF\u00a0\u00bb button_alignment=\u00a0\u00bbright\u00a0\u00bb _builder_version=\u00a0\u00bb3.11.1&Prime; custom_button=\u00a0\u00bbon\u00a0\u00bb button_bg_color=\u00a0\u00bb#ffffff\u00a0\u00bb button_border_color=\u00a0\u00bb#ffffff\u00a0\u00bb button_font=\u00a0\u00bb||||||||\u00a0\u00bb custom_margin=\u00a0\u00bb50px|||\u00a0\u00bb][\/et_pb_button][\/et_pb_column][\/et_pb_row][\/et_pb_section][et_pb_section fb_built=\u00a0\u00bb1&Prime; admin_label=\u00a0\u00bbFooter\u00a0\u00bb _builder_version=\u00a0\u00bb3.8.1&Prime; custom_padding=\u00a0\u00bb0px|0px|0px|0px\u00a0\u00bb animation_direction=\u00a0\u00bbbottom\u00a0\u00bb saved_tabs=\u00a0\u00bball\u00a0\u00bb][et_pb_row use_custom_width=\u00a0\u00bbon\u00a0\u00bb width_unit=\u00a0\u00bboff\u00a0\u00bb custom_width_percent=\u00a0\u00bb100%\u00a0\u00bb use_custom_gutter=\u00a0\u00bbon\u00a0\u00bb gutter_width=\u00a0\u00bb2&Prime; custom_padding=\u00a0\u00bb100px||100px|\u00a0\u00bb custom_margin=\u00a0\u00bb0px|||\u00a0\u00bb _builder_version=\u00a0\u00bb3.11.1&Prime; background_size=\u00a0\u00bbinitial\u00a0\u00bb background_position=\u00a0\u00bbtop_left\u00a0\u00bb background_repeat=\u00a0\u00bbrepeat\u00a0\u00bb background_blend=\u00a0\u00bboverlay\u00a0\u00bb][et_pb_column type=\u00a0\u00bb1_6&Prime; _builder_version=\u00a0\u00bb3.0.47&Prime; parallax=\u00a0\u00bboff\u00a0\u00bb parallax_method=\u00a0\u00bbon\u00a0\u00bb][\/et_pb_column][et_pb_column type=\u00a0\u00bb1_3&Prime; _builder_version=\u00a0\u00bb3.0.47&Prime; parallax=\u00a0\u00bboff\u00a0\u00bb parallax_method=\u00a0\u00bbon\u00a0\u00bb][et_pb_text _builder_version=\u00a0\u00bb3.8.1&Prime; header_font=\u00a0\u00bb||||||||\u00a0\u00bb header_2_font=\u00a0\u00bb||||||||\u00a0\u00bb header_2_font_size=\u00a0\u00bb32px\u00a0\u00bb header_3_font=\u00a0\u00bb||||||||\u00a0\u00bb header_3_line_height=\u00a0\u00bb2em\u00a0\u00bb]<\/p>\n<h2 style=\"text-align: left;\">As-tu un doute?<\/h2>\n<h3>Si vous avez besoin d&rsquo;aide, n&rsquo;h\u00e9sitez pas \u00e0 nous contacter<\/h3>\n<p>Contactez-nous via ce formulaire de contact. Si vous pr\u00e9f\u00e9rez dans la section contact ou pied de page, vous pouvez trouver diff\u00e9rentes fa\u00e7ons de r\u00e9pondre \u00e0 vos questions.<\/p>\n<p>[\/et_pb_text][\/et_pb_column][et_pb_column type=\u00a0\u00bb1_3&Prime; _builder_version=\u00a0\u00bb3.0.47&Prime; parallax=\u00a0\u00bboff\u00a0\u00bb parallax_method=\u00a0\u00bbon\u00a0\u00bb][et_pb_contact_form email=\u00a0\u00bbweb@gdaparatos.com\u00a0\u00bb custom_message=\u00a0\u00bbNombre :: %%Name%%||et_pb_line_break_holder||Email: %%Email%%||et_pb_line_break_holder||Mensaje: %%Message%%\u00a0\u00bb success_message=\u00a0\u00bbMerci de nous contacter\u00a0\u00bb submit_button_text=\u00a0\u00bbEnvoyer\u00a0\u00bb module_id=\u00a0\u00bbet_pb_contact_form_0&Prime; _builder_version=\u00a0\u00bb3.11.1&Prime; custom_button=\u00a0\u00bbon\u00a0\u00bb button_use_icon=\u00a0\u00bboff\u00a0\u00bb saved_tabs=\u00a0\u00bball\u00a0\u00bb][et_pb_contact_field field_id=\u00a0\u00bbName\u00a0\u00bb field_title=\u00a0\u00bbNom\u00a0\u00bb _builder_version=\u00a0\u00bb3.11.1&Prime; border_radii=\u00a0\u00bbon||||\u00a0\u00bb][\/et_pb_contact_field][et_pb_contact_field field_id=\u00a0\u00bbEmail\u00a0\u00bb field_title=\u00a0\u00bbEmail\u00a0\u00bb field_type=\u00a0\u00bbemail\u00a0\u00bb _builder_version=\u00a0\u00bb3.11.1&Prime; border_radii=\u00a0\u00bbon||||\u00a0\u00bb][\/et_pb_contact_field][et_pb_contact_field field_id=\u00a0\u00bbMessage\u00a0\u00bb field_title=\u00a0\u00bbMessage\u00a0\u00bb field_type=\u00a0\u00bbtext\u00a0\u00bb fullwidth_field=\u00a0\u00bbon\u00a0\u00bb _builder_version=\u00a0\u00bb3.11.1&Prime; border_radii=\u00a0\u00bbon||||\u00a0\u00bb][\/et_pb_contact_field][et_pb_contact_field field_id=\u00a0\u00bbField_4&Prime; field_title=\u00a0\u00bbPolitique\u00a0\u00bb field_type=\u00a0\u00bbcheckbox\u00a0\u00bb checkbox_options=\u00a0\u00bb%91{%22value%22:%22Politique%22,%22checked%22:0}%93&Prime; _builder_version=\u00a0\u00bb3.11.1&Prime;][\/et_pb_contact_field][\/et_pb_contact_form][et_pb_code _builder_version=\u00a0\u00bb3.11.1&Prime;]&lt;script type=&quot;text\/javascript&quot;&gt;&lt;!&#8211; [et_pb_line_break_holder] &#8211;&gt;jQuery(function($){&lt;!&#8211; [et_pb_line_break_holder] &#8211;&gt; $(&quot;.et_pb_contact_field_checkbox label&quot;).html(&quot;&lt;i&gt;&lt;\/i&gt;Accepter&lt;a href=&#039;https:\/\/gdaparatos.com\/fr\/avis-juridique\/&#039; target=&#039;_blank&#039; style=&#039;color:green&#039;&gt; &lt;strong&gt;Politique de protection des donn\u00e9es&lt;\/strong&gt;&lt;\/a&gt;&quot;);&lt;!&#8211; [et_pb_line_break_holder] &#8211;&gt;});&lt;!&#8211; [et_pb_line_break_holder] &#8211;&gt;&lt;\/script&gt;[\/et_pb_code][\/et_pb_column][et_pb_column type=\u00a0\u00bb1_6&Prime; _builder_version=\u00a0\u00bb3.0.47&Prime; parallax=\u00a0\u00bboff\u00a0\u00bb parallax_method=\u00a0\u00bbon\u00a0\u00bb][\/et_pb_column][\/et_pb_row][\/et_pb_section]<\/p>\n","protected":false},"excerpt":{"rendered":"<p>&lt;span style=&quot;color:white!important&quot;&gt;<nav aria-label=\"breadcrumbs\">\n            <div class=\"breadcrumb-container theme2\">\n                <ol>\n                                    <\/ol>\n            <\/div>\n        <\/nav>    <script type=\"application\/ld+json\">\n        {\n            \"@context\": \"http:\/\/schema.org\",\n            \"@type\": \"BreadcrumbList\",\n            \"itemListElement\": [\n                            ]\n        }\n    <\/script>\n   \n    <script>\n            <\/script>\n&lt;\/span&gt;Chalumeau professionnel avec un allumage pi\u00e9zo-\u00e9lectrique, flamme de tourbillon calorifique, design ergonomique, corps en aluminium, syst\u00e8me de blocage pour flamme continue. Art. 1062 \/ 1062 E Chalumeau professionnel \u201cKEMPOMATIC\u201d pour brasage et soudage tendre; pi\u00e9zo-\u00e9lectrique, flamme ajustable, syst\u00e8me anti-retour, deux buses interchangeables etbloqueur pour flamme. Art. 1064 \/ 1064 E. Chalumeau professionnel avec poign\u00e9e [&hellip;]<\/p>\n","protected":false},"author":6,"featured_media":0,"parent":3907,"menu_order":0,"comment_status":"closed","ping_status":"closed","template":"","meta":{"_et_pb_use_builder":"on","_et_pb_old_content":"","_et_gb_content_width":"","footnotes":""},"class_list":["post-4357","page","type-page","status-publish","hentry"],"_links":{"self":[{"href":"https:\/\/gdaparatos.com\/fr\/wp-json\/wp\/v2\/pages\/4357","targetHints":{"allow":["GET"]}}],"collection":[{"href":"https:\/\/gdaparatos.com\/fr\/wp-json\/wp\/v2\/pages"}],"about":[{"href":"https:\/\/gdaparatos.com\/fr\/wp-json\/wp\/v2\/types\/page"}],"author":[{"embeddable":true,"href":"https:\/\/gdaparatos.com\/fr\/wp-json\/wp\/v2\/users\/6"}],"replies":[{"embeddable":true,"href":"https:\/\/gdaparatos.com\/fr\/wp-json\/wp\/v2\/comments?post=4357"}],"version-history":[{"count":0,"href":"https:\/\/gdaparatos.com\/fr\/wp-json\/wp\/v2\/pages\/4357\/revisions"}],"up":[{"embeddable":true,"href":"https:\/\/gdaparatos.com\/fr\/wp-json\/wp\/v2\/pages\/3907"}],"wp:attachment":[{"href":"https:\/\/gdaparatos.com\/fr\/wp-json\/wp\/v2\/media?parent=4357"}],"curies":[{"name":"wp","href":"https:\/\/api.w.org\/{rel}","templated":true}]}}