{"id":16078,"date":"2022-06-13T07:00:15","date_gmt":"2022-06-13T07:00:15","guid":{"rendered":"https:\/\/gdaparatos.com\/condiciones-comerciales\/"},"modified":"2022-06-13T10:29:48","modified_gmt":"2022-06-13T10:29:48","slug":"conditions-de-vente","status":"publish","type":"page","link":"https:\/\/gdaparatos.com\/fr\/conditions-de-vente\/","title":{"rendered":"CONDITIONS DE VENTE"},"content":{"rendered":"<p>[et_pb_section fb_built=\u00a0\u00bb1&Prime; _builder_version=\u00a0\u00bb4.16&Prime; background_color=\u00a0\u00bb#3c934c\u00a0\u00bb custom_margin=\u00a0\u00bb0px||0px|\u00a0\u00bb custom_padding=\u00a0\u00bb0px||0px|\u00a0\u00bb border_style_all=\u00a0\u00bbnone\u00a0\u00bb border_width_top=\u00a0\u00bb2px\u00a0\u00bb border_color_top=\u00a0\u00bb#ffffff\u00a0\u00bb global_colors_info=\u00a0\u00bb{}\u00a0\u00bb][et_pb_row _builder_version=\u00a0\u00bb4.16&Prime; custom_margin=\u00a0\u00bb0px||0px|\u00a0\u00bb custom_padding=\u00a0\u00bb0px||0px|\u00a0\u00bb global_colors_info=\u00a0\u00bb{}\u00a0\u00bb][et_pb_column type=\u00a0\u00bb4_4&Prime; _builder_version=\u00a0\u00bb4.16&Prime; custom_padding=\u00a0\u00bb|||\u00a0\u00bb global_colors_info=\u00a0\u00bb{}\u00a0\u00bb custom_padding__hover=\u00a0\u00bb|||\u00a0\u00bb][et_pb_code _builder_version=\u00a0\u00bb4.16&Prime; custom_margin=\u00a0\u00bb0px||0px|\u00a0\u00bb custom_padding=\u00a0\u00bb0px||0px|\u00a0\u00bb global_colors_info=\u00a0\u00bb{}\u00a0\u00bb]<span style=\"color:white!important\"><nav aria-label=\"breadcrumbs\">\n            <div class=\"breadcrumb-container theme2\">\n                <ol>\n                                    <\/ol>\n            <\/div>\n        <\/nav>    <script type=\"application\/ld+json\">\n        {\n            \"@context\": \"http:\/\/schema.org\",\n            \"@type\": \"BreadcrumbList\",\n            \"itemListElement\": [\n                            ]\n        }\n    <\/script>\n   \n    <script>\n            <\/script>\n<\/span>[\/et_pb_code][\/et_pb_column][\/et_pb_row][\/et_pb_section][et_pb_section fb_built=\u00a0\u00bb1&Prime; admin_label=\u00a0\u00bbContact Info\u00a0\u00bb _builder_version=\u00a0\u00bb4.16&Prime; custom_padding=\u00a0\u00bb90px||90px|\u00a0\u00bb locked=\u00a0\u00bboff\u00a0\u00bb global_colors_info=\u00a0\u00bb{}\u00a0\u00bb][et_pb_row _builder_version=\u00a0\u00bb4.17.4&Prime; _module_preset=\u00a0\u00bbdefault\u00a0\u00bb global_colors_info=\u00a0\u00bb{}\u00a0\u00bb][et_pb_column type=\u00a0\u00bb4_4&Prime; _builder_version=\u00a0\u00bb4.17.4&Prime; _module_preset=\u00a0\u00bbdefault\u00a0\u00bb global_colors_info=\u00a0\u00bb{}\u00a0\u00bb][et_pb_text _builder_version=\u00a0\u00bb4.17.4&Prime; _module_preset=\u00a0\u00bbdefault\u00a0\u00bb header_font=\u00a0\u00bb|700|||||||\u00a0\u00bb header_text_align=\u00a0\u00bbcenter\u00a0\u00bb header_text_color=\u00a0\u00bb#467a23&Prime; global_colors_info=\u00a0\u00bb{}\u00a0\u00bb]<\/p>\n<h1 style=\"text-align: center;\">CONDITIONS DE VENTE<br \/>\n<\/h1>\n<p>[\/et_pb_text][et_pb_divider color=\u00a0\u00bb#467a23&Prime; divider_weight=\u00a0\u00bb3px\u00a0\u00bb _builder_version=\u00a0\u00bb4.17.4&Prime; _module_preset=\u00a0\u00bbdefault\u00a0\u00bb width=\u00a0\u00bb20%\u00a0\u00bb module_alignment=\u00a0\u00bbcenter\u00a0\u00bb global_colors_info=\u00a0\u00bb{}\u00a0\u00bb][\/et_pb_divider][\/et_pb_column][\/et_pb_row][et_pb_row _builder_version=\u00a0\u00bb4.16&Prime; background_size=\u00a0\u00bbinitial\u00a0\u00bb background_position=\u00a0\u00bbtop_left\u00a0\u00bb background_repeat=\u00a0\u00bbrepeat\u00a0\u00bb global_colors_info=\u00a0\u00bb{}\u00a0\u00bb][et_pb_column type=\u00a0\u00bb4_4&Prime; _builder_version=\u00a0\u00bb4.16&Prime; custom_padding=\u00a0\u00bb|||\u00a0\u00bb global_colors_info=\u00a0\u00bb{}\u00a0\u00bb custom_padding__hover=\u00a0\u00bb|||\u00a0\u00bb][et_pb_text _builder_version=\u00a0\u00bb4.17.4&Prime; header_font=\u00a0\u00bb|700|||||||\u00a0\u00bb header_text_color=\u00a0\u00bb#467a23&Prime; hover_enabled=\u00a0\u00bb0&Prime; global_colors_info=\u00a0\u00bb{}\u00a0\u00bb sticky_enabled=\u00a0\u00bb0&Prime;]<\/p>\n<p><strong>Commande minimum:<\/strong><\/p>\n<p>Les commandes inf\u00e9rieures \u00e0 100 \u20ac g\u00e9n\u00e8rent des frais de gestion de 10 \u20ac.<\/p>\n<p><strong>Modalit\u00e9s de paiement:<\/strong><\/p>\n<p>Le d\u00e9lai de paiement sera d&rsquo;avance.<\/p>\n<p><strong>Politique de retour:<\/strong><\/p>\n<p>Les retours ne seront pas accept\u00e9s apr\u00e8s 30 jours \u00e0 compter de l&rsquo;acquisition de la marchandise.<\/p>\n<p>Le mat\u00e9riel \u00e0 retourner ne doit pas avoir \u00e9t\u00e9 install\u00e9 ni manipul\u00e9.<\/p>\n<p>Les retours seront effectu\u00e9s en port pay\u00e9 \u00e0 l&rsquo;adresse indiqu\u00e9e par GD dans chaque cas.<\/p>\n<p>Tout article retourn\u00e9 g\u00e9n\u00e8re des frais de 20% de son montant.<\/p>\n<p>Le montant de la facture corrective occasionn\u00e9e par le retour de mat\u00e9riel sera cr\u00e9dit\u00e9 sur le compte du client disponible pour les commandes ult\u00e9rieures; elle ne sera en aucun cas d\u00e9duite du montant \u00e0 r\u00e9gler \u00e0 l&rsquo;\u00e9ch\u00e9ance de la facture g\u00e9n\u00e9r\u00e9e lors de la livraison des mat\u00e9riels \u00e0 restituer.<\/p>\n<p><strong>DES GAZ:<\/strong><\/p>\n<p>Lors d&rsquo;une commande de remplacement, les emballages vides doivent \u00eatre mis \u00e0 la disposition de GD.<\/p>\n<p>La non livraison d\u2019emballages ou la livraison en nombre inf\u00e9rieur \u00e0 ceux livr\u00e9s engendrera une caution ou des frais de location selon le cas.<\/p>\n<p>Si la collecte des emballages vides ne peut \u00eatre effectu\u00e9e \u00e0 l&rsquo;arriv\u00e9e du transporteur, des frais seront g\u00e9n\u00e9r\u00e9s pour la collecte manqu\u00e9e.<\/p>\n<p><strong>D\u00e9p\u00f4ts:<\/strong><\/p>\n<p>La caution des emballages Chemtane 2 p\u00e9rim\u00e9s lors de leur restitution d\u00e9finitive ne sera pas restitu\u00e9e.<\/p>\n<p>[\/et_pb_text][\/et_pb_column][\/et_pb_row][\/et_pb_section]<\/p>\n","protected":false},"excerpt":{"rendered":"<p><nav aria-label=\"breadcrumbs\">\n            <div class=\"breadcrumb-container theme2\">\n                <ol>\n                                    <\/ol>\n            <\/div>\n        <\/nav>    <script type=\"application\/ld+json\">\n        {\n            \"@context\": \"http:\/\/schema.org\",\n            \"@type\": \"BreadcrumbList\",\n            \"itemListElement\": [\n                            ]\n        }\n    <\/script>\n   \n    <script>\n            <\/script>\nCONDITIONS DE VENTE Commande minimum: Les commandes inf\u00e9rieures \u00e0 100 \u20ac g\u00e9n\u00e8rent des frais de gestion de 10 \u20ac. Modalit\u00e9s de paiement: Le d\u00e9lai de paiement sera d&rsquo;avance. Politique de retour: Les retours ne seront pas accept\u00e9s apr\u00e8s 30 jours \u00e0 compter de l&rsquo;acquisition de la marchandise. Le mat\u00e9riel \u00e0 retourner ne doit pas avoir [&hellip;]<\/p>\n","protected":false},"author":6,"featured_media":0,"parent":0,"menu_order":0,"comment_status":"closed","ping_status":"closed","template":"","meta":{"_et_pb_use_builder":"on","_et_pb_old_content":"","_et_gb_content_width":"","footnotes":""},"class_list":["post-16078","page","type-page","status-publish","hentry"],"_links":{"self":[{"href":"https:\/\/gdaparatos.com\/fr\/wp-json\/wp\/v2\/pages\/16078","targetHints":{"allow":["GET"]}}],"collection":[{"href":"https:\/\/gdaparatos.com\/fr\/wp-json\/wp\/v2\/pages"}],"about":[{"href":"https:\/\/gdaparatos.com\/fr\/wp-json\/wp\/v2\/types\/page"}],"author":[{"embeddable":true,"href":"https:\/\/gdaparatos.com\/fr\/wp-json\/wp\/v2\/users\/6"}],"replies":[{"embeddable":true,"href":"https:\/\/gdaparatos.com\/fr\/wp-json\/wp\/v2\/comments?post=16078"}],"version-history":[{"count":0,"href":"https:\/\/gdaparatos.com\/fr\/wp-json\/wp\/v2\/pages\/16078\/revisions"}],"wp:attachment":[{"href":"https:\/\/gdaparatos.com\/fr\/wp-json\/wp\/v2\/media?parent=16078"}],"curies":[{"name":"wp","href":"https:\/\/api.w.org\/{rel}","templated":true}]}}