{"id":4920,"date":"2018-08-02T15:00:34","date_gmt":"2018-08-02T15:00:34","guid":{"rendered":"http:\/\/grasadepalma.com\/gdaparatos\/?page_id=4920"},"modified":"2021-07-02T10:12:58","modified_gmt":"2021-07-02T10:12:58","slug":"links","status":"publish","type":"page","link":"https:\/\/gdaparatos.com\/en\/links\/","title":{"rendered":"Links"},"content":{"rendered":"<p>[et_pb_section bb_built=&#8221;1&#8243; _builder_version=&#8221;3.8.1&#8243; background_color=&#8221;#3c934c&#8221; border_style_all=&#8221;none&#8221; border_width_top=&#8221;2px&#8221; border_color_top=&#8221;#ffffff&#8221; custom_margin=&#8221;0px||0px|&#8221; custom_padding=&#8221;0px||0px|&#8221; next_background_color=&#8221;#ffffff&#8221;][et_pb_row custom_padding=&#8221;0px||0px|&#8221; custom_margin=&#8221;0px||0px|&#8221; _builder_version=&#8221;3.8.1&#8243;][et_pb_column type=&#8221;4_4&#8243;][et_pb_code _builder_version=&#8221;3.8.1&#8243; custom_margin=&#8221;0px||0px|&#8221; custom_padding=&#8221;0px||0px|&#8221;]&lt;span style=&quot;color:white!important&quot;&gt;<nav aria-label=\"breadcrumbs\">\n            <div class=\"breadcrumb-container theme2\">\n                <ol>\n                                    <\/ol>\n            <\/div>\n        <\/nav>    <script type=\"application\/ld+json\">\n        {\n            \"@context\": \"http:\/\/schema.org\",\n            \"@type\": \"BreadcrumbList\",\n            \"itemListElement\": [\n                            ]\n        }\n    <\/script>\n   \n    <script>\n            <\/script>\n&lt;\/span&gt;[\/et_pb_code][\/et_pb_column][\/et_pb_row][\/et_pb_section][et_pb_section bb_built=&#8221;1&#8243; admin_label=&#8221;Contact Info&#8221; _builder_version=&#8221;3.0.65&#8243; custom_padding=&#8221;90px||90px|&#8221; locked=&#8221;off&#8221; prev_background_color=&#8221;#3c934c&#8221; next_background_color=&#8221;#000000&#8243;][et_pb_row custom_width_px=&#8221;710px&#8221; background_position_1=&#8221;top_left&#8221; background_repeat_1=&#8221;no-repeat&#8221; _builder_version=&#8221;3.0.65&#8243;][et_pb_column type=&#8221;4_4&#8243;][et_pb_divider color=&#8221;#409b44&#8243; divider_weight=&#8221;3px&#8221; height=&#8221;5px&#8221; disabled_on=&#8221;off|off|off&#8221; _builder_version=&#8221;3.8.1&#8243; background_color_gradient_direction=&#8221;90deg&#8221; max_width=&#8221;100px&#8221; module_alignment=&#8221;center&#8221; custom_margin=&#8221;||20px|&#8221; custom_padding=&#8221;||20px|&#8221; animation_style=&#8221;slide&#8221; animation_direction=&#8221;bottom&#8221; saved_tabs=&#8221;all&#8221; locked=&#8221;off&#8221; \/][et_pb_text admin_label=&#8221;Contact Section Title&#8221; _builder_version=&#8221;3.8.1&#8243; header_font=&#8221;Montserrat||||&#8221; header_text_color=&#8221;#1f1f1f&#8221; header_font_size=&#8221;36px&#8221; text_orientation=&#8221;center&#8221; max_width=&#8221;710px&#8221; module_alignment=&#8221;center&#8221; animation_style=&#8221;fold&#8221; animation_direction=&#8221;bottom&#8221; animation_intensity_fold=&#8221;20%&#8221;]<\/p>\n<h1>Interesting links<\/h1>\n<p>[\/et_pb_text][et_pb_text admin_label=&#8221;Contact Section Subtitle&#8221; _builder_version=&#8221;3.8.1&#8243; text_line_height=&#8221;1.9em&#8221; text_orientation=&#8221;center&#8221; max_width=&#8221;710px&#8221; module_alignment=&#8221;center&#8221; animation_style=&#8221;fold&#8221; animation_direction=&#8221;bottom&#8221; animation_intensity_fold=&#8221;20%&#8221;]<\/p>\n<p>Some interesting links:<\/p>\n<p>[\/et_pb_text][\/et_pb_column][\/et_pb_row][et_pb_row custom_padding=&#8221;80px|||&#8221; background_position_1=&#8221;top_left&#8221; background_position_2=&#8221;top_left&#8221; background_position_3=&#8221;top_left&#8221; background_repeat_1=&#8221;no-repeat&#8221; background_repeat_2=&#8221;no-repeat&#8221; background_repeat_3=&#8221;no-repeat&#8221; _builder_version=&#8221;3.0.65&#8243; background_size=&#8221;initial&#8221; background_position=&#8221;top_left&#8221; background_repeat=&#8221;repeat&#8221; locked=&#8221;off&#8221;][et_pb_column type=&#8221;4_4&#8243;][et_pb_accordion open_toggle_text_color=&#8221;#ffffff&#8221; open_toggle_background_color=&#8221;#409b44&#8243; closed_toggle_text_color=&#8221;#ffffff&#8221; closed_toggle_background_color=&#8221;#409b44&#8243; icon_color=&#8221;#ffffff&#8221; _builder_version=&#8221;3.8.1&#8243; body_font=&#8221;||||||||&#8221; body_text_color=&#8221;#ffffff&#8221; toggle_level=&#8221;h4&#8243; toggle_font=&#8221;|700|||||||&#8221; toggle_font_size=&#8221;19px&#8221; toggle_letter_spacing=&#8221;1px&#8221; custom_margin=&#8221;|||&#8221; custom_padding=&#8221;|||&#8221;][et_pb_accordion_item title=&#8221;vacio&#8221; open=&#8221;on&#8221; _builder_version=&#8221;3.8.1&#8243; title_text_shadow_horizontal_length=&#8221;0em&#8221; title_text_shadow_vertical_length=&#8221;0em&#8221; title_text_shadow_blur_strength=&#8221;0em&#8221; body_text_shadow_horizontal_length=&#8221;0em&#8221; body_text_shadow_vertical_length=&#8221;0em&#8221; body_text_shadow_blur_strength=&#8221;0em&#8221; custom_css_main_element=&#8221;display:none;&#8221;][\/et_pb_accordion_item][et_pb_accordion_item title=&#8221;CHEMTANE 2&#8243; open=&#8221;off&#8221; icon_color=&#8221;#ffffff&#8221; _builder_version=&#8221;3.8.1&#8243; title_text_shadow_horizontal_length=&#8221;0em&#8221; title_text_shadow_vertical_length=&#8221;0em&#8221; title_text_shadow_blur_strength=&#8221;0em&#8221; body_text_shadow_horizontal_length=&#8221;0em&#8221; body_text_shadow_vertical_length=&#8221;0em&#8221; body_text_shadow_blur_strength=&#8221;0em&#8221; custom_margin=&#8221;5px||5px|&#8221;]<\/p>\n<p><a style=\"color:white;font-weight:bold;font-style:italic\" href=\"https:\/\/www.chemtaneenergy.com\/\" target=\"_blank\" rel=\"nofollow noopener\">www.chemtaneenergy.com<\/a><span>\u00a0[English]<\/span><\/p>\n<p>[\/et_pb_accordion_item][et_pb_accordion_item title=&#8221;GASES LICUADOS DEL PETR\u00d3LEO (GLP) MINISTERIO DE INDUSTRIA, TURISMO Y COMERCIO.&#8221; open=&#8221;off&#8221; icon_color=&#8221;#ffffff&#8221; _builder_version=&#8221;3.8.1&#8243; title_text_shadow_horizontal_length=&#8221;0em&#8221; title_text_shadow_vertical_length=&#8221;0em&#8221; title_text_shadow_blur_strength=&#8221;0em&#8221; body_text_shadow_horizontal_length=&#8221;0em&#8221; body_text_shadow_vertical_length=&#8221;0em&#8221; body_text_shadow_blur_strength=&#8221;0em&#8221; custom_margin=&#8221;5px||5px|&#8221;]Secretar\u00eda General de Energ\u00eda \u2013 Direcci\u00f3n General de Pol\u00edtica Energ\u00e9tica y Minas<\/p>\n<p><a target=\"_blank\" rel=\"nofollow noopener\">http:\/\/www.minetur.gob.es\/energia\/GLP<\/a>\u00a0[Espa\u00f1ol][\/et_pb_accordion_item][et_pb_accordion_item title=&#8221;ASOCIACI\u00d3N ESPA\u00d1OLA DE OPERADORES DE GASES LICUADOS DEL PETR\u00d3LEO (AOGLP).&#8221; open=&#8221;off&#8221; icon_color=&#8221;#ffffff&#8221; _builder_version=&#8221;3.8.1&#8243; title_text_shadow_horizontal_length=&#8221;0em&#8221; title_text_shadow_vertical_length=&#8221;0em&#8221; title_text_shadow_blur_strength=&#8221;0em&#8221; body_text_shadow_horizontal_length=&#8221;0em&#8221; body_text_shadow_vertical_length=&#8221;0em&#8221; body_text_shadow_blur_strength=&#8221;0em&#8221; custom_margin=&#8221;5px||5px|&#8221;]<\/p>\n<p><a href=\"https:\/\/www.aoglp.com\/\" style=\"color:white;font-weight:bold;font-style:italic\" target=\"_blank\" rel=\"nofollow noopener\">aoglp<\/a><span>\u00a0[Espa\u00f1ol]<\/span><\/p>\n<p>[\/et_pb_accordion_item][et_pb_accordion_item title=&#8221;EUROPEAN LPG ASSOCIATION.&#8221; open=&#8221;off&#8221; icon_color=&#8221;#ffffff&#8221; _builder_version=&#8221;3.8.1&#8243; title_text_shadow_horizontal_length=&#8221;0em&#8221; title_text_shadow_vertical_length=&#8221;0em&#8221; title_text_shadow_blur_strength=&#8221;0em&#8221; body_text_shadow_horizontal_length=&#8221;0em&#8221; body_text_shadow_vertical_length=&#8221;0em&#8221; body_text_shadow_blur_strength=&#8221;0em&#8221; custom_margin=&#8221;5px||5px|&#8221;]<span><a style=\"color: white; font-weight: bold; font-style: italic;\" href=\"https:\/\/www.aegpl.eu\/\" target=\"_blank\" rel=\"nofollow noopener\">http:\/\/www.aegpl.eu\/<\/a>\u00a0[English]<\/span>[\/et_pb_accordion_item][et_pb_accordion_item title=&#8221;UNI\u00d3 PATRONAL METAL \u00b7 L\u00daRGICA.&#8221; open=&#8221;off&#8221; icon_color=&#8221;#ffffff&#8221; _builder_version=&#8221;3.8.1&#8243; title_text_shadow_horizontal_length=&#8221;0em&#8221; title_text_shadow_vertical_length=&#8221;0em&#8221; title_text_shadow_blur_strength=&#8221;0em&#8221; body_text_shadow_horizontal_length=&#8221;0em&#8221; body_text_shadow_vertical_length=&#8221;0em&#8221; body_text_shadow_blur_strength=&#8221;0em&#8221; custom_margin=&#8221;5px||5px|&#8221;]<span><a style=\"color: white; font-weight: bold; font-style: italic;\" href=\"https:\/\/upm.org\/\" target=\"_blank\" rel=\"nofollow noopener\">http:\/\/www.upm.org\/<\/a>\u00a0[Catal\u00e0] [Espa\u00f1ol]<\/span>[\/et_pb_accordion_item][et_pb_accordion_item title=&#8221;ASOCIACI\u00d3N ESPA\u00d1OLA DE SOLDADURA Y TECNOLOG\u00cdAS DE UNI\u00d3N.&#8221; open=&#8221;off&#8221; icon_color=&#8221;#ffffff&#8221; _builder_version=&#8221;3.8.1&#8243; title_text_shadow_horizontal_length=&#8221;0em&#8221; title_text_shadow_vertical_length=&#8221;0em&#8221; title_text_shadow_blur_strength=&#8221;0em&#8221; body_text_shadow_horizontal_length=&#8221;0em&#8221; body_text_shadow_vertical_length=&#8221;0em&#8221; body_text_shadow_blur_strength=&#8221;0em&#8221; custom_margin=&#8221;5px||5px|&#8221;]<span><a href=\"http:\/\/cesol.es\/wordpress\/\" target=\"_blank\" rel=\"nofollow noopener\" style=\"color: white; font-weight: bold; font-style: italic;\">http:\/\/cesol.es\/wordpress<\/a>\u00a0[Espa\u00f1ol]<\/span>[\/et_pb_accordion_item][et_pb_accordion_item title=&#8221;THE EUROPEAN FEDERATION FOR WELDING, JOINING AND CUTTING (EWF).&#8221; open=&#8221;off&#8221; icon_color=&#8221;#ffffff&#8221; _builder_version=&#8221;3.8.1&#8243; title_text_shadow_horizontal_length=&#8221;0em&#8221; title_text_shadow_vertical_length=&#8221;0em&#8221; title_text_shadow_blur_strength=&#8221;0em&#8221; body_text_shadow_horizontal_length=&#8221;0em&#8221; body_text_shadow_vertical_length=&#8221;0em&#8221; body_text_shadow_blur_strength=&#8221;0em&#8221; custom_margin=&#8221;5px||5px|&#8221;]<span><a style=\"color: white; font-weight: bold; font-style: italic;\" href=\"https:\/\/www.european-welding.org\/\" target=\"_blank\" rel=\"nofollow noopener\">http:\/\/www.european-welding.org<\/a>\u00a0[English]<\/span>[\/et_pb_accordion_item][et_pb_accordion_item title=&#8221;ECONOMIE D\u2019\u00c9NERGIE : LE GPL.&#8221; open=&#8221;off&#8221; icon_color=&#8221;#ffffff&#8221; _builder_version=&#8221;3.8.1&#8243; title_text_shadow_horizontal_length=&#8221;0em&#8221; title_text_shadow_vertical_length=&#8221;0em&#8221; title_text_shadow_blur_strength=&#8221;0em&#8221; body_text_shadow_horizontal_length=&#8221;0em&#8221; body_text_shadow_vertical_length=&#8221;0em&#8221; body_text_shadow_blur_strength=&#8221;0em&#8221; custom_margin=&#8221;5px||5px|&#8221;]<span><a style=\"color: white; font-weight: bold; font-style: italic;\" href=\"https:\/\/www.cfbp.fr\/\" target=\"_blank\" rel=\"nofollow noopener\">http:\/\/www.cfbp.fr<\/a>\u00a0[Fran\u00e7ais]<\/span>[\/et_pb_accordion_item][\/et_pb_accordion][\/et_pb_column][\/et_pb_row][\/et_pb_section][et_pb_section bb_built=&#8221;1&#8243; admin_label=&#8221;Footer&#8221; _builder_version=&#8221;3.8.1&#8243; custom_padding=&#8221;0px|0px|0px|0px&#8221; animation_direction=&#8221;bottom&#8221; saved_tabs=&#8221;all&#8221; prev_background_color=&#8221;#000000&#8243;][et_pb_row use_custom_width=&#8221;on&#8221; width_unit=&#8221;off&#8221; custom_width_percent=&#8221;100%&#8221; use_custom_gutter=&#8221;on&#8221; gutter_width=&#8221;2&#8243; custom_padding=&#8221;100px||100px|&#8221; custom_margin=&#8221;0px|||&#8221; _builder_version=&#8221;3.11.1&#8243; background_size=&#8221;initial&#8221; background_position=&#8221;top_left&#8221; background_repeat=&#8221;repeat&#8221; background_blend=&#8221;overlay&#8221;][et_pb_column type=&#8221;1_6&#8243;][\/et_pb_column][et_pb_column type=&#8221;1_3&#8243;][et_pb_text _builder_version=&#8221;3.8.1&#8243; header_2_font_size=&#8221;32px&#8221; header_3_line_height=&#8221;2em&#8221;]<\/p>\n<h2 style=\"text-align: left;\">Do you have any doubt?<\/h2>\n<h3>If you need help do not hesitate to contact us<\/h3>\n<p>Contact us through this contact form. If you prefer in the contact section or footer you can find different ways to answer your questions.<\/p>\n<p>[\/et_pb_text][\/et_pb_column][et_pb_column type=&#8221;1_3&#8243;][et_pb_contact_form module_id=&#8221;et_pb_contact_form_0&#8243; _builder_version=&#8221;3.11.1&#8243; submit_button_text=&#8221;Submit&#8221; email=&#8221;web@gdaparatos.com&#8221; custom_message=&#8221;Name: %%Name%%||et_pb_line_break_holder||||et_pb_line_break_holder||Email: %%Email%%||et_pb_line_break_holder||||et_pb_line_break_holder||Message: %%Message%%&#8221; success_message=&#8221;Thank you for contacting us&#8221; custom_button=&#8221;on&#8221; button_use_icon=&#8221;off&#8221;][et_pb_contact_field field_id=&#8221;Name&#8221; field_title=&#8221;Name&#8221; _builder_version=&#8221;3.11.1&#8243; field_type=&#8221;input&#8221; checkbox_checked=&#8221;off&#8221; checkbox_options=&#8221;%91{%22value%22:%22Name%22,%22checked%22:0}%93&#8243; radio_options=&#8221;%91{%22value%22:%22Name%22,%22checked%22:0}%93&#8243; select_options=&#8221;%91{%22value%22:%22Name%22,%22checked%22:0}%93&#8243; min_length=&#8221;0&#8243; max_length=&#8221;0&#8243; allowed_symbols=&#8221;all&#8221; required_mark=&#8221;on&#8221; conditional_logic=&#8221;off&#8221; conditional_logic_relation=&#8221;off&#8221; conditional_logic_rules=&#8221;%91{%22field%22:%22email%22,%22condition%22:%22is%22,%22value%22:%22%22}%93&#8243; use_background_color_gradient=&#8221;off&#8221; background_color_gradient_start=&#8221;#2b87da&#8221; background_color_gradient_end=&#8221;#29c4a9&#8243; background_color_gradient_type=&#8221;linear&#8221; background_color_gradient_direction=&#8221;180deg&#8221; background_color_gradient_direction_radial=&#8221;center&#8221; background_color_gradient_start_position=&#8221;0%&#8221; background_color_gradient_end_position=&#8221;100%&#8221; background_color_gradient_overlays_image=&#8221;off&#8221; parallax=&#8221;off&#8221; parallax_method=&#8221;on&#8221; background_size=&#8221;cover&#8221; background_position=&#8221;center&#8221; background_repeat=&#8221;no-repeat&#8221; background_blend=&#8221;normal&#8221; allow_player_pause=&#8221;off&#8221; background_video_pause_outside_viewport=&#8221;on&#8221; fullwidth_field=&#8221;off&#8221; form_field_text_shadow_style=&#8221;none&#8221; box_shadow_style=&#8221;none&#8221; \/][et_pb_contact_field field_id=&#8221;Email&#8221; field_title=&#8221;Email&#8221; field_type=&#8221;email&#8221; _builder_version=&#8221;3.11.1&#8243; border_radii=&#8221;on||||&#8221; \/][et_pb_contact_field field_id=&#8221;Message&#8221; field_title=&#8221;Message&#8221; field_type=&#8221;text&#8221; fullwidth_field=&#8221;on&#8221; _builder_version=&#8221;3.11.1&#8243; border_radii=&#8221;on||||&#8221; \/][et_pb_contact_field _builder_version=&#8221;3.11.1&#8243; field_id=&#8221;Field_4&#8243; field_title=&#8221;Legal warning&#8221; field_type=&#8221;checkbox&#8221; checkbox_checked=&#8221;off&#8221; checkbox_options=&#8221;%91{%22value%22:%22Legal warning%22,%22checked%22:0}%93&#8243; radio_options=&#8221;%91{%22value%22:%22%22,%22checked%22:0}%93&#8243; select_options=&#8221;%91{%22value%22:%22%22,%22checked%22:0}%93&#8243; min_length=&#8221;0&#8243; max_length=&#8221;0&#8243; allowed_symbols=&#8221;all&#8221; required_mark=&#8221;on&#8221; conditional_logic=&#8221;off&#8221; conditional_logic_relation=&#8221;off&#8221; conditional_logic_rules=&#8221;%91{%22field%22:%22name%22,%22condition%22:%22is%22,%22value%22:%22%22}%93&#8243; use_background_color_gradient=&#8221;off&#8221; background_color_gradient_start=&#8221;#2b87da&#8221; background_color_gradient_end=&#8221;#29c4a9&#8243; background_color_gradient_type=&#8221;linear&#8221; background_color_gradient_direction=&#8221;180deg&#8221; background_color_gradient_direction_radial=&#8221;center&#8221; background_color_gradient_start_position=&#8221;0%&#8221; background_color_gradient_end_position=&#8221;100%&#8221; background_color_gradient_overlays_image=&#8221;off&#8221; parallax=&#8221;off&#8221; parallax_method=&#8221;on&#8221; background_size=&#8221;cover&#8221; background_position=&#8221;center&#8221; background_repeat=&#8221;no-repeat&#8221; background_blend=&#8221;normal&#8221; allow_player_pause=&#8221;off&#8221; background_video_pause_outside_viewport=&#8221;on&#8221; fullwidth_field=&#8221;off&#8221; form_field_text_shadow_style=&#8221;none&#8221; box_shadow_style=&#8221;none&#8221; \/][\/et_pb_contact_form][et_pb_code _builder_version=&#8221;3.11.1&#8243;]&lt;script type=&quot;text\/javascript&quot;&gt;&lt;!&#8211; [et_pb_line_break_holder] &#8211;&gt;jQuery(function($){&lt;!&#8211; [et_pb_line_break_holder] &#8211;&gt; $(&quot;.et_pb_contact_field_checkbox label&quot;).html(&quot;&lt;i&gt;&lt;\/i&gt;Accept&lt;a href=&#x27;https:\/\/gdaparatos.com\/en\/legal-warning-about-this-page\/&#x27; target=&#x27;_blank&#x27; style=&#x27;color:green;&#x27;&gt; &lt;strong&gt; Legal warning about this page&lt;\/strong&gt;&lt;\/a&gt;&quot;);&lt;!&#8211; [et_pb_line_break_holder] &#8211;&gt;});&lt;!&#8211; [et_pb_line_break_holder] &#8211;&gt;&lt;\/script&gt;[\/et_pb_code][\/et_pb_column][et_pb_column type=&#8221;1_6&#8243;][\/et_pb_column][\/et_pb_row][\/et_pb_section]<\/p>\n","protected":false},"excerpt":{"rendered":"<p>&lt;span style=&quot;color:white!important&quot;&gt;<nav aria-label=\"breadcrumbs\">\n            <div class=\"breadcrumb-container theme2\">\n                <ol>\n                                    <\/ol>\n            <\/div>\n        <\/nav>    <script type=\"application\/ld+json\">\n        {\n            \"@context\": \"http:\/\/schema.org\",\n            \"@type\": \"BreadcrumbList\",\n            \"itemListElement\": [\n                            ]\n        }\n    <\/script>\n   \n    <script>\n            <\/script>\n&lt;\/span&gt; Interesting links Some interesting links: www.chemtaneenergy.com\u00a0[English] Secretar\u00eda General de Energ\u00eda \u2013 Direcci\u00f3n General de Pol\u00edtica Energ\u00e9tica y Minas http:\/\/www.minetur.gob.es\/energia\/GLP\u00a0[Espa\u00f1ol]aoglp\u00a0[Espa\u00f1ol] http:\/\/www.aegpl.eu\/\u00a0[English]http:\/\/www.upm.org\/\u00a0[Catal\u00e0] [Espa\u00f1ol]http:\/\/cesol.es\/wordpress\u00a0[Espa\u00f1ol]http:\/\/www.european-welding.org\u00a0[English]http:\/\/www.cfbp.fr\u00a0[Fran\u00e7ais] Do you have any doubt? If you need help do not hesitate to contact us Contact us through this contact form. If you prefer in the contact section or footer you can [&hellip;]<\/p>\n","protected":false},"author":6,"featured_media":0,"parent":0,"menu_order":0,"comment_status":"closed","ping_status":"closed","template":"","meta":{"_et_pb_use_builder":"on","_et_pb_old_content":"","_et_gb_content_width":"","footnotes":""},"class_list":["post-4920","page","type-page","status-publish","hentry"],"_links":{"self":[{"href":"https:\/\/gdaparatos.com\/en\/wp-json\/wp\/v2\/pages\/4920","targetHints":{"allow":["GET"]}}],"collection":[{"href":"https:\/\/gdaparatos.com\/en\/wp-json\/wp\/v2\/pages"}],"about":[{"href":"https:\/\/gdaparatos.com\/en\/wp-json\/wp\/v2\/types\/page"}],"author":[{"embeddable":true,"href":"https:\/\/gdaparatos.com\/en\/wp-json\/wp\/v2\/users\/6"}],"replies":[{"embeddable":true,"href":"https:\/\/gdaparatos.com\/en\/wp-json\/wp\/v2\/comments?post=4920"}],"version-history":[{"count":0,"href":"https:\/\/gdaparatos.com\/en\/wp-json\/wp\/v2\/pages\/4920\/revisions"}],"wp:attachment":[{"href":"https:\/\/gdaparatos.com\/en\/wp-json\/wp\/v2\/media?parent=4920"}],"curies":[{"name":"wp","href":"https:\/\/api.w.org\/{rel}","templated":true}]}}