{"id":4637,"date":"2018-07-02T10:04:06","date_gmt":"2018-07-02T10:04:06","guid":{"rendered":"http:\/\/grasadepalma.com\/gdaparatos\/?page_id=4637"},"modified":"2019-09-27T08:09:35","modified_gmt":"2019-09-27T08:09:35","slug":"cookies-policy","status":"publish","type":"page","link":"https:\/\/gdaparatos.com\/en\/cookies-policy\/","title":{"rendered":"Cookies policy"},"content":{"rendered":"<p>[et_pb_section fb_built=&#8221;1&#8243; _builder_version=&#8221;3.22&#8243; background_color=&#8221;#3c934c&#8221; border_style_all=&#8221;none&#8221; border_width_top=&#8221;2px&#8221; border_color_top=&#8221;#ffffff&#8221; custom_margin=&#8221;0px||0px|&#8221; custom_padding=&#8221;0px||0px|&#8221; fb_built=&#8221;1&#8243; _i=&#8221;0&#8243; _address=&#8221;0&#8243;][et_pb_row _builder_version=&#8221;3.25&#8243; custom_margin=&#8221;0px||0px|&#8221; custom_padding=&#8221;0px||0px|&#8221; _i=&#8221;0&#8243; _address=&#8221;0.0&#8243;][et_pb_column type=&#8221;4_4&#8243; _builder_version=&#8221;3.25&#8243; custom_padding=&#8221;|||&#8221; _i=&#8221;0&#8243; _address=&#8221;0.0.0&#8243; custom_padding__hover=&#8221;|||&#8221;][et_pb_code custom_margin=&#8221;0px||0px|&#8221; custom_padding=&#8221;0px||0px|&#8221; _i=&#8221;0&#8243; _address=&#8221;0.0.0.0&#8243;]<span style=\"color:white!important\"><nav aria-label=\"breadcrumbs\">\n            <div class=\"breadcrumb-container theme2\">\n                <ol>\n                                    <\/ol>\n            <\/div>\n        <\/nav>    <script type=\"application\/ld+json\">\n        {\n            \"@context\": \"http:\/\/schema.org\",\n            \"@type\": \"BreadcrumbList\",\n            \"itemListElement\": [\n                            ]\n        }\n    <\/script>\n   \n    <script>\n            <\/script>\n<\/span>[\/et_pb_code][\/et_pb_column][\/et_pb_row][\/et_pb_section][et_pb_section fb_built=&#8221;1&#8243; admin_label=&#8221;Contact Info&#8221; _builder_version=&#8221;3.22&#8243; custom_padding=&#8221;90px||90px|&#8221; locked=&#8221;off&#8221; fb_built=&#8221;1&#8243; _i=&#8221;1&#8243; _address=&#8221;1&#8243;][et_pb_row _builder_version=&#8221;3.25&#8243; custom_width_px=&#8221;710px&#8221; _i=&#8221;0&#8243; _address=&#8221;1.0&#8243;][et_pb_column type=&#8221;4_4&#8243; _builder_version=&#8221;3.25&#8243; background_position=&#8221;top_left&#8221; custom_padding=&#8221;|||&#8221; _i=&#8221;0&#8243; _address=&#8221;1.0.0&#8243; custom_padding__hover=&#8221;|||&#8221;][et_pb_divider color=&#8221;#409b44&#8243; divider_weight=&#8221;3px&#8221; disabled_on=&#8221;off|off|off&#8221; _builder_version=&#8221;3.8.1&#8243; background_color_gradient_direction=&#8221;90deg&#8221; max_width=&#8221;100px&#8221; module_alignment=&#8221;center&#8221; height=&#8221;5px&#8221; custom_margin=&#8221;||20px|&#8221; custom_padding=&#8221;||20px|&#8221; animation_style=&#8221;slide&#8221; animation_direction=&#8221;bottom&#8221; saved_tabs=&#8221;all&#8221; locked=&#8221;off&#8221; _i=&#8221;0&#8243; _address=&#8221;1.0.0.0&#8243;][\/et_pb_divider][et_pb_text admin_label=&#8221;Contact Section Title&#8221; _builder_version=&#8221;3.27.4&#8243; header_font=&#8221;Montserrat||||&#8221; header_text_color=&#8221;#1f1f1f&#8221; header_font_size=&#8221;36px&#8221; text_orientation=&#8221;center&#8221; max_width=&#8221;710px&#8221; module_alignment=&#8221;center&#8221; animation_style=&#8221;fold&#8221; animation_direction=&#8221;bottom&#8221; animation_intensity_fold=&#8221;20%&#8221; _i=&#8221;1&#8243; _address=&#8221;1.0.0.1&#8243;]<\/p>\n<h1>Cookies policy<\/h1>\n<p>[\/et_pb_text][et_pb_text admin_label=&#8221;Contact Section Subtitle&#8221; _builder_version=&#8221;3.27.4&#8243; text_line_height=&#8221;1.9em&#8221; text_orientation=&#8221;center&#8221; max_width=&#8221;710px&#8221; module_alignment=&#8221;center&#8221; animation_style=&#8221;fold&#8221; animation_direction=&#8221;bottom&#8221; animation_intensity_fold=&#8221;20%&#8221; _i=&#8221;2&#8243; _address=&#8221;1.0.0.2&#8243;]<\/p>\n<p>Next we inform that it is a cookies and so that they are used in a website. You can also get information on how to eliminate them<\/p>\n<p>[\/et_pb_text][et_pb_divider color=&#8221;#409b44&#8243; divider_weight=&#8221;3px&#8221; disabled_on=&#8221;off|off|off&#8221; _builder_version=&#8221;3.8.1&#8243; background_color_gradient_direction=&#8221;90deg&#8221; max_width=&#8221;100px&#8221; module_alignment=&#8221;center&#8221; height=&#8221;5px&#8221; custom_margin=&#8221;||20px|&#8221; custom_padding=&#8221;||20px|&#8221; animation_style=&#8221;slide&#8221; animation_direction=&#8221;bottom&#8221; saved_tabs=&#8221;all&#8221; _i=&#8221;3&#8243; _address=&#8221;1.0.0.3&#8243;][\/et_pb_divider][\/et_pb_column][\/et_pb_row][\/et_pb_section][et_pb_section fb_built=&#8221;1&#8243; _builder_version=&#8221;3.22&#8243; custom_margin=&#8221;0px|||&#8221; custom_padding=&#8221;0px|||&#8221; fb_built=&#8221;1&#8243; _i=&#8221;2&#8243; _address=&#8221;2&#8243;][et_pb_row _builder_version=&#8221;3.25&#8243; custom_margin=&#8221;0px|||&#8221; custom_padding=&#8221;0px|||&#8221; _i=&#8221;0&#8243; _address=&#8221;2.0&#8243;][et_pb_column type=&#8221;4_4&#8243; _builder_version=&#8221;3.25&#8243; custom_padding=&#8221;|||&#8221; _i=&#8221;0&#8243; _address=&#8221;2.0.0&#8243; custom_padding__hover=&#8221;|||&#8221;][et_pb_text _builder_version=&#8221;3.27.4&#8243; custom_margin=&#8221;0px|||&#8221; custom_padding=&#8221;0px|||&#8221; hover_enabled=&#8221;0&#8243; _i=&#8221;0&#8243; _address=&#8221;2.0.0.0&#8243;]<\/p>\n<h2 class=\"p1\"><b>WHAT ARE COOKIES?<\/b><\/h2>\n<p class=\"p2\"><b><\/b><\/p>\n<p class=\"p1\">Cookies are small data files that are received at the terminal from the website visited and used to record certain interactions browsing a Web site storing data that can be retrieved and updated. These files are stored on the user&#8217;s computer and contains anonymous data that are not harmful to your computer. They are used to remember the user preferences such as preferred language, login or customization of the page.<\/p>\n<p class=\"p1\">Cookies can also be used to record anonymous information about how a visitor uses a site. For example, from which website is accessed, or has used a &#8220;banner&#8221; advertising to reach.<\/p>\n<p class=\"p2\">\n<h2 class=\"p1\"><b>WHY DO WE USE COOKIES?<\/b><\/h2>\n<p class=\"p2\"><b><\/b><\/p>\n<p class=\"p1\"><b>GD APARATOS Y ACCESORIOS PARA GAS, SL <\/b>strictly necessary and essential uses cookies to use our sites and allow you to move freely use secure areas, custom settings, etc. In addition, <b>GD APARATOS Y ACCESORIOS PARA GAS, SL <\/b>uses cookies to collect data relating to the analysis of web usage. These are used to help improve the customer service, measuring the use and performance of the site, to optimize and customize it.<\/p>\n<p class=\"p1\">Our sites also may contain links to social networks (like Facebook or Twitter). <b>GD APARATOS Y ACCESORIOS PARA GAS, SL <\/b>does not control the cookies used by these external websites. For more information about cookies and other social networking websites of others, we suggest reviewing their own policies cookies.<\/p>\n<p class=\"p2\">\n<p class=\"p1\">This website uses &#8220;cookies&#8221; as follows:<\/p>\n<p class=\"p2\">\n<p class=\"p1\">\u2022 Cookie Analytics: Google Analytics is a free service offered by Google Inc. and includes information about the web pages accessed, what time, what<span class=\"Apple-converted-space\">\u00a0 <\/span>Web browser, etc. Later, this information is sent to Google&#8217;s servers Inc. United States.<\/p>\n<p class=\"p2\">\n<p class=\"p1\">\u2022 Cookies application &#8220;Add-this&#8221;: Add-this is a free service that lets you share pages of this website by different means (email, social networks, etc.). Add-this compiles statistical information about your browsing to provide advertising adapted to your browsing habits on this site or elsewhere.<\/p>\n<p class=\"p2\">\n<h2 class=\"p1\"><b>\u00a0WHAT USE DO WE GIVE TO THE DIFFERENT TYPES OF COOKIES?<\/b><\/h2>\n<p class=\"p2\"><b><\/b><\/p>\n<p class=\"p1\"><b>According to its purpose:<\/b><\/p>\n<p class=\"p2\"><b><\/b><\/p>\n<p class=\"p1\"><b>\u2022 Technical Cookies<\/b>: Cookies those techniques are essential and strictly necessary for the proper functioning of a website and the use of different options and services. For example, the ones that serve to maintain the session management, response time, performance and validation options, use of security features, sharing with social networks, etc.<\/p>\n<p class=\"p2\">\n<p class=\"p1\"><b>\u2022 Customization Cookies<\/b>: These cookies allow the user to specify or customize some features of the settings on the website, for example, set the language, locale and browser type.<\/p>\n<p class=\"p2\">\n<p class=\"p1\"><b>\u2022 Analytical Cookies<\/b>: Analytical Cookies are used by our web portal, to develop navigation profiles and to know the user preferences to improve the range of products and services. For example, using a cookie analytic can control the geographical areas of interest to a user, which is the product of more acceptance, etc.<\/p>\n<p class=\"p2\">\n<p class=\"p1\"><b>\u2022 Cookies publicity \/ advertising<\/b>: advertising cookies allow the management of advertising space based on specific criteria. For example, the frequency of access, content editing, etc. Advertising Cookies allow through advertising management storing behaviour information through observing habits, student access and forming a profile of the user&#8217;s preferences to provide advertisements about your interests profile.<\/p>\n<p class=\"p2\">\n<p class=\"p1\"><b>According to its term:<\/b><\/p>\n<p class=\"p2\"><b><\/b><\/p>\n<p class=\"p1\"><b>\u2022 Session Cookies<\/b>: Session cookies are those that last as long as the user is browsing the website and are deleted in the term.<\/p>\n<p class=\"p2\">\n<p class=\"p1\"><b>\u2022 Persistent Cookies<\/b>: These cookies are stored on the user&#8217;s computer for a longer time, thus facilitating control of the preferences chosen without having to repeat certain parameters each time you visit the site.<\/p>\n<p class=\"p2\">\n<h2 class=\"p1\"><b>IF I DO NOT WANT TO HAVE THESE COOKIES OR I DO NOT DO ANYTHING ABOUT IT?<\/b><\/h2>\n<p class=\"p2\"><b><\/b><\/p>\n<p class=\"p1\">To accomplish with current legislation, we have to ask your permission to manage cookies. If you decide not to authorize treatment indicating non-compliance, we would use only technical cookies because they are essential to navigating in our website. In this case, we wouldn\u2019t store any cookie. In the case you continue browsing in our website without refusing the authorization implies accepting its use.<\/p>\n<p class=\"p2\">\n<p class=\"p1\">Note that if you reject or delete cookies from browsing the Web, we can not keep your preferences, some features pages will not be operational, we can not offer personalized services and every time you go to browse our website we will have to ask again your permission for the use of cookies.<\/p>\n<p class=\"p1\">If however, decide to modify the configuration of your access to the website, you should know that it is possible to remove cookies or prevent you registering this information on your computer at any time by changing the settings on your browser:<\/p>\n<p class=\"p2\">\n<p class=\"p1\">\u2022 Cookies configuration of Internet Explorer.<\/p>\n<p class=\"p1\">\u2022 Cookies configuration of Firefox.<\/p>\n<p class=\"p1\">\u2022 Cookies configuration of Google Chrome.<\/p>\n<p class=\"p1\">\u2022 Cookies configurations of Safari.<\/p>\n<p class=\"p2\">\n<p class=\"p1\">These browsers are undergoing upgrades or modifications; we can not guarantee that they fit completely in the browser version. You may also use another browser is not contemplated in these links like Konqueror, Arora, Flock, etc. To avoid these imbalances, you can access directly from your browser options, which is usually the Options menu, in the section &#8220;Privacy.&#8221; (Please see your browser&#8217;s help for more information.)<\/p>\n<p class=\"p2\">\n<h2 class=\"p1\"><b>WHERE CAN I GET MORE INFORMATION?<\/b><\/h2>\n<p class=\"p2\"><b><\/b><\/p>\n<p class=\"p1\">You can find more information about cookies to www.allaboutcookies.org or www.youronlinechoices.eu.<\/p>\n<p class=\"p2\">\n[\/et_pb_text][\/et_pb_column][\/et_pb_row][\/et_pb_section]<\/p>\n","protected":false},"excerpt":{"rendered":"<p><nav aria-label=\"breadcrumbs\">\n            <div class=\"breadcrumb-container theme2\">\n                <ol>\n                                    <\/ol>\n            <\/div>\n        <\/nav>    <script type=\"application\/ld+json\">\n        {\n            \"@context\": \"http:\/\/schema.org\",\n            \"@type\": \"BreadcrumbList\",\n            \"itemListElement\": [\n                            ]\n        }\n    <\/script>\n   \n    <script>\n            <\/script>\nCookies policy Next we inform that it is a cookies and so that they are used in a website. You can also get information on how to eliminate them WHAT ARE COOKIES? Cookies are small data files that are received at the terminal from the website visited and used to record certain interactions browsing a [&hellip;]<\/p>\n","protected":false},"author":6,"featured_media":0,"parent":0,"menu_order":0,"comment_status":"closed","ping_status":"closed","template":"","meta":{"_et_pb_use_builder":"on","_et_pb_old_content":"<h1>Pol\u00edtica de cookies<\/h1>\r\nUna <em>cookie<\/em> es un peque\u00f1o fichero de texto que se almacena en su navegador cuando visita casi cualquier p\u00e1gina web. Su utilidad es que la web sea capaz de recordar su visita cuando vuelva a navegar por esa p\u00e1gina. Las <em>cookies<\/em> suelen almacenar informaci\u00f3n de car\u00e1cter t\u00e9cnico, preferencias personales, personalizaci\u00f3n de contenidos, estad\u00edsticas de uso, enlaces a redes sociales, acceso a cuentas de usuario, etc. El objetivo de la <em>cookie<\/em> es adaptar el contenido de la web a su perfil y necesidades, sin <em>cookies<\/em> los servicios ofrecidos por cualquier p\u00e1gina se ver\u00edan mermados notablemente. Si desea consultar m\u00e1s informaci\u00f3n sobre qu\u00e9 son las <em>cookies<\/em>, qu\u00e9 almacenan, c\u00f3mo eliminarlas, desactivarlas, etc., <a href=\"http:\/\/grasadepalma.com\/gdaparatos\/index.php\/mas-informacion-sobre-las-cookies\/\">le rogamos se dirija a este enlace.<\/a>\r\n<h2>Cookies utilizadas en este sitio web<\/h2>\r\nSiguiendo las directrices de la Agencia Espa\u00f1ola de Protecci\u00f3n de Datos procedemos a detallar el uso de <em>cookies<\/em> que hace esta web con el fin de informarle con la m\u00e1xima exactitud posible.\r\n\r\nEste sitio web utiliza las siguientes <strong>cookies propias<\/strong>:\r\n<ul>\r\n \t<li>Cookies de sesi\u00f3n, para garantizar que los usuarios que escriban comentarios en el blog sean humanos y no aplicaciones automatizadas. De esta forma se combate el <em>spam<\/em>.<\/li>\r\n<\/ul>\r\nEste sitio web utiliza las siguientes <strong>cookies de terceros<\/strong>:\r\n<ul>\r\n \t<li>Google Analytics: Almacena <em>cookies<\/em> para poder elaborar estad\u00edsticas sobre el tr\u00e1fico y volumen de visitas de esta web. Al utilizar este sitio web est\u00e1 consintiendo el tratamiento de informaci\u00f3n acerca de usted por Google. Por tanto, el ejercicio de cualquier derecho en este sentido deber\u00e1 hacerlo comunicando directamente con Google.<\/li>\r\n \t<li>Redes sociales: Cada red social utiliza sus propias <em>cookies<\/em> para que usted pueda pinchar en botones del tipo <em>Me gusta<\/em> o <em>Compartir<\/em>.<\/li>\r\n<\/ul>\r\n<h2>Desactivaci\u00f3n o eliminaci\u00f3n de cookies<\/h2>\r\nEn cualquier momento podr\u00e1 ejercer su derecho de desactivaci\u00f3n o eliminaci\u00f3n de cookies de este sitio web. Estas acciones se realizan de forma diferente en funci\u00f3n del navegador que est\u00e9 usando. <a href=\"http:\/\/grasadepalma.com\/gdaparatos\/index.php\/mas-informacion-sobre-las-cookies\/#navegadores\">Aqu\u00ed le dejamos una gu\u00eda r\u00e1pida para los navegadores m\u00e1s populares<\/a>.\r\n<h2>Notas adicionales<\/h2>\r\n<ul>\r\n \t<li>Ni esta web ni sus representantes legales se hacen responsables ni del contenido ni de la veracidad de las pol\u00edticas de privacidad que puedan tener los terceros mencionados en esta pol\u00edtica de <em>cookies<\/em>.<\/li>\r\n \t<li>Los navegadores web son las herramientas encargadas de almacenar las <em>cookies<\/em> y desde este lugar debe efectuar su derecho a eliminaci\u00f3n o desactivaci\u00f3n de las mismas. Ni esta web ni sus representantes legales pueden garantizar la correcta o incorrecta manipulaci\u00f3n de las <em>cookies<\/em> por parte de los mencionados navegadores.<\/li>\r\n \t<li>En algunos casos es necesario instalar <em>cookies<\/em> para que el navegador no olvide su decisi\u00f3n de no aceptaci\u00f3n de las mismas.<\/li>\r\n \t<li>En el caso de las <em>cookies<\/em> de Google Analytics, esta empresa almacena las <em>cookies<\/em> en servidores ubicados en Estados Unidos y se compromete a no compartirla con terceros, excepto en los casos en los que sea necesario para el funcionamiento del sistema o cuando la ley obligue a tal efecto. Seg\u00fan Google no guarda su direcci\u00f3n IP. Google Inc. es una compa\u00f1\u00eda adherida al Acuerdo de Puerto Seguro que garantiza que todos los datos transferidos ser\u00e1n tratados con un nivel de protecci\u00f3n acorde a la normativa europea. Puede consultar informaci\u00f3n detallada a este respecto <a href=\"http:\/\/safeharbor.export.gov\/companyinfo.aspx?id=16626\" target=\"_blank\" rel=\"noopener\">en este enlace<\/a>. Si desea informaci\u00f3n sobre el uso que Google da a las cookies <a href=\"https:\/\/developers.google.com\/analytics\/devguides\/collection\/analyticsjs\/cookie-usage?hl=es&csw=1\" target=\"_blank\" rel=\"noopener\">le adjuntamos este otro enlace<\/a>.<\/li>\r\n \t<li>Para cualquier duda o consulta acerca de esta pol\u00edtica de <em>cookies<\/em> no dude en comunicarse con nosotros a trav\u00e9s de la secci\u00f3n de contacto.<\/li>\r\n<\/ul>\r\nAsesor de Cookies es un <a href=\"http:\/\/wordpress.org\/plugins\/asesor-cookies-para-la-ley-en-espana\/\" target=\"_blank\" rel=\"noopener\">plugin para WordPress<\/a> creado por Carlos Doral (<a href=\"http:\/\/webartesanal.com\" target=\"_blank\" rel=\"noopener\">webartesanal.com<\/a>)","_et_gb_content_width":"","footnotes":""},"class_list":["post-4637","page","type-page","status-publish","hentry"],"_links":{"self":[{"href":"https:\/\/gdaparatos.com\/en\/wp-json\/wp\/v2\/pages\/4637","targetHints":{"allow":["GET"]}}],"collection":[{"href":"https:\/\/gdaparatos.com\/en\/wp-json\/wp\/v2\/pages"}],"about":[{"href":"https:\/\/gdaparatos.com\/en\/wp-json\/wp\/v2\/types\/page"}],"author":[{"embeddable":true,"href":"https:\/\/gdaparatos.com\/en\/wp-json\/wp\/v2\/users\/6"}],"replies":[{"embeddable":true,"href":"https:\/\/gdaparatos.com\/en\/wp-json\/wp\/v2\/comments?post=4637"}],"version-history":[{"count":0,"href":"https:\/\/gdaparatos.com\/en\/wp-json\/wp\/v2\/pages\/4637\/revisions"}],"wp:attachment":[{"href":"https:\/\/gdaparatos.com\/en\/wp-json\/wp\/v2\/media?parent=4637"}],"curies":[{"name":"wp","href":"https:\/\/api.w.org\/{rel}","templated":true}]}}