{"id":4437,"date":"2018-07-30T09:09:05","date_gmt":"2018-07-30T09:09:05","guid":{"rendered":"http:\/\/grasadepalma.com\/gdaparatos\/?page_id=4437"},"modified":"2018-10-16T16:03:13","modified_gmt":"2018-10-16T16:03:13","slug":"burning-bar","status":"publish","type":"page","link":"https:\/\/gdaparatos.com\/en\/products\/thermal-lance\/burning-bar\/","title":{"rendered":"Burning Bar"},"content":{"rendered":"<p>[et_pb_section fb_built=&#8221;1&#8243; fullwidth=&#8221;on&#8221; module_id=&#8221;titulo&#8221; _builder_version=&#8221;3.8.1&#8243; background_color=&#8221;#4CAF50&#8243; use_background_color_gradient=&#8221;on&#8221; background_color_gradient_start=&#8221;#dddddd&#8221; background_color_gradient_end=&#8221;#eeeeee&#8221; background_color_gradient_direction=&#8221;360deg&#8221; background_image=&#8221;https:\/\/gdaparatos.com\/wp-content\/uploads\/2018\/06\/coding-background-texture.jpg&#8221; background_blend=&#8221;overlay&#8221;][et_pb_fullwidth_header title=&#8221;Burning bar&#8221; subhead=&#8221;Thermal lance&#8221; header_image_url=&#8221;https:\/\/gdaparatos.com\/wp-content\/uploads\/2018\/06\/prod_lanza_termica.jpg&#8221; image_alt_text=&#8221;Burning bar&#8221; image_title=&#8221;Burning bar&#8221; _builder_version=&#8221;3.11.1&#8243; title_font=&#8221;||||||||&#8221; title_text_color=&#8221;#555&#8243; subhead_font=&#8221;||||||||&#8221; subhead_font_size=&#8221;23px&#8221; background_color=&#8221;rgba(255,255,255,0)&#8221; background_layout=&#8221;light&#8221; max_width_tablet=&#8221;50px&#8221; custom_padding=&#8221;|||&#8221;][\/et_pb_fullwidth_header][\/et_pb_section][et_pb_section fb_built=&#8221;1&#8243; _builder_version=&#8221;3.8.1&#8243; background_color=&#8221;#3c934c&#8221; border_style_all=&#8221;none&#8221; border_width_top=&#8221;2px&#8221; border_color_top=&#8221;#ffffff&#8221; custom_margin=&#8221;0px||0px|&#8221; custom_padding=&#8221;0px||0px|&#8221;][et_pb_row custom_padding=&#8221;0px||0px|&#8221; custom_margin=&#8221;0px||0px|&#8221; _builder_version=&#8221;3.8.1&#8243;][et_pb_column type=&#8221;4_4&#8243; _builder_version=&#8221;3.0.47&#8243; parallax=&#8221;off&#8221; parallax_method=&#8221;on&#8221;][et_pb_code _builder_version=&#8221;3.8.1&#8243; custom_margin=&#8221;0px||0px|&#8221; custom_padding=&#8221;0px||0px|&#8221;]&lt;span style=&quot;color:white!important&quot;&gt;<nav aria-label=\"breadcrumbs\">\n            <div class=\"breadcrumb-container theme2\">\n                <ol>\n                                    <\/ol>\n            <\/div>\n        <\/nav>    <script type=\"application\/ld+json\">\n        {\n            \"@context\": \"http:\/\/schema.org\",\n            \"@type\": \"BreadcrumbList\",\n            \"itemListElement\": [\n                            ]\n        }\n    <\/script>\n   \n    <script>\n            <\/script>\n&lt;\/span&gt;[\/et_pb_code][\/et_pb_column][\/et_pb_row][\/et_pb_section][et_pb_section fb_built=&#8221;1&#8243; _builder_version=&#8221;3.0.47&#8243;][et_pb_row _builder_version=&#8221;3.8.1&#8243;][et_pb_column type=&#8221;1_3&#8243; _builder_version=&#8221;3.0.47&#8243; parallax=&#8221;off&#8221; parallax_method=&#8221;on&#8221;][et_pb_image src=&#8221;https:\/\/gdaparatos.com\/wp-content\/uploads\/2018\/07\/Burning-bar.jpg&#8221; alt=&#8221;Burning bar 2&#8243; title_text=&#8221;Burning bar 2&#8243; align=&#8221;center&#8221; _builder_version=&#8221;3.11.1&#8243; max_width=&#8221;65%&#8221; module_alignment=&#8221;center&#8221;][\/et_pb_image][\/et_pb_column][et_pb_column type=&#8221;2_3&#8243; _builder_version=&#8221;3.0.47&#8243; parallax=&#8221;off&#8221; parallax_method=&#8221;on&#8221;][et_pb_text _builder_version=&#8221;3.8.1&#8243; header_font=&#8221;||||||||&#8221; header_3_font=&#8221;||||||||&#8221; header_3_line_height=&#8221;1.7em&#8221;]<\/p>\n<h3 style=\"text-align: center;\"><strong>Now you can handle the biggest jobs quickly and<br \/>quietly without jackhammer<\/strong><\/h3>\n<p><strong><\/strong><\/p>\n<p><strong><\/strong><\/p>\n<p style=\"text-align: justify;\">El sistema Burning Bar corta y funde silenciosamente a trav\u00e9s de los m\u00e1s tenaces y espesos aceros, aceros plaqueados en sandwich, inoxidables, fundiciones de hierro, hormig\u00f3n, granito o incluso aleaciones de plomo tipo kirksite y asbestos o productos y ladrillos refractarios.<\/p>\n<p>[\/et_pb_text][\/et_pb_column][\/et_pb_row][et_pb_row _builder_version=&#8221;3.8.1&#8243;][et_pb_column type=&#8221;1_3&#8243; _builder_version=&#8221;3.0.47&#8243; parallax=&#8221;off&#8221; parallax_method=&#8221;on&#8221;][\/et_pb_column][et_pb_column type=&#8221;1_3&#8243; _builder_version=&#8221;3.0.47&#8243; parallax=&#8221;off&#8221; parallax_method=&#8221;on&#8221;][et_pb_code _builder_version=&#8221;3.8.1&#8243;]&lt;hr&gt;[\/et_pb_code][\/et_pb_column][et_pb_column type=&#8221;1_3&#8243; _builder_version=&#8221;3.0.47&#8243; parallax=&#8221;off&#8221; parallax_method=&#8221;on&#8221;][\/et_pb_column][\/et_pb_row][et_pb_row _builder_version=&#8221;3.8.1&#8243;][et_pb_column type=&#8221;4_4&#8243; _builder_version=&#8221;3.0.47&#8243; parallax=&#8221;off&#8221; parallax_method=&#8221;on&#8221;][et_pb_text _builder_version=&#8221;3.15&#8243;]<\/p>\n<h2>BURNING BAR SYSTEM<\/h2>\n<h3 style=\"text-align: center;\">EXOTERMIC CUTTING SYSTEM ONLY WITH OXYGEN<\/h3>\n<p>[\/et_pb_text][\/et_pb_column][\/et_pb_row][et_pb_row _builder_version=&#8221;3.15&#8243;][et_pb_column type=&#8221;4_4&#8243; _builder_version=&#8221;3.0.47&#8243; parallax=&#8221;off&#8221; parallax_method=&#8221;on&#8221;][et_pb_text _builder_version=&#8221;3.15&#8243;]<\/p>\n<h4><span class=\"et-pb-icon et-waypoint et_pb_animation_top et-animated\" style=\"color: #3c934c; font-size: 30px;\">N<\/span><strong> Description<\/strong><\/h4>\n<p style=\"text-align: justify;\">The Burning Bars are self consuming cutting tools used in a wide variety of industries for cutting most ferrous and nonferrous metals, refractory and concrete.<br \/> Benefits over conventional cutting methods are faster cutting speeds and the ability to cut thick sections as well as rusty or corroded materials<\/p>\n<h4><span class=\"et-pb-icon et-waypoint et_pb_animation_top et-animated\" style=\"color: #3c934c; font-size: 30px;\">N<\/span><strong> W<span style=\"text-transform: lowercase;\">HAT IS THE DIFFERENCE BETWEEN OXY-FUEL AND EXOTHERMIC CUTTING?<\/span><\/strong><\/h4>\n<p style=\"text-align: justify;\">The Oxy-Fuel cutting torch uses a preheat flame to elevate the temperature of the material to be cut to 1500 to 1900 degrees F. When the steel becomes cherry red a high pressure jet of<br \/> oxygen is directed at the pre-heated metal. The result is the metal is rapidly oxidized or it burns. This process works on material that will oxidize. If it will not rust it can not be readily cut with an oxy-fuel system<\/p>\n<p style=\"text-align: justify;\">The Exothermic process also utilizes oxidation. However; the exothermic process uses alloys in the material in the burning bar as the fuel and produces temperatures of 7200 degrees f.<br \/> A Burning Bar consists of an outer steel tube filled with special alloy wire. The exothermic reaction (Oxidation) occurs when the tip of the rod is heated to its kindling temperature (1800 f) and pure oxygen is introduced through the bar. The chemical reaction will continue until the bar is consumed or the oxygen flow is turned off. The only gas required for this cutting operation is pure oxygen. Cutting steel with an exothermic torch requires no preheat or cleaning.<\/p>\n<h4><span class=\"et-pb-icon et-waypoint et_pb_animation_top et-animated\" style=\"color: #3c934c; font-size: 30px;\">N<\/span><strong> What sizes are available?<\/strong><\/h4>\n<p style=\"text-align: justify;\">Oxylance manufactures a variety of Burning Bars, Sure Cut Rods and Underwater Cutting Rods. 10\u20196\u201d Burning Bars are available in Pipe and Tube sizes from .540\u201d O.D. up to 1.05\u201d O.D. The smaller Sure Cut Rods are available in Tube sizes of 1\/4\u201d and 3\/8\u201d O.D. in lengths of 24\u201d, 36\u201d and 48 inches. All tubing is measured by outside diameter and pipe is measured by nominal inside diameter. Oxylance identifies both pipe and tubing by the outside diameter in order to identify the proper holder required for a particular size burning bar.<\/p>\n<h4><span class=\"et-pb-icon et-waypoint et_pb_animation_top et-animated\" style=\"color: #3c934c; font-size: 30px;\">N<\/span><strong> What is the most important part of the equipment?<\/strong><\/h4>\n<p style=\"text-align: justify;\">Other than proper fire proof clothing and eye protection, the most important parts of the system are the Oxygen Supply, Oxygen Hose and Regulator. For most applications involving the large Burning Bars Oxylance recommends 1\/2\u201d hose and a High Flow Regulator with a 1\/2\u201d port on the output side. This eliminates the possibility of flow restriction and ensures proper volume of oxygen to the Burning Bar.<\/p>\n<h4><span class=\"et-pb-icon et-waypoint et_pb_animation_top et-animated\" style=\"color: #3c934c; font-size: 30px;\">N<\/span><strong> What is the most critical part of the process?<\/strong><\/h4>\n<p style=\"text-align: justify;\">The exothermic process relies on OXYGEN VOLUME and PRESSURE. Without proper volume of oxygen the cutting process will not work and creates hazards to the operator. Minimum and maximum volumes and pressures are listed with each size Burning Bar. You MUST supply the minimum volume and pressure for safe efficient operation. For all of the large burning bars you CAN NOT operate them with a single liquid oxygen tank. Please refer to the section on oxygen for proper set up information if liquid Dewars are to be used.<\/p>\n<p>[\/et_pb_text][et_pb_text _builder_version=&#8221;3.15&#8243;]<\/p>\n<hr>\n<p>[\/et_pb_text][\/et_pb_column][\/et_pb_row][et_pb_row _builder_version=&#8221;3.15&#8243;][et_pb_column type=&#8221;1_2&#8243; _builder_version=&#8221;3.15&#8243; parallax=&#8221;off&#8221; parallax_method=&#8221;on&#8221;][et_pb_text _builder_version=&#8221;3.15&#8243;]<center><img decoding=\"async\" src=\"https:\/\/gdaparatos.com\/wp-content\/uploads\/2018\/07\/burning-bar-2.jpg\" alt=\"burning bar\" \/><\/center><\/p>\n<p style=\"text-align: justify; margin: 60px auto;\"><strong>Burning bars are cleaned for oxygen service and must be stored in a manner that prevents them from becoming contaminated by oil, grease or any substance thatwill react with oxygen.<\/strong><\/p>\n<p><img decoding=\"async\" src=\"https:\/\/gdaparatos.com\/wp-content\/uploads\/2018\/07\/Cortando-un-eje-de-turbina.jpg\" alt=\"Cutting a turbine shaft 44 \" 1=\"\" 12=\"\" meters=\"\" in=\"\" diameter=\"\" style=\"display: block; margin-left: auto; margin-right: auto;\" \/><\/p>\n<p style=\"text-align: center;\">Cutting a turbine shaft 44 &#8220;(1.12 meters.) In diameter<\/p>\n<p>&nbsp;<\/p>\n<p>[\/et_pb_text][\/et_pb_column][et_pb_column type=&#8221;1_2&#8243; _builder_version=&#8221;3.15&#8243; parallax=&#8221;off&#8221; parallax_method=&#8221;on&#8221;][et_pb_text _builder_version=&#8221;3.15&#8243;]<center><img decoding=\"async\" src=\"https:\/\/gdaparatos.com\/wp-content\/uploads\/2018\/07\/burning-bar-3.jpg\"  alt=\"Burning bar 3\" \/> <\/center><\/p>\n<h4><span class=\"et-pb-icon et-waypoint et_pb_animation_top et-animated\" style=\"color: #3c934c; font-size: 30px;\">N<\/span><strong> Applications<\/strong><\/h4>\n<ul>\n<li style=\"text-align: justify;\">STEEL MILLS \/ FOUNDRIES Cleaning up metal spills<\/li>\n<li style=\"text-align: justify;\">Opening Tap Holes<\/li>\n<li style=\"text-align: justify;\">Repairing Slag Pots<\/li>\n<li style=\"text-align: justify;\">Cutting Refractory<\/li>\n<li style=\"text-align: justify;\">Cutting Skulls<\/li>\n<li style=\"text-align: justify;\">Cutting Slag<\/li>\n<li style=\"text-align: justify;\">Processing Scrap<\/li>\n<li style=\"text-align: justify;\">Ferrous and Non Ferrous Smelters<\/li>\n<li style=\"text-align: justify;\">POWER PLANTS \/ REFINERIES Removing Boiler Tubes<\/li>\n<li style=\"text-align: justify;\">Remove \/ Replace Precipitators<\/li>\n<li style=\"text-align: justify;\">Removing frozen pins<\/li>\n<li style=\"text-align: justify;\">Repair Large Rollers<\/li>\n<li style=\"text-align: justify;\">Gouging cracks in thick material Cut \/ Pierce Concrete<\/li>\n<li style=\"text-align: justify;\">Cut Laminated material<\/li>\n<li style=\"text-align: justify;\">Cut steel underwater<\/li>\n<li style=\"text-align: justify;\">EMERGENCY \/ RESCUE Train derailments<\/li>\n<li style=\"text-align: justify;\">Breeching Operations<\/li>\n<li style=\"text-align: justify;\">Cutting Burglar Bars<\/li>\n<li style=\"text-align: justify;\">Open doors w\/ hardened deadbolts<\/li>\n<li style=\"text-align: justify;\">Cutting collapsed structures<\/li>\n<li style=\"text-align: justify;\">Cutting Guardrails<\/li>\n<li style=\"text-align: justify;\">Used by Farm Medic teams<\/li>\n<li style=\"text-align: justify;\">Military \/ Police<\/li>\n<\/ul>\n<p><center><img decoding=\"async\" src=\"https:\/\/gdaparatos.com\/wp-content\/uploads\/2018\/07\/corte-completado.jpg\"  alt=\"Temperate cut\" \/><\/p>\n<p>Temperate cut<\/p>\n<p><\/center>[\/et_pb_text][\/et_pb_column][\/et_pb_row][\/et_pb_section][et_pb_section fb_built=&#8221;1&#8243; module_class=&#8221;enlaces&#8221; _builder_version=&#8221;3.8.1&#8243; background_color=&#8221;#f7f7f7&#8243; use_background_color_gradient=&#8221;on&#8221; background_color_gradient_start=&#8221;#4CAF50&#8243; background_color_gradient_end=&#8221;#388E3C&#8221; background_color_gradient_direction=&#8221;1deg&#8221; background_color_gradient_overlays_image=&#8221;on&#8221; background_image=&#8221;https:\/\/gdaparatos.com\/wp-content\/uploads\/2018\/06\/coding-background-texture.jpg&#8221; background_blend=&#8221;overlay&#8221;][et_pb_row _builder_version=&#8221;3.8.1&#8243;][et_pb_column type=&#8221;2_3&#8243; _builder_version=&#8221;3.0.47&#8243; parallax=&#8221;off&#8221; parallax_method=&#8221;on&#8221;][et_pb_text _builder_version=&#8221;3.8.1&#8243; text_font=&#8221;||||||||&#8221; text_text_color=&#8221;#ffffff&#8221; text_font_size=&#8221;27px&#8221; text_line_height=&#8221;1.9em&#8221;]<\/p>\n<p>You can view and download the information on this page in pdf format by clicking on the button<\/p>\n<p>[\/et_pb_text][\/et_pb_column][et_pb_column type=&#8221;1_3&#8243; _builder_version=&#8221;3.0.47&#8243; parallax=&#8221;off&#8221; parallax_method=&#8221;on&#8221;][et_pb_button button_url=&#8221;https:\/\/gdaparatos.com\/wp-content\/uploads\/2018\/08\/Burning-bar-English.pdf&#8221; url_new_window=&#8221;on&#8221; button_text=&#8221;View and download in PDF&#8221; button_alignment=&#8221;right&#8221; _builder_version=&#8221;3.11.1&#8243; custom_button=&#8221;on&#8221; button_bg_color=&#8221;#ffffff&#8221; button_border_color=&#8221;#ffffff&#8221; button_font=&#8221;||||||||&#8221; custom_margin=&#8221;50px|||&#8221;][\/et_pb_button][\/et_pb_column][\/et_pb_row][\/et_pb_section][et_pb_section fb_built=&#8221;1&#8243; admin_label=&#8221;Footer&#8221; _builder_version=&#8221;3.8.1&#8243; custom_padding=&#8221;0px|0px|0px|0px&#8221; animation_direction=&#8221;bottom&#8221; saved_tabs=&#8221;all&#8221;][et_pb_row use_custom_width=&#8221;on&#8221; width_unit=&#8221;off&#8221; custom_width_percent=&#8221;100%&#8221; use_custom_gutter=&#8221;on&#8221; gutter_width=&#8221;2&#8243; custom_padding=&#8221;100px||100px|&#8221; custom_margin=&#8221;0px|||&#8221; _builder_version=&#8221;3.11.1&#8243; background_size=&#8221;initial&#8221; background_position=&#8221;top_left&#8221; background_repeat=&#8221;repeat&#8221; background_blend=&#8221;overlay&#8221;][et_pb_column type=&#8221;1_6&#8243; _builder_version=&#8221;3.0.47&#8243; parallax=&#8221;off&#8221; parallax_method=&#8221;on&#8221;][\/et_pb_column][et_pb_column type=&#8221;1_3&#8243; _builder_version=&#8221;3.0.47&#8243; parallax=&#8221;off&#8221; parallax_method=&#8221;on&#8221;][et_pb_text _builder_version=&#8221;3.8.1&#8243; header_2_font_size=&#8221;32px&#8221; header_3_line_height=&#8221;2em&#8221;]<\/p>\n<h2 style=\"text-align: left;\">Do you have any doubt?<\/h2>\n<h3>If you need help do not hesitate to contact us<\/h3>\n<p>Contact us through this contact form. If you prefer in the contact section or footer you can find different ways to answer your questions.<\/p>\n<p>[\/et_pb_text][\/et_pb_column][et_pb_column type=&#8221;1_3&#8243; _builder_version=&#8221;3.0.47&#8243; parallax=&#8221;off&#8221; parallax_method=&#8221;on&#8221;][et_pb_contact_form email=&#8221;web@gdaparatos.com&#8221; custom_message=&#8221;Name: %%Name%%||et_pb_line_break_holder||||et_pb_line_break_holder||Email: %%Email%%||et_pb_line_break_holder||||et_pb_line_break_holder||Message: %%Message%%&#8221; success_message=&#8221;Thank you for contacting us&#8221; submit_button_text=&#8221;Submit&#8221; module_id=&#8221;et_pb_contact_form_0&#8243; _builder_version=&#8221;3.11.1&#8243; custom_button=&#8221;on&#8221; button_use_icon=&#8221;off&#8221;][et_pb_contact_field field_id=&#8221;Name&#8221; field_title=&#8221;Name&#8221; _builder_version=&#8221;3.11.1&#8243;][\/et_pb_contact_field][et_pb_contact_field field_id=&#8221;Email&#8221; field_title=&#8221;Email&#8221; field_type=&#8221;email&#8221; _builder_version=&#8221;3.11.1&#8243; border_radii=&#8221;on||||&#8221;][\/et_pb_contact_field][et_pb_contact_field field_id=&#8221;Message&#8221; field_title=&#8221;Message&#8221; field_type=&#8221;text&#8221; fullwidth_field=&#8221;on&#8221; _builder_version=&#8221;3.11.1&#8243; border_radii=&#8221;on||||&#8221;][\/et_pb_contact_field][et_pb_contact_field field_id=&#8221;Field_4&#8243; field_title=&#8221;Legal warning&#8221; field_type=&#8221;checkbox&#8221; checkbox_options=&#8221;%91{%22value%22:%22Legal warning%22,%22checked%22:0}%93&#8243; _builder_version=&#8221;3.11.1&#8243;][\/et_pb_contact_field][\/et_pb_contact_form][et_pb_code _builder_version=&#8221;3.11.1&#8243;]&lt;script type=&quot;text\/javascript&quot;&gt;&lt;!&#8211; [et_pb_line_break_holder] &#8211;&gt;jQuery(function($){&lt;!&#8211; [et_pb_line_break_holder] &#8211;&gt; $(&quot;.et_pb_contact_field_checkbox label&quot;).html(&quot;&lt;i&gt;&lt;\/i&gt;Accept&lt;a href=&#039;https:\/\/gdaparatos.com\/en\/legal-warning-about-this-page\/&#039; target=&#039;_blank&#039; style=&#039;color:green;&#039;&gt; &lt;strong&gt; Legal warning about this page&lt;\/strong&gt;&lt;\/a&gt;&quot;);&lt;!&#8211; [et_pb_line_break_holder] &#8211;&gt;});&lt;!&#8211; [et_pb_line_break_holder] &#8211;&gt;&lt;\/script&gt;[\/et_pb_code][\/et_pb_column][et_pb_column type=&#8221;1_6&#8243; _builder_version=&#8221;3.0.47&#8243; parallax=&#8221;off&#8221; parallax_method=&#8221;on&#8221;][\/et_pb_column][\/et_pb_row][\/et_pb_section]<\/p>\n","protected":false},"excerpt":{"rendered":"<p>&lt;span style=&quot;color:white!important&quot;&gt;<nav aria-label=\"breadcrumbs\">\n            <div class=\"breadcrumb-container theme2\">\n                <ol>\n                                    <\/ol>\n            <\/div>\n        <\/nav>    <script type=\"application\/ld+json\">\n        {\n            \"@context\": \"http:\/\/schema.org\",\n            \"@type\": \"BreadcrumbList\",\n            \"itemListElement\": [\n                            ]\n        }\n    <\/script>\n   \n    <script>\n            <\/script>\n&lt;\/span&gt;Now you can handle the biggest jobs quickly andquietly without jackhammer El sistema Burning Bar corta y funde silenciosamente a trav\u00e9s de los m\u00e1s tenaces y espesos aceros, aceros plaqueados en sandwich, inoxidables, fundiciones de hierro, hormig\u00f3n, granito o incluso aleaciones de plomo tipo kirksite y asbestos o productos y ladrillos refractarios. BURNING BAR [&hellip;]<\/p>\n","protected":false},"author":6,"featured_media":0,"parent":4410,"menu_order":0,"comment_status":"closed","ping_status":"closed","template":"","meta":{"_et_pb_use_builder":"on","_et_pb_old_content":"","_et_gb_content_width":"","footnotes":""},"class_list":["post-4437","page","type-page","status-publish","hentry"],"_links":{"self":[{"href":"https:\/\/gdaparatos.com\/en\/wp-json\/wp\/v2\/pages\/4437","targetHints":{"allow":["GET"]}}],"collection":[{"href":"https:\/\/gdaparatos.com\/en\/wp-json\/wp\/v2\/pages"}],"about":[{"href":"https:\/\/gdaparatos.com\/en\/wp-json\/wp\/v2\/types\/page"}],"author":[{"embeddable":true,"href":"https:\/\/gdaparatos.com\/en\/wp-json\/wp\/v2\/users\/6"}],"replies":[{"embeddable":true,"href":"https:\/\/gdaparatos.com\/en\/wp-json\/wp\/v2\/comments?post=4437"}],"version-history":[{"count":0,"href":"https:\/\/gdaparatos.com\/en\/wp-json\/wp\/v2\/pages\/4437\/revisions"}],"up":[{"embeddable":true,"href":"https:\/\/gdaparatos.com\/en\/wp-json\/wp\/v2\/pages\/4410"}],"wp:attachment":[{"href":"https:\/\/gdaparatos.com\/en\/wp-json\/wp\/v2\/media?parent=4437"}],"curies":[{"name":"wp","href":"https:\/\/api.w.org\/{rel}","templated":true}]}}