{"id":6525,"date":"2018-08-08T10:01:23","date_gmt":"2018-08-08T10:01:23","guid":{"rendered":"https:\/\/gdaparatos.com\/?page_id=6525"},"modified":"2019-09-27T08:29:40","modified_gmt":"2019-09-27T08:29:40","slug":"avis-legal-sobre-aquest-portal","status":"publish","type":"page","link":"https:\/\/gdaparatos.com\/ca\/avis-legal-sobre-aquest-portal\/","title":{"rendered":"Av\u00eds legal sobre aquest portal"},"content":{"rendered":"<p>[et_pb_section fb_built=&#8221;1&#8243; _builder_version=&#8221;3.22&#8243; background_color=&#8221;#3c934c&#8221; border_style_all=&#8221;none&#8221; border_width_top=&#8221;2px&#8221; border_color_top=&#8221;#ffffff&#8221; custom_margin=&#8221;0px||0px|&#8221; custom_padding=&#8221;0px||0px|&#8221; fb_built=&#8221;1&#8243; _i=&#8221;0&#8243; _address=&#8221;0&#8243;][et_pb_row _builder_version=&#8221;3.25&#8243; custom_margin=&#8221;0px||0px|&#8221; custom_padding=&#8221;0px||0px|&#8221; _i=&#8221;0&#8243; _address=&#8221;0.0&#8243;][et_pb_column type=&#8221;4_4&#8243; _builder_version=&#8221;3.25&#8243; custom_padding=&#8221;|||&#8221; _i=&#8221;0&#8243; _address=&#8221;0.0.0&#8243; custom_padding__hover=&#8221;|||&#8221;][et_pb_code custom_margin=&#8221;0px||0px|&#8221; custom_padding=&#8221;0px||0px|&#8221; _i=&#8221;0&#8243; _address=&#8221;0.0.0.0&#8243;]<span style=\"color:white!important\"><nav aria-label=\"breadcrumbs\">\n            <div class=\"breadcrumb-container theme2\">\n                <ol>\n                                    <\/ol>\n            <\/div>\n        <\/nav>    <script type=\"application\/ld+json\">\n        {\n            \"@context\": \"http:\/\/schema.org\",\n            \"@type\": \"BreadcrumbList\",\n            \"itemListElement\": [\n                            ]\n        }\n    <\/script>\n   \n    <script>\n            <\/script>\n<\/span>[\/et_pb_code][\/et_pb_column][\/et_pb_row][\/et_pb_section][et_pb_section fb_built=&#8221;1&#8243; admin_label=&#8221;Contact Info&#8221; _builder_version=&#8221;3.22&#8243; custom_padding=&#8221;90px||90px|&#8221; locked=&#8221;off&#8221; fb_built=&#8221;1&#8243; _i=&#8221;1&#8243; _address=&#8221;1&#8243;][et_pb_row _builder_version=&#8221;3.25&#8243; custom_width_px=&#8221;710px&#8221; _i=&#8221;0&#8243; _address=&#8221;1.0&#8243;][et_pb_column type=&#8221;4_4&#8243; _builder_version=&#8221;3.25&#8243; background_position=&#8221;top_left&#8221; custom_padding=&#8221;|||&#8221; _i=&#8221;0&#8243; _address=&#8221;1.0.0&#8243; custom_padding__hover=&#8221;|||&#8221;][et_pb_divider color=&#8221;#409b44&#8243; divider_weight=&#8221;3px&#8221; disabled_on=&#8221;off|off|off&#8221; _builder_version=&#8221;3.8.1&#8243; background_color_gradient_direction=&#8221;90deg&#8221; max_width=&#8221;100px&#8221; module_alignment=&#8221;center&#8221; height=&#8221;5px&#8221; custom_margin=&#8221;||20px|&#8221; custom_padding=&#8221;||20px|&#8221; animation_style=&#8221;slide&#8221; animation_direction=&#8221;bottom&#8221; saved_tabs=&#8221;all&#8221; locked=&#8221;off&#8221; _i=&#8221;0&#8243; _address=&#8221;1.0.0.0&#8243;][\/et_pb_divider][et_pb_text admin_label=&#8221;Contact Section Title&#8221; _builder_version=&#8221;3.27.4&#8243; header_font=&#8221;Montserrat||||&#8221; header_text_color=&#8221;#1f1f1f&#8221; header_font_size=&#8221;36px&#8221; text_orientation=&#8221;center&#8221; max_width=&#8221;710px&#8221; module_alignment=&#8221;center&#8221; animation_style=&#8221;fold&#8221; animation_direction=&#8221;bottom&#8221; animation_intensity_fold=&#8221;20%&#8221; _i=&#8221;1&#8243; _address=&#8221;1.0.0.1&#8243;]<\/p>\n<p>&nbsp;<\/p>\n<h1 style=\"margin: 0cm; margin-bottom: .0001pt; vertical-align: baseline;\"><strong>Av\u00ed\u00ads legal sobre aquest portal<\/strong><\/h1>\n<p>&nbsp;<\/p>\n<p>[\/et_pb_text][\/et_pb_column][\/et_pb_row][et_pb_row _builder_version=&#8221;3.25&#8243; background_size=&#8221;initial&#8221; background_position=&#8221;top_left&#8221; background_repeat=&#8221;repeat&#8221; _i=&#8221;1&#8243; _address=&#8221;1.1&#8243;][et_pb_column type=&#8221;4_4&#8243; _builder_version=&#8221;3.25&#8243; custom_padding=&#8221;|||&#8221; _i=&#8221;0&#8243; _address=&#8221;1.1.0&#8243; custom_padding__hover=&#8221;|||&#8221;][et_pb_text _builder_version=&#8221;3.27.4&#8243; hover_enabled=&#8221;0&#8243; _i=&#8221;0&#8243; _address=&#8221;1.1.0.0&#8243;]<\/p>\n<h2>INFORMACI\u00d3 CORPORATIVA<\/h2>\n<p>En compliment de la Llei 34\/2002, d\u201911 de juliol, de serveis de la societat de la informaci\u00f3 i de comer\u00e7 electr\u00f2nic, GD APARATOS Y ACCESORIOS PARA GAS, SL, l\u2019informa que \u00e9s titular dels llocs web: www.gdaparatos.com, d\u2019acord amb l\u2019exig\u00e8ncia de l\u2019article 10 de l\u2019esmentada Llei, GD APARATOS Y ACCESORIOS PARA GAS, SL, notifica les dades seg\u00fcents: el titular d\u2019aquesta p\u00e0gina web \u00e9s\u00a0GD APARATOS Y ACCESORIOS PARA GAS, SL, amb CIF\/NIF: B61330924 i Registre Mercantil de BARCELONA , Tom: 29731. Full: 32, S8 Full: B158609 i Domicili Social: CALLE ESTE, 16, POL. IND. BUVISA, Codi Postal: 08338. Localitat: PREMI\u00c0 DE DALT, Prov\u00edncia: BARCELONA. L\u2019adre\u00e7a de correu electr\u00f2nic de contacte amb l\u2019empresa \u00e9s: comercial@gdaparatos.com<\/p>\n<h2>USUARI I REGIM DE RESPONSABILITATS<\/h2>\n<p>&nbsp;<\/p>\n<p>La navegaci\u00f3 per acc\u00e9s i \u00fas de la p\u00e0gina web i tots els subdominis i directoris inclosos sota la mateixa, aix\u00ed com els serveis o continguts que a trav\u00e9s d&#8217;ell es puguin obtenir i tots els portals de domini propi sota titularitat de GD APARATOS Y ACCESORIOS PARA GAS, SL,, atorga la condici\u00f3 d&#8217;Usuari, per la que s&#8217;accepten, en navegar per la p\u00e0gina de GD APARATOS Y ACCESORIOS PARA GAS, SL,, totes les condicions d&#8217;\u00fas que s&#8217;estableixen aqu\u00ed sense perjudicar l&#8217;aplicaci\u00f3 de la corresponent normativa d&#8217;obligat compliment legal segons el cas.<\/p>\n<p>Per aix\u00f2, si les consideracions detallades en aquest Av\u00eds Legal no s\u00f3n de la seva conformitat, preguem no faci \u00fas del Portal, ja que qualsevol \u00fas que faci del mateix o dels serveis i continguts en ell inclosos implicar\u00e0 l&#8217;acceptaci\u00f3 dels termes legals recollits en aquest text.<\/p>\n<p>La p\u00e0gina web de GD APARATOS Y ACCESORIOS PARA GAS, SL, proporcionen gran diversitat d\u2019informaci\u00f3, serveis i dades. L\u2019Usuari assumeix la seva responsabilitat en l\u2019\u00fas correcte dels llocs web. Aquesta responsabilitat s\u2019estendr\u00e0 a: La veracitat i licitud de les informacions aportades per l\u2019Usuari als formularis emesos per GD APARATOS Y ACCESORIOS PARA GAS, SL, per accedir a determinats continguts o serveis oferts per la web.<br \/> \u2028L\u2019\u00fas de la informaci\u00f3, serveis i dades oferts per\u00a0GD APARATOS Y ACCESORIOS PARA GAS, SL, no aniran contra les disposicions d\u2019aquestes condicions, la Llei, la moral, els bons costums o l\u2019ordre p\u00fablic o que, en qualsevol altre cas, puguin suposar lesi\u00f3 dels drets de tercers o del funcionament dels llocs web.<\/p>\n<p>A aquest efecte, l&#8217;Usuari s&#8217;abstindr\u00e0 d&#8217;utilitzar qualsevol dels continguts amb fins o efectes il\u00b7l\u00edcits, prohibits en aquest text, lesius dels drets i interessos de tercers, o que de qualsevol forma puguin danyar, inutilitzar, sobrecarregar, deteriorar o impedir la normal utilitzaci\u00f3 dels continguts, altres Usuaris o de qualsevol Usuari d&#8217;Internet (hardware y software).<\/p>\n<p>Els Usuaris respondran dels danys i perjudicis de tota naturalesa que l&#8217;empresa propiet\u00e0ria de la web pugui patir, directament o indirectament, com a conseq\u00fc\u00e8ncia d&#8217;incompliment de qualsevol de les obligacions derivades de l&#8217;\u00fas de la Web i d&#8217;aquesta pol\u00edtica de privacitat.<br \/> En particular, i a t\u00edtol merament indicatiu i no exhaustiu, l&#8217;Usuari es compromet a no transmetre, difondre o posar a disposici\u00f3 de tercers informacions, dades, continguts, missatges, gr\u00e0fics, dibuixos, arxius de so i \/ o imatge, fotografies del web .<\/p>\n<p>&nbsp;<\/p>\n<h2>POL\u00cdTICA DE PRIVACITAT<\/h2>\n<p>&nbsp;<\/p>\n<h3>POL\u00cdTICA D\u2019ENLLA\u00c7OS I EXEMPCIONS DE RESPONSABILITAT<\/h3>\n<p>GD APARATOS Y ACCESORIOS PARA GAS, SL, no es fa responsable del contingut de les p\u00e0gines web a les quals pugui accedir l\u2019Usuari a trav\u00e9s dels enlla\u00e7os establerts als seus llocs web i declara que en cap cas examinar\u00e0 ni exercitar\u00e0 cap tipus de control sobre el contingut d\u2019altres p\u00e0gines de la xarxa.<\/p>\n<p>\u2028Aix\u00ed mateix, tampoc garanteix la disponibilitat t\u00e8cnica, exactitud, veracitat, validesa o legalitat de p\u00e0gines alienes a la seva propietat a les qual es pugui accedir a trav\u00e9s dels enlla\u00e7os.<\/p>\n<p>\u2028GD APARATOS Y ACCESORIOS PARA GAS, SL, declara que ha adoptat totes les mesures necess\u00e0ries per evitar qualsevol dany que pugui derivar-se de la navegaci\u00f3 per les seves p\u00e0gines web. En conseq\u00fc\u00e8ncia, GD APARATOS Y ACCESORIOS PARA GAS, SL, no es fa responsable, en cap cas, dels eventuals danys que pugui sofrir l\u2019Usuari a causa de la navegaci\u00f3 per Internet.<\/p>\n<p>&nbsp;<\/p>\n<p>GD APARATOS Y ACCESORIOS PARA GAS, SL, no es responsabilitza dels danys o perjudicis de qualsevol tipus produ\u00efts en l&#8217;Usuari que portin causa d&#8217;errors o desconnexions a les xarxes de telecomunicacions que produeixin la suspensi\u00f3, cancel\u00b7laci\u00f3 o interrupci\u00f3 del servei de la web durant la prestaci\u00f3 del mateix o amb car\u00e0cter previ.<\/p>\n<p>&nbsp;<\/p>\n<p>L&#8217;acc\u00e9s a la web: www.gdaparatos.com no implica l&#8217;obligaci\u00f3 per part de l&#8217;empresa de controlar l&#8217;abs\u00e8ncia de virus o qualsevol altre element inform\u00e0tic dany\u00f3s. Correspon a l&#8217;Usuari, en tot cas, la disponibilitat d&#8217;eines adequades per a la detecci\u00f3 i desinfecci\u00f3 de programes inform\u00e0tics nocius.<\/p>\n<p>GD APARATOS Y ACCESORIOS PARA GAS, SL, no es responsabilitza dels danys produ\u00efts en els equips inform\u00e0tics, documents i\/o fitxers dels Usuaris o de tercers durant la prestaci\u00f3 del servei al Portal.<\/p>\n<p>&nbsp;<\/p>\n<h3>PUBLICITAT<\/h3>\n<p>La Web: www.gdaparatos.com podr\u00e0 allotjar continguts publicitaris o patrocinats. Els anunciants o patrocinadors s\u00f3n els \u00fanics responsables d&#8217;assegurar que el material rem\u00e8s per a la seva inclusi\u00f3 a la Web compleix amb les lleis que en cada cas puguin ser d&#8217;aplicaci\u00f3.<\/p>\n<p>GD APARATOS Y ACCESORIOS PARA GAS, SL, no ser\u00e0 responsable de qualsevol error, inexactitud o irregularitat que puguin contenir els continguts publicitaris o dels patrocinadors.<\/p>\n<p>&nbsp;<\/p>\n<h3>MODIFICACIONS<\/h3>\n<p>GD APARATOS Y ACCESORIOS PARA GAS, SL, es reserva el dret a realitzar les modificacions que consideri oportunes, sense av\u00eds previ, al contingut dels seus llocs web, tant pel que fa als continguts dels llocs web com per les seves condicions d\u2019\u00fas o per les condicions generals de contractaci\u00f3. Aquestes modificacions podran realitzar-se, a trav\u00e9s dels seus llocs web, de qualsevol forma admissible en dret i seran d\u2019obligat compliment durant el temps que estiguin publicades a la web i fins que no siguin modificades per d\u2019altres de posteriors.<\/p>\n<p>&nbsp;<\/p>\n<h3>RESERVA DE COOKIES<\/h3>\n<p>GD APARATOS Y ACCESORIOS PARA GAS, SL, es reserva el dret d\u2019utilitzar cookies en la navegaci\u00f3 de l\u2019Usuari pels seus llocs web per facilitar la personalitzaci\u00f3 i comoditat de la navegaci\u00f3. Seguint la pol\u00edtica de protecci\u00f3 de dades de l\u2019empresa, GD APARATOS Y ACCESORIOS PARA GAS, SL, informa que les cookies s\u2019associen a l\u2019Usuari an\u00f2nim i al seu ordinador i no proporcionen per si mateixes ni el nom ni els cognoms de l\u2019Usuari.<br \/> \u2028L\u2019Usuari t\u00e9 la possibilitat de configurar el seu navegador de manera que sigui informat de la recepci\u00f3 de cookies, amb la possibilitat, si aix\u00ed ho desitja, d\u2019impedir que s\u2019instal\u00b7lin al seu disc dur. No obstant aix\u00f2, per accedir als llocs web de GD APARATOS Y ACCESORIOS PARA GAS, SL, no \u00e9s preceptiva la instal\u00b7laci\u00f3 de cookies.<\/p>\n<p>L&#8217;Usuari es compromet a abstenir-se de reproduir, copiar, distribuir, posar a disposici\u00f3 o de qualsevol altra forma de comunicar p\u00fablicament, transformar o modificar els Continguts, llevat que es compti amb l&#8217;autoritzaci\u00f3 del titular dels corresponents drets o aix\u00f2 resulti legalment perm\u00e8s.<\/p>\n<h3>PROTECCI\u00d3 DE DADES PERSONAL<\/h3>\n<p>De conformitat amb el que estableix el Real Decret-Llei 5\/2018, per la adaptaci\u00f3 del Dret espanyol a la normativa de l\u2019Uni\u00f3 Europea, per l\u2019aplicaci\u00f3 del Reglament General -UE- 2016\/679 del Parlament i Consell d\u2019Europa de Protecci\u00f3 de Dades de Car\u00e0cter Personal,\u00a0aprovat el 27 d\u2019abril de 2016, i la LOPD 3<br \/> \/2018, de garantia dels drets digitals, GD APARATOS Y ACCESORIOS PARA GAS, SL, informa als Usuaris dels seus websites, que estem obligats a guardar secret professional de les dades personals captades per l\u2019empresa mitjan\u00e7ant els formularis situats a les seves p\u00e0gines, aquesta obligaci\u00f3 continur\u00e0 fins i tot despr\u00e9s d&#8217;haver finalitzat la nostra relaci\u00f3 comercial o contractual, i en cap cas podrem fer p\u00fablics les dades personals dels visitants i clients a la web sense el seu consentiment, els menors de 14 anys, no poden prestar el seu consentiment per a qu\u00e8 un comer\u00e7 reculli i tracti les seves dades personals; solament els seus representants legals (pares o tutors) s\u00f3n els qui poden fer-ho en el seu nom. Aquells comer\u00e7os que necessitin tractar dades de menors de 14 anys, han de disposar dels mitjans per obtenir el consentiment dels seus pares o tutors, per exemple, mitjan\u00e7ant un missatge de correu electr\u00f2nic dirigit a algun d&#8217;ells que contingui un enlla\u00e7 a un formulari electr\u00f2nic. No es pot demanar als menors de 14 anys dades sobre l&#8217;\u00e0mbit familiar, sent l&#8217;\u00fanica excepci\u00f3 les dades d&#8217;identificaci\u00f3 i contacte dels pares o tutors.<\/p>\n<p>Aquestes dades seran introdu\u00efts en un fitxer automatitzat sota la responsabilitat de l\u2019administrador de la web de\u00a0GD APARATOS Y ACCESORIOS PARA GAS, SL,, amb la finalitat de poder facilitar, agilitzar i complir els compromisos establerts entre ambdues parts. Aix\u00ed mateix,\u00a0GD APARATOS Y ACCESORIOS PARA GAS, SL,, informa de la possibilitat d\u2019exercir els drets d\u2019acc\u00e9s, que permet a l&#8217;usuari web, con\u00e8ixer que dades personals t\u00e9 l&#8217;administrador d&#8217;aquesta p\u00e0gina i en tal cas contest\u00e9s en un termini de 30 dies, sempre que conservi les dades, rectificaci\u00f3, que permet corregir errors, modificar les dades que siguin inexactes o incomplets i garantir la certesa de la informaci\u00f3, oposici\u00f3, que podr\u00e0 sol\u00b7licitar i aconseguir que no dugui a terme el tractament de dades, supressi\u00f3, que permet que se suprimeixin les dades inadequades o excessius, limitaci\u00f3, pel qual pot sol\u00b7licitar que es limiti el tractament de les seves dades quan hagi exercit el seu dret a la rectificaci\u00f3 de les seves dades personals, i portabilitat, perqu\u00e8 l&#8217;usuari pugui obtenir una c\u00f2pia de les dades personals que hagi facilitat a la web a fi de poder transmetre&#8217;ls a altres serveis, aquests drets es podran exercir per qualsevol mitj\u00e0 que deixi const\u00e0ncia del seu enviament i de la seva recepci\u00f3 a l\u2019adre\u00e7a:<\/p>\n<p>CALLE ESTE, 16, POL. IND. BUVISA. Codi Postal: 08338. Localitat: PREMI\u00c0 DE DALT. Prov\u00edncia: BARCELONA., o al correu electr\u00f2nic comercial@gdaparatos.com, aportant fotoc\u00f2pia del DNI o documentaci\u00f3 alternativa que acrediti la seva identitat.<br \/> \u2028Mentre no ens comuniqui el contrari, entendrem que les seves dades no han estat modificats, que vost\u00e8 es compromet a notificar-nos qualsevol variaci\u00f3 i que tenim el consentiment per utilitzar-los a fi de poder fidelitzar la relaci\u00f3 entre les parts.<\/p>\n<p>L&#8217;enviament de les seves dades mitjan\u00e7ant el\/els formulari\/s de la nostra web, estar\u00e0 supeditat obligat\u00f2riament al fet que hagi llegit\/acceptat la Pol\u00edtica de Privacitat, mitjan\u00e7ant un check box obligatori a peu del formulari.<br \/> \u2028D\u2019acord amb el que estableix la Llei 34\/2002, de Serveis de la Societat de la Informaci\u00f3 i el Comer\u00e7 Electr\u00f2nic en el seu article 21, demanem el seu consentiment per a poder realitzar comunicacions publicit\u00e0ries que considerem puguin ser del seu inter\u00e8s, per correu electr\u00f2nic o per qualsevol altre mitj\u00e0 de comunicaci\u00f3 electr\u00f2nica equivalent, aquest consentiment ho acceptar\u00e0 o negar\u00e0 amb un check box obligatori a peu del formulari.<\/p>\n<h3>PROPIETAT INTEL\u00b7LECTUAL<\/h3>\n<p>Els drets de propietat intel\u00b7lectual i industrial derivats de tots els textos, imatges, com tamb\u00e9 dels mitjans i formes de presentaci\u00f3 i muntatge de les seves p\u00e0gines pertanyen, per si mateixos o com a cession\u00e0ria, a GD APARATOS Y ACCESORIOS PARA GAS, SL, seran, per tant, obres protegides amb propietat intel\u00b7lectual per l\u2019ordenament jur\u00eddic espanyol i se\u2019ls podr\u00e0 aplicar tant la normativa espanyola i comunit\u00e0ria en aquest camp, com els tractats internacionals relatius a la mat\u00e8ria i subscrits per Espanya.<\/p>\n<p>\u2028Tots els drets reservats. En compliment de la Llei de la Propietat Intel\u00b7lectual es prohibeix expressament la reproducci\u00f3, distribuci\u00f3, comunicaci\u00f3 p\u00fablica i utilitzaci\u00f3 de la totalitat o part dels continguts de les seves p\u00e0gines web sense el consentiment expl\u00edcit de\u00a0GD APARATOS Y ACCESORIOS PARA GAS, SL,<\/p>\n<p>Aix\u00ed mateix, GD APARATOS Y ACCESORIOS PARA GAS, SL, es reserva la facultat de presentar les accions civils o penals que consideri oportunes per la utilitzaci\u00f3 indeguda de les seves p\u00e0gines web i continguts o per l\u2019 incompliment d\u2019aquestes condicions.<\/p>\n<h3>SEGELLS DE CONFIAN\u00c7A<\/h3>\n<p>Els segells de confian\u00e7a s\u00f3n distintius que es proporcionen a les tendes online per demostrar la seva qualitat i seguretat en la venda online.<br \/> Per aconseguir el segell, aquestes s\u00f3n auditades o avaluades per comprovar que compleixen els criteris de seguretat en la compra i compliment legal.<br \/> Les tendes que disposen d&#8217;un segell de confian\u00e7a estan adherides a un codi de conducta i solen oferir als consumidors procediments alternatius de resoluci\u00f3 de conflictes senzills, r\u00e0pids i c\u00f2modes.<\/p>\n<h3>CERTIFICATS DE COMPLIMENT LSSI-CE I PROTECCI\u00d3 DE DADES<\/h3>\n<p> \u2028www.gdaparatos.com compleix amb la normativa de Protecci\u00f3 de Dades vigent i amb la LSSI-CE, i ha estat assessorada en aquestes normatives per GRUPO QUALIA, per la qual cosa se li atorguen dues certificats en format d&#8217;imatge digital perqu\u00e8 pugui exposar-los en el seu lloc web.<\/p>\n<p>\u2022 ACCIONS LEGAL, LEGISLACI\u00d3 APLICABLE I JURISDICCI\u00d3<\/p>\n<p>La relaci\u00f3 entre l\u2019usuari i\u00a0GD APARATOS Y ACCESORIOS PARA GAS, SL, es regir\u00e0 per la normativa espanyola vigent i seran competents, per decidir sobre qualsevol controv\u00e8rsia que pugui sorgir entre l\u2019usuari i GD APARATOS Y ACCESORIOS PARA GAS, SL,, els jutjats o tribunals de la localitat de MATARO.<\/p>\n<p>[\/et_pb_text][\/et_pb_column][\/et_pb_row][\/et_pb_section]<\/p>\n","protected":false},"excerpt":{"rendered":"<p><nav aria-label=\"breadcrumbs\">\n            <div class=\"breadcrumb-container theme2\">\n                <ol>\n                                    <\/ol>\n            <\/div>\n        <\/nav>    <script type=\"application\/ld+json\">\n        {\n            \"@context\": \"http:\/\/schema.org\",\n            \"@type\": \"BreadcrumbList\",\n            \"itemListElement\": [\n                            ]\n        }\n    <\/script>\n   \n    <script>\n            <\/script>\n&nbsp; Av\u00ed\u00ads legal sobre aquest portal &nbsp;INFORMACI\u00d3 CORPORATIVA En compliment de la Llei 34\/2002, d\u201911 de juliol, de serveis de la societat de la informaci\u00f3 i de comer\u00e7 electr\u00f2nic, GD APARATOS Y ACCESORIOS PARA GAS, SL, l\u2019informa que \u00e9s titular dels llocs web: www.gdaparatos.com, d\u2019acord amb l\u2019exig\u00e8ncia de l\u2019article 10 de l\u2019esmentada Llei, GD APARATOS [&hellip;]<\/p>\n","protected":false},"author":6,"featured_media":0,"parent":0,"menu_order":0,"comment_status":"closed","ping_status":"closed","template":"","meta":{"_et_pb_use_builder":"on","_et_pb_old_content":"","_et_gb_content_width":"","footnotes":""},"class_list":["post-6525","page","type-page","status-publish","hentry"],"_links":{"self":[{"href":"https:\/\/gdaparatos.com\/ca\/wp-json\/wp\/v2\/pages\/6525","targetHints":{"allow":["GET"]}}],"collection":[{"href":"https:\/\/gdaparatos.com\/ca\/wp-json\/wp\/v2\/pages"}],"about":[{"href":"https:\/\/gdaparatos.com\/ca\/wp-json\/wp\/v2\/types\/page"}],"author":[{"embeddable":true,"href":"https:\/\/gdaparatos.com\/ca\/wp-json\/wp\/v2\/users\/6"}],"replies":[{"embeddable":true,"href":"https:\/\/gdaparatos.com\/ca\/wp-json\/wp\/v2\/comments?post=6525"}],"version-history":[{"count":0,"href":"https:\/\/gdaparatos.com\/ca\/wp-json\/wp\/v2\/pages\/6525\/revisions"}],"wp:attachment":[{"href":"https:\/\/gdaparatos.com\/ca\/wp-json\/wp\/v2\/media?parent=6525"}],"curies":[{"name":"wp","href":"https:\/\/api.w.org\/{rel}","templated":true}]}}