{"id":4499,"date":"2018-07-30T14:28:15","date_gmt":"2018-07-30T14:28:15","guid":{"rendered":"http:\/\/grasadepalma.com\/gdaparatos\/?page_id=4499"},"modified":"2024-07-03T06:47:20","modified_gmt":"2024-07-03T06:47:20","slug":"nitrogen","status":"publish","type":"page","link":"https:\/\/gdaparatos.com\/ca\/productes\/gasos-industriales\/nitrogen\/","title":{"rendered":"Nitr\u00f2gen"},"content":{"rendered":"<p>[et_pb_section fb_built=&#8221;1&#8243; fullwidth=&#8221;on&#8221; module_id=&#8221;titulo&#8221; _builder_version=&#8221;4.16&#8243; background_color=&#8221;#4CAF50&#8243; use_background_color_gradient=&#8221;on&#8221; background_color_gradient_direction=&#8221;360deg&#8221; background_color_gradient_stops=&#8221;#dddddd 0%|#eeeeee 100%&#8221; background_color_gradient_start=&#8221;#dddddd&#8221; background_color_gradient_end=&#8221;#eeeeee&#8221; background_image=&#8221;https:\/\/gdaparatos.com\/wp-content\/uploads\/2018\/06\/coding-background-texture.jpg&#8221; background_blend=&#8221;overlay&#8221; global_colors_info=&#8221;{}&#8221;][et_pb_fullwidth_header title=&#8221;Nitr\u00f2gen&#8221; subhead=&#8221;Gasos industrials&#8221; header_image_url=&#8221;https:\/\/gdaparatos.com\/wp-content\/uploads\/2018\/07\/gases-industriales.jpg&#8221; image_alt_text=&#8221;Nitr\u00f2gen&#8221; image_title=&#8221;Nitr\u00f2gen&#8221; _builder_version=&#8221;4.16&#8243; title_text_color=&#8221;#555555&#8243; subhead_font_size=&#8221;23px&#8221; background_color=&#8221;rgba(255,255,255,0)&#8221; background_layout=&#8221;light&#8221; max_width_tablet=&#8221;50px&#8221; custom_padding=&#8221;|||&#8221; global_colors_info=&#8221;{}&#8221; button_one_text_size__hover_enabled=&#8221;off&#8221; button_two_text_size__hover_enabled=&#8221;off&#8221; button_one_text_color__hover_enabled=&#8221;off&#8221; button_two_text_color__hover_enabled=&#8221;off&#8221; button_one_border_width__hover_enabled=&#8221;off&#8221; button_two_border_width__hover_enabled=&#8221;off&#8221; button_one_border_color__hover_enabled=&#8221;off&#8221; button_two_border_color__hover_enabled=&#8221;off&#8221; button_one_border_radius__hover_enabled=&#8221;off&#8221; button_two_border_radius__hover_enabled=&#8221;off&#8221; button_one_letter_spacing__hover_enabled=&#8221;off&#8221; button_two_letter_spacing__hover_enabled=&#8221;off&#8221; button_one_bg_color__hover_enabled=&#8221;off&#8221; button_two_bg_color__hover_enabled=&#8221;off&#8221;][\/et_pb_fullwidth_header][\/et_pb_section][et_pb_section fb_built=&#8221;1&#8243; _builder_version=&#8221;4.16&#8243; background_color=&#8221;#3c934c&#8221; custom_margin=&#8221;0px||0px|&#8221; custom_padding=&#8221;0px||0px|&#8221; border_style_all=&#8221;none&#8221; border_width_top=&#8221;2px&#8221; border_color_top=&#8221;#ffffff&#8221; global_colors_info=&#8221;{}&#8221;][et_pb_row _builder_version=&#8221;4.16&#8243; custom_margin=&#8221;0px||0px|&#8221; custom_padding=&#8221;0px||0px|&#8221; global_colors_info=&#8221;{}&#8221;][et_pb_column type=&#8221;4_4&#8243; _builder_version=&#8221;4.16&#8243; custom_padding=&#8221;|||&#8221; global_colors_info=&#8221;{}&#8221; custom_padding__hover=&#8221;|||&#8221;][et_pb_code _builder_version=&#8221;4.16&#8243; custom_margin=&#8221;0px||0px|&#8221; custom_padding=&#8221;0px||0px|&#8221; global_colors_info=&#8221;{}&#8221;]<span style=\"color:white!important\"><nav aria-label=\"breadcrumbs\">\n            <div class=\"breadcrumb-container theme2\">\n                <ol>\n                                    <\/ol>\n            <\/div>\n        <\/nav>    <script type=\"application\/ld+json\">\n        {\n            \"@context\": \"http:\/\/schema.org\",\n            \"@type\": \"BreadcrumbList\",\n            \"itemListElement\": [\n                            ]\n        }\n    <\/script>\n   \n    <script>\n            <\/script>\n<\/span>[\/et_pb_code][\/et_pb_column][\/et_pb_row][\/et_pb_section][et_pb_section fb_built=&#8221;1&#8243; _builder_version=&#8221;4.16&#8243; global_colors_info=&#8221;{}&#8221;][et_pb_row _builder_version=&#8221;4.16&#8243; global_colors_info=&#8221;{}&#8221; column_structure=&#8221;1_2,1_2&#8243;][et_pb_column type=&#8221;1_2&#8243; _builder_version=&#8221;4.16&#8243; custom_padding=&#8221;|||&#8221; global_colors_info=&#8221;{}&#8221; custom_padding__hover=&#8221;|||&#8221;][et_pb_text _builder_version=&#8221;4.16&#8243; global_colors_info=&#8221;{}&#8221;]<\/p>\n<h2>USOS<\/h2>\n<h3><span class=\"et-pb-icon et-waypoint et_pb_animation_top et-animated\" style=\"color: #3c934c; font-size: 30px;\">N<\/span> <span style=\"text-decoration: underline; color: #008000;\"><strong>En estat gas\u00f3s <\/strong><\/span><\/h3>\n<ul>\n<li>Atmosfera protectora<\/li>\n<li>Desoxigenaci\u00f3 de l\u00edquids alimentaris (oli, vi).<\/li>\n<li>Control d\u2019atmosfera, reaccions qu\u00edmiques, electr\u00f2nica, aparells el\u00e8ctrics instal\u00b7lats en zones perilloses.<\/li>\n<li>Atmosfera de tractaments t\u00e8rmics metal\u00b7l\u00fargics<\/li>\n<li>Condicionament de productes alimentaris amb atmosfera neutra (patates fregides, aliments precuinats, etc).<\/li>\n<\/ul>\n<p>[\/et_pb_text][\/et_pb_column][et_pb_column type=&#8221;1_2&#8243; _builder_version=&#8221;4.16&#8243; custom_padding=&#8221;|||&#8221; global_colors_info=&#8221;{}&#8221; custom_padding__hover=&#8221;|||&#8221;][et_pb_code _builder_version=&#8221;4.16&#8243; custom_margin=&#8221;60px|||&#8221; global_colors_info=&#8221;{}&#8221;]<\/p>\n<table><!-- [et_pb_line_break_holder] --><\/p>\n<thead><!-- [et_pb_line_break_holder] --><\/p>\n<tr><!-- [et_pb_line_break_holder] --><\/p>\n<th>Descripci\u00f3<\/th>\n<th>Capacitat en vol. d\u2019aigua <\/th>\n<th>Capacitat en m<sup>3<\/sup><\/th>\n<p><!-- [et_pb_line_break_holder] --><\/tr>\n<p><!-- [et_pb_line_break_holder] --><\/thead>\n<p><!-- [et_pb_line_break_holder] --><\/p>\n<tbody><!-- [et_pb_line_break_holder] --><\/p>\n<tr>\n<td>B20<\/td>\n<td>20l<\/td>\n<td>3,70<\/td>\n<\/tr>\n<p><!-- [et_pb_line_break_holder] --><\/p>\n<tr>\n<td>B50<\/td>\n<td>50l<\/td>\n<td>9,40<\/td>\n<\/tr>\n<p><!-- [et_pb_line_break_holder] --><\/tbody>\n<p><!-- [et_pb_line_break_holder] --><\/table>\n<p> <!-- [et_pb_line_break_holder] -->[\/et_pb_code][\/et_pb_column][\/et_pb_row][et_pb_row _builder_version=&#8221;4.16&#8243; global_colors_info=&#8221;{}&#8221; column_structure=&#8221;1_2,1_4,1_4&#8243;][et_pb_column type=&#8221;1_2&#8243; _builder_version=&#8221;4.16&#8243; custom_padding=&#8221;|||&#8221; global_colors_info=&#8221;{}&#8221; custom_padding__hover=&#8221;|||&#8221;][et_pb_text _builder_version=&#8221;4.16&#8243; global_colors_info=&#8221;{}&#8221;]<\/p>\n<h4><span class=\"et-pb-icon et-waypoint et_pb_animation_top et-animated\" style=\"color: #3c934c; font-size: 25px;\">N<\/span> <span style=\"text-decoration: underline;\">Gas motor:<\/span><\/h4>\n<ul>\n<li>Transvasament de l\u00edquids per pressi\u00f3 (aerosol, etc)<\/li>\n<li>Banys de mescla (metall, revelat fotogr\u00e0fic, homogene\u00eftzaci\u00f3 de mescles).<\/li>\n<li>Propulsi\u00f3 de materials (oxitall en pols).<\/li>\n<li>Control remot de aparells de seguretat.<\/li>\n<li>Substituci\u00f3 de l\u2019aire comprimit (supressi\u00f3 d\u2019oli, aigua).<\/li>\n<\/ul>\n<p>[\/et_pb_text][\/et_pb_column][et_pb_column type=&#8221;1_4&#8243; _builder_version=&#8221;4.16&#8243; custom_padding=&#8221;|||&#8221; global_colors_info=&#8221;{}&#8221; custom_padding__hover=&#8221;|||&#8221;][et_pb_text _builder_version=&#8221;4.16&#8243; global_colors_info=&#8221;{}&#8221;]<\/p>\n<h4><span class=\"et-pb-icon et-waypoint et_pb_animation_top et-animated\" style=\"color: #3c934c; font-size: 25px;\">N<\/span> <span style=\"text-decoration: underline;\">Aplicacions diversas:<\/span><\/h4>\n<ul>\n<li>Inflat de pneum\u00e0tics.<\/li>\n<li>Purga de canalitzacions o locals<\/li>\n<li>Gas plasm\u00e0gen en tall per plasma<\/li>\n<\/ul>\n<p>[\/et_pb_text][\/et_pb_column][et_pb_column type=&#8221;1_4&#8243; _builder_version=&#8221;4.16&#8243; custom_padding=&#8221;|||&#8221; global_colors_info=&#8221;{}&#8221; custom_padding__hover=&#8221;|||&#8221;][et_pb_text _builder_version=&#8221;4.16&#8243; global_colors_info=&#8221;{}&#8221;]<\/p>\n<h4><span class=\"et-pb-icon et-waypoint et_pb_animation_top et-animated\" style=\"color: #3c934c; font-size: 25px;\">N<\/span> <span style=\"text-decoration: underline;\">Soldadura<\/span><\/h4>\n<ul>\n<li>Protecci\u00f3 complement\u00e0ria de les soldadures<\/li>\n<li>Gas plasm\u00e0gen en tall per plasma<\/li>\n<\/ul>\n<p>[\/et_pb_text][\/et_pb_column][\/et_pb_row][et_pb_row _builder_version=&#8221;4.16&#8243; global_colors_info=&#8221;{}&#8221;][et_pb_column type=&#8221;4_4&#8243; _builder_version=&#8221;4.16&#8243; custom_padding=&#8221;|||&#8221; global_colors_info=&#8221;{}&#8221; custom_padding__hover=&#8221;|||&#8221;][et_pb_text _builder_version=&#8221;4.16&#8243; global_colors_info=&#8221;{}&#8221;]<\/p>\n<h3><span class=\"et-pb-icon et-waypoint et_pb_animation_top et-animated\" style=\"color: #3c934c; font-size: 30px;\">N<\/span> <span style=\"text-decoration: underline; color: #008000;\"><strong>En estat l\u00edquid:<\/strong><\/span><\/h3>\n<p>Es pot subministrar el NITR\u00d2GEN en estat gas\u00f3s en botelles, o en estat l\u00edquid per a ser emmagatzemat dip\u00f2sits. S\u2019obt\u00e9 per destil\u00b7laci\u00f3 (-196\u00b0 C) de l\u2019aire liquat<\/p>\n<p>[\/et_pb_text][\/et_pb_column][\/et_pb_row][et_pb_row _builder_version=&#8221;4.16&#8243; global_colors_info=&#8221;{}&#8221;][et_pb_column type=&#8221;4_4&#8243; _builder_version=&#8221;4.16&#8243; custom_padding=&#8221;|||&#8221; global_colors_info=&#8221;{}&#8221; custom_padding__hover=&#8221;|||&#8221;][et_pb_code _builder_version=&#8221;4.16&#8243; global_colors_info=&#8221;{}&#8221;]<\/p>\n<hr>\n<p>[\/et_pb_code][\/et_pb_column][\/et_pb_row][et_pb_row _builder_version=&#8221;4.16&#8243; global_colors_info=&#8221;{}&#8221; column_structure=&#8221;1_2,1_2&#8243;][et_pb_column type=&#8221;1_2&#8243; _builder_version=&#8221;4.16&#8243; custom_padding=&#8221;|||&#8221; global_colors_info=&#8221;{}&#8221; custom_padding__hover=&#8221;|||&#8221;][et_pb_text _builder_version=&#8221;4.16&#8243; global_colors_info=&#8221;{}&#8221;]<\/p>\n<h2>CARACTER\u00cdSTIQUES<\/h2>\n<p><span class=\"et-pb-icon et-waypoint et_pb_animation_top et-animated\" style=\"color: #3c934c; font-size: 30px;\">N<\/span>El nitr\u00f2gen \u00e9s un gas inodor i comprimible. Es troBa a l\u2019aire en una proporci\u00f3 del 78%. \u00c9s qu\u00edmicament inert en les condicions normals d\u2019utilitzaci\u00f3.<\/p>\n<p><span class=\"et-pb-icon et-waypoint et_pb_animation_top et-animated\" style=\"color: #3c934c; font-size: 30px;\">N<\/span> Puresa : NITR\u00d3GENO N2 \u2265 99.99 %<\/p>\n<p>[\/et_pb_text][\/et_pb_column][et_pb_column type=&#8221;1_2&#8243; _builder_version=&#8221;4.16&#8243; custom_padding=&#8221;|||&#8221; global_colors_info=&#8221;{}&#8221; custom_padding__hover=&#8221;|||&#8221;][et_pb_text _builder_version=&#8221;4.16&#8243; global_colors_info=&#8221;{}&#8221;]<\/p>\n<h2>BOTELLES<\/h2>\n<p><span class=\"et-pb-icon et-waypoint et_pb_animation_top et-animated\" style=\"color: #3c934c; font-size: 30px;\">N<\/span> V\u00e0lvula: tipus C<br \/> <span class=\"et-pb-icon et-waypoint et_pb_animation_top et-animated\" style=\"color: #3c934c; font-size: 30px;\">N<\/span> Connexi\u00f3 mascle \u00d8 21.7<br \/> <span class=\"et-pb-icon et-waypoint et_pb_animation_top et-animated\" style=\"color: #3c934c; font-size: 30px;\">N<\/span>Rosca 1.814 dreta<br \/> <span class=\"et-pb-icon et-waypoint et_pb_animation_top et-animated\" style=\"color: #3c934c; font-size: 30px;\">N<\/span>Ogiva: negra<\/p>\n<p>[\/et_pb_text][et_pb_text _builder_version=&#8221;4.16&#8243; global_colors_info=&#8221;{}&#8221;]<\/p>\n<h2>BLOCS<\/h2>\n<p><span class=\"et-pb-icon et-waypoint et_pb_animation_top et-animated\" style=\"color: #3c934c; font-size: 30px;\">N<\/span>\u00a0Ogiva: negra<\/p>\n<p>[\/et_pb_text][\/et_pb_column][\/et_pb_row][\/et_pb_section][et_pb_section fb_built=&#8221;1&#8243; module_class=&#8221;enlaces&#8221; _builder_version=&#8221;4.16&#8243; background_color=&#8221;#f7f7f7&#8243; use_background_color_gradient=&#8221;on&#8221; background_color_gradient_direction=&#8221;1deg&#8221; background_color_gradient_stops=&#8221;#4CAF50 0%|#388E3C 100%&#8221; background_color_gradient_overlays_image=&#8221;on&#8221; background_color_gradient_start=&#8221;#4CAF50&#8243; background_color_gradient_end=&#8221;#388E3C&#8221; background_image=&#8221;https:\/\/gdaparatos.com\/wp-content\/uploads\/2018\/06\/coding-background-texture.jpg&#8221; background_blend=&#8221;overlay&#8221; global_colors_info=&#8221;{}&#8221;][et_pb_row _builder_version=&#8221;4.16&#8243; global_colors_info=&#8221;{}&#8221; column_structure=&#8221;2_3,1_3&#8243;][et_pb_column type=&#8221;2_3&#8243; _builder_version=&#8221;4.16&#8243; custom_padding=&#8221;|||&#8221; global_colors_info=&#8221;{}&#8221; custom_padding__hover=&#8221;|||&#8221;][et_pb_text _builder_version=&#8221;4.16&#8243; text_font=&#8221;||||||||&#8221; text_text_color=&#8221;#ffffff&#8221; text_font_size=&#8221;27px&#8221; text_line_height=&#8221;1.9em&#8221; global_colors_info=&#8221;{}&#8221;]<\/p>\n<p>Pots veure i descarregar la informaci\u00f3 d&#8217;aquesta p\u00e0gina en format pdf fent clic sobre el bot\u00f3<\/p>\n<p>[\/et_pb_text][\/et_pb_column][et_pb_column type=&#8221;1_3&#8243; _builder_version=&#8221;4.16&#8243; custom_padding=&#8221;|||&#8221; global_colors_info=&#8221;{}&#8221; custom_padding__hover=&#8221;|||&#8221;][et_pb_button button_url=&#8221;https:\/\/gdaparatos.com\/wp-content\/uploads\/2018\/08\/NITR\u00d2GEN.pdf&#8221; url_new_window=&#8221;on&#8221; button_text=&#8221;Veure i descarregar en PDF&#8221; button_alignment=&#8221;right&#8221; _builder_version=&#8221;4.16&#8243; custom_button=&#8221;on&#8221; button_bg_color=&#8221;#ffffff&#8221; button_border_color=&#8221;#ffffff&#8221; button_font=&#8221;||||||||&#8221; custom_margin=&#8221;50px|||&#8221; global_colors_info=&#8221;{}&#8221; button_text_size__hover_enabled=&#8221;off&#8221; button_one_text_size__hover_enabled=&#8221;off&#8221; button_two_text_size__hover_enabled=&#8221;off&#8221; button_text_color__hover_enabled=&#8221;off&#8221; button_one_text_color__hover_enabled=&#8221;off&#8221; button_two_text_color__hover_enabled=&#8221;off&#8221; button_border_width__hover_enabled=&#8221;off&#8221; button_one_border_width__hover_enabled=&#8221;off&#8221; button_two_border_width__hover_enabled=&#8221;off&#8221; button_border_color__hover_enabled=&#8221;off&#8221; button_one_border_color__hover_enabled=&#8221;off&#8221; button_two_border_color__hover_enabled=&#8221;off&#8221; button_border_radius__hover_enabled=&#8221;off&#8221; button_one_border_radius__hover_enabled=&#8221;off&#8221; button_two_border_radius__hover_enabled=&#8221;off&#8221; button_letter_spacing__hover_enabled=&#8221;off&#8221; button_one_letter_spacing__hover_enabled=&#8221;off&#8221; button_two_letter_spacing__hover_enabled=&#8221;off&#8221; button_bg_color__hover_enabled=&#8221;off&#8221; button_one_bg_color__hover_enabled=&#8221;off&#8221; button_two_bg_color__hover_enabled=&#8221;off&#8221;][\/et_pb_button][\/et_pb_column][\/et_pb_row][\/et_pb_section][et_pb_section fb_built=&#8221;1&#8243; admin_label=&#8221;Footer&#8221; _builder_version=&#8221;4.16&#8243; custom_padding=&#8221;0px|0px|0px|0px&#8221; animation_direction=&#8221;bottom&#8221; saved_tabs=&#8221;all&#8221; global_colors_info=&#8221;{}&#8221;][et_pb_row column_structure=&#8221;1_6,1_3,1_3,1_6&#8243; use_custom_gutter=&#8221;on&#8221; gutter_width=&#8221;2&#8243; _builder_version=&#8221;4.4.6&#8243; background_size=&#8221;initial&#8221; background_position=&#8221;top_left&#8221; background_repeat=&#8221;repeat&#8221; background_blend=&#8221;overlay&#8221; width=&#8221;100%&#8221; max_width=&#8221;100%&#8221; custom_margin=&#8221;0px|||&#8221; custom_padding=&#8221;100px||100px|&#8221; use_custom_width=&#8221;on&#8221; width_unit=&#8221;off&#8221; custom_width_percent=&#8221;100%&#8221; global_module=&#8221;7204&#8243; global_colors_info=&#8221;{}&#8221;][et_pb_column type=&#8221;1_6&#8243; _builder_version=&#8221;4.16&#8243; custom_padding=&#8221;|||&#8221; global_colors_info=&#8221;{}&#8221; custom_padding__hover=&#8221;|||&#8221;][\/et_pb_column][et_pb_column type=&#8221;1_3&#8243; _builder_version=&#8221;4.16&#8243; custom_padding=&#8221;|||&#8221; global_colors_info=&#8221;{}&#8221; custom_padding__hover=&#8221;|||&#8221;][et_pb_text _builder_version=&#8221;4.16&#8243; header_font=&#8221;||||||||&#8221; header_2_font=&#8221;||||||||&#8221; header_2_font_size=&#8221;32px&#8221; header_3_font=&#8221;||||||||&#8221; header_3_line_height=&#8221;2em&#8221; global_colors_info=&#8221;{}&#8221;]<\/p>\n<h2 style=\"text-align: left;\">Tens algun dubte?<\/h2>\n<h3>Si necessites ajuda no dubtis en consultar<\/h3>\n<p>Contacta amb nosaltres a trav\u00e9s d&#8217;aquest formulari de contacte. Si ho prefereixes, a la secci\u00f3 de contacte o al peu de p\u00e0gina pots trobar diferents maneres de resoldre els teus dubtes.<\/p>\n<p>[\/et_pb_text][\/et_pb_column][et_pb_column type=&#8221;1_3&#8243; _builder_version=&#8221;4.16&#8243; custom_padding=&#8221;|||&#8221; global_colors_info=&#8221;{}&#8221; custom_padding__hover=&#8221;|||&#8221;][et_pb_contact_form email=&#8221;comercial@gdaparatos.com&#8221; custom_message=&#8221;Nombre: %%Name%%||et_pb_line_break_holder||||et_pb_line_break_holder||Email: %%Email%%||et_pb_line_break_holder||||et_pb_line_break_holder||Tel\u00e9fono: %%Message%%&#8221; success_message=&#8221;Gr\u00e0cies per contactar amb nosaltres&#8221; submit_button_text=&#8221;Enviar&#8221; module_id=&#8221;et_pb_contact_form_0&#8243; _builder_version=&#8221;4.16&#8243; _unique_id=&#8221;cab18ed4-2bc8-45c8-a6f5-40b2aeb6e272&#8243; custom_button=&#8221;on&#8221; button_use_icon=&#8221;off&#8221; global_colors_info=&#8221;{}&#8221;][et_pb_contact_field field_id=&#8221;Name&#8221; field_title=&#8221;Nom&#8221; _builder_version=&#8221;4.16&#8243; global_colors_info=&#8221;{}&#8221; button_text_size__hover_enabled=&#8221;off&#8221; button_one_text_size__hover_enabled=&#8221;off&#8221; button_two_text_size__hover_enabled=&#8221;off&#8221; button_text_color__hover_enabled=&#8221;off&#8221; button_one_text_color__hover_enabled=&#8221;off&#8221; button_two_text_color__hover_enabled=&#8221;off&#8221; button_border_width__hover_enabled=&#8221;off&#8221; button_one_border_width__hover_enabled=&#8221;off&#8221; button_two_border_width__hover_enabled=&#8221;off&#8221; button_border_color__hover_enabled=&#8221;off&#8221; button_one_border_color__hover_enabled=&#8221;off&#8221; button_two_border_color__hover_enabled=&#8221;off&#8221; button_border_radius__hover_enabled=&#8221;off&#8221; button_one_border_radius__hover_enabled=&#8221;off&#8221; button_two_border_radius__hover_enabled=&#8221;off&#8221; button_letter_spacing__hover_enabled=&#8221;off&#8221; button_one_letter_spacing__hover_enabled=&#8221;off&#8221; button_two_letter_spacing__hover_enabled=&#8221;off&#8221; button_bg_color__hover_enabled=&#8221;off&#8221; button_one_bg_color__hover_enabled=&#8221;off&#8221; button_two_bg_color__hover_enabled=&#8221;off&#8221;][\/et_pb_contact_field][et_pb_contact_field field_id=&#8221;Email&#8221; field_title=&#8221;Adre\u00e7a de correu electr\u00f2nic&#8221; field_type=&#8221;email&#8221; _builder_version=&#8221;4.16&#8243; global_colors_info=&#8221;{}&#8221; button_text_size__hover_enabled=&#8221;off&#8221; button_one_text_size__hover_enabled=&#8221;off&#8221; button_two_text_size__hover_enabled=&#8221;off&#8221; button_text_color__hover_enabled=&#8221;off&#8221; button_one_text_color__hover_enabled=&#8221;off&#8221; button_two_text_color__hover_enabled=&#8221;off&#8221; button_border_width__hover_enabled=&#8221;off&#8221; button_one_border_width__hover_enabled=&#8221;off&#8221; button_two_border_width__hover_enabled=&#8221;off&#8221; button_border_color__hover_enabled=&#8221;off&#8221; button_one_border_color__hover_enabled=&#8221;off&#8221; button_two_border_color__hover_enabled=&#8221;off&#8221; button_border_radius__hover_enabled=&#8221;off&#8221; button_one_border_radius__hover_enabled=&#8221;off&#8221; button_two_border_radius__hover_enabled=&#8221;off&#8221; button_letter_spacing__hover_enabled=&#8221;off&#8221; button_one_letter_spacing__hover_enabled=&#8221;off&#8221; button_two_letter_spacing__hover_enabled=&#8221;off&#8221; button_bg_color__hover_enabled=&#8221;off&#8221; button_one_bg_color__hover_enabled=&#8221;off&#8221; button_two_bg_color__hover_enabled=&#8221;off&#8221;][\/et_pb_contact_field][et_pb_contact_field field_id=&#8221;Tel\u00e8fon&#8221; field_title=&#8221;Tel\u00e8fon&#8221; fullwidth_field=&#8221;on&#8221; _builder_version=&#8221;4.16&#8243; global_colors_info=&#8221;{}&#8221;][\/et_pb_contact_field][et_pb_contact_field field_id=&#8221;Message&#8221; field_title=&#8221;Missatge&#8221; field_type=&#8221;text&#8221; fullwidth_field=&#8221;on&#8221; _builder_version=&#8221;4.16&#8243; global_colors_info=&#8221;{}&#8221; button_text_size__hover_enabled=&#8221;off&#8221; button_one_text_size__hover_enabled=&#8221;off&#8221; button_two_text_size__hover_enabled=&#8221;off&#8221; button_text_color__hover_enabled=&#8221;off&#8221; button_one_text_color__hover_enabled=&#8221;off&#8221; button_two_text_color__hover_enabled=&#8221;off&#8221; button_border_width__hover_enabled=&#8221;off&#8221; button_one_border_width__hover_enabled=&#8221;off&#8221; button_two_border_width__hover_enabled=&#8221;off&#8221; button_border_color__hover_enabled=&#8221;off&#8221; button_one_border_color__hover_enabled=&#8221;off&#8221; button_two_border_color__hover_enabled=&#8221;off&#8221; button_border_radius__hover_enabled=&#8221;off&#8221; button_one_border_radius__hover_enabled=&#8221;off&#8221; button_two_border_radius__hover_enabled=&#8221;off&#8221; button_letter_spacing__hover_enabled=&#8221;off&#8221; button_one_letter_spacing__hover_enabled=&#8221;off&#8221; button_two_letter_spacing__hover_enabled=&#8221;off&#8221; button_bg_color__hover_enabled=&#8221;off&#8221; button_one_bg_color__hover_enabled=&#8221;off&#8221; button_two_bg_color__hover_enabled=&#8221;off&#8221;][\/et_pb_contact_field][et_pb_contact_field field_id=&#8221;Aviso&#8221; field_title=&#8221;Acceptar pol\u00edtica de protecci\u00f3 de dades&#8221; field_type=&#8221;checkbox&#8221; checkbox_options=&#8221;%91{%22value%22:%22Acceptar la %22,%22checked%22:0,%22dragID%22:-1,%22link_url%22:%22https:\/\/gdaparatos.com\/aviso-legal\/%22,%22link_text%22:%22pol\u00edtica de protecci\u00f3  de dades%22}%93&#8243; _builder_version=&#8221;4.16&#8243; global_colors_info=&#8221;{}&#8221; button_text_size__hover_enabled=&#8221;off&#8221; button_one_text_size__hover_enabled=&#8221;off&#8221; button_two_text_size__hover_enabled=&#8221;off&#8221; button_text_color__hover_enabled=&#8221;off&#8221; button_one_text_color__hover_enabled=&#8221;off&#8221; button_two_text_color__hover_enabled=&#8221;off&#8221; button_border_width__hover_enabled=&#8221;off&#8221; button_one_border_width__hover_enabled=&#8221;off&#8221; button_two_border_width__hover_enabled=&#8221;off&#8221; button_border_color__hover_enabled=&#8221;off&#8221; button_one_border_color__hover_enabled=&#8221;off&#8221; button_two_border_color__hover_enabled=&#8221;off&#8221; button_border_radius__hover_enabled=&#8221;off&#8221; button_one_border_radius__hover_enabled=&#8221;off&#8221; button_two_border_radius__hover_enabled=&#8221;off&#8221; button_letter_spacing__hover_enabled=&#8221;off&#8221; button_one_letter_spacing__hover_enabled=&#8221;off&#8221; button_two_letter_spacing__hover_enabled=&#8221;off&#8221; button_bg_color__hover_enabled=&#8221;off&#8221; button_one_bg_color__hover_enabled=&#8221;off&#8221; button_two_bg_color__hover_enabled=&#8221;off&#8221;][\/et_pb_contact_field][\/et_pb_contact_form][et_pb_code _builder_version=&#8221;4.16&#8243; global_colors_info=&#8221;{}&#8221;]<script type=\"text\/javascript\"><!-- [et_pb_line_break_holder] -->jQuery(function($){<!-- [et_pb_line_break_holder] --> $(\".et_pb_contact_field_checkbox label\").html(\"<i><\/i>Acceptar<a href='https:\/\/gdaparatos.com\/ca\/avis-legal-sobre-aquest-portal\/' target='_blank' style='color:green;' rel='noopener noreferrer'> <strong>Pol\u00edtica de protecci\u00f3 de dades<\/strong><\/a>\");<!-- [et_pb_line_break_holder] -->});<!-- [et_pb_line_break_holder] --><\/script>[\/et_pb_code][\/et_pb_column][et_pb_column type=&#8221;1_6&#8243; _builder_version=&#8221;4.16&#8243; custom_padding=&#8221;|||&#8221; global_colors_info=&#8221;{}&#8221; custom_padding__hover=&#8221;|||&#8221;][\/et_pb_column][\/et_pb_row][\/et_pb_section]<\/p>\n","protected":false},"excerpt":{"rendered":"<p><nav aria-label=\"breadcrumbs\">\n            <div class=\"breadcrumb-container theme2\">\n                <ol>\n                                    <\/ol>\n            <\/div>\n        <\/nav>    <script type=\"application\/ld+json\">\n        {\n            \"@context\": \"http:\/\/schema.org\",\n            \"@type\": \"BreadcrumbList\",\n            \"itemListElement\": [\n                            ]\n        }\n    <\/script>\n   \n    <script>\n            <\/script>\nUSOS N En estat gas\u00f3s Atmosfera protectora Desoxigenaci\u00f3 de l\u00edquids alimentaris (oli, vi). Control d\u2019atmosfera, reaccions qu\u00edmiques, electr\u00f2nica, aparells el\u00e8ctrics instal\u00b7lats en zones perilloses. Atmosfera de tractaments t\u00e8rmics metal\u00b7l\u00fargics Condicionament de productes alimentaris amb atmosfera neutra (patates fregides, aliments precuinats, etc). N Gas motor: Transvasament de l\u00edquids per pressi\u00f3 (aerosol, etc) Banys de mescla (metall, [&hellip;]<\/p>\n","protected":false},"author":6,"featured_media":0,"parent":4284,"menu_order":0,"comment_status":"closed","ping_status":"closed","template":"","meta":{"_et_pb_use_builder":"on","_et_pb_old_content":"","_et_gb_content_width":"","footnotes":""},"class_list":["post-4499","page","type-page","status-publish","hentry"],"_links":{"self":[{"href":"https:\/\/gdaparatos.com\/ca\/wp-json\/wp\/v2\/pages\/4499","targetHints":{"allow":["GET"]}}],"collection":[{"href":"https:\/\/gdaparatos.com\/ca\/wp-json\/wp\/v2\/pages"}],"about":[{"href":"https:\/\/gdaparatos.com\/ca\/wp-json\/wp\/v2\/types\/page"}],"author":[{"embeddable":true,"href":"https:\/\/gdaparatos.com\/ca\/wp-json\/wp\/v2\/users\/6"}],"replies":[{"embeddable":true,"href":"https:\/\/gdaparatos.com\/ca\/wp-json\/wp\/v2\/comments?post=4499"}],"version-history":[{"count":0,"href":"https:\/\/gdaparatos.com\/ca\/wp-json\/wp\/v2\/pages\/4499\/revisions"}],"up":[{"embeddable":true,"href":"https:\/\/gdaparatos.com\/ca\/wp-json\/wp\/v2\/pages\/4284"}],"wp:attachment":[{"href":"https:\/\/gdaparatos.com\/ca\/wp-json\/wp\/v2\/media?parent=4499"}],"curies":[{"name":"wp","href":"https:\/\/api.w.org\/{rel}","templated":true}]}}