{"id":4363,"date":"2018-07-27T11:14:22","date_gmt":"2018-07-27T11:14:22","guid":{"rendered":"http:\/\/grasadepalma.com\/gdaparatos\/?page_id=4363"},"modified":"2018-09-18T07:05:53","modified_gmt":"2018-09-18T07:05:53","slug":"cremadors-de-baixa-pressio-instruccions-dus-i-seguretat","status":"publish","type":"page","link":"https:\/\/gdaparatos.com\/ca\/productes\/cremadors-de-gas\/cremadors-de-baixa-pressio-instruccions-dus-i-seguretat\/","title":{"rendered":"Cremadors de baixa pressi\u00f3 &#8211; Instruccions d&#8217;us i seguretat"},"content":{"rendered":"<p>[et_pb_section fb_built=&#8221;1&#8243; fullwidth=&#8221;on&#8221; module_id=&#8221;titulo&#8221; _builder_version=&#8221;3.8.1&#8243; background_color=&#8221;#4CAF50&#8243; use_background_color_gradient=&#8221;on&#8221; background_color_gradient_start=&#8221;#dddddd&#8221; background_color_gradient_end=&#8221;#eeeeee&#8221; background_color_gradient_direction=&#8221;360deg&#8221; background_image=&#8221;https:\/\/gdaparatos.com\/wp-content\/uploads\/2018\/06\/coding-background-texture.jpg&#8221; background_blend=&#8221;overlay&#8221;][et_pb_fullwidth_header title=&#8221;Cremadors de baixa pressio&#8221; subhead=&#8221;Cremadors de gas&#8221; header_image_url=&#8221;https:\/\/gdaparatos.com\/wp-content\/uploads\/2018\/06\/prod_quemadores.jpg&#8221; image_alt_text=&#8221;Cremadors de baixa pressio&#8221; image_title=&#8221;Cremadors de baixa pressio&#8221; _builder_version=&#8221;3.11.1&#8243; title_text_color=&#8221;#555555&#8243; subhead_font_size=&#8221;23px&#8221; background_color=&#8221;rgba(255,255,255,0)&#8221; background_layout=&#8221;light&#8221; max_width_tablet=&#8221;50px&#8221; custom_padding=&#8221;|||&#8221;][\/et_pb_fullwidth_header][\/et_pb_section][et_pb_section fb_built=&#8221;1&#8243; _builder_version=&#8221;3.8.1&#8243; background_color=&#8221;#3c934c&#8221; border_style_all=&#8221;none&#8221; border_width_top=&#8221;2px&#8221; border_color_top=&#8221;#ffffff&#8221; custom_margin=&#8221;0px||0px|&#8221; custom_padding=&#8221;0px||0px|&#8221;][et_pb_row custom_padding=&#8221;0px||0px|&#8221; custom_margin=&#8221;0px||0px|&#8221; _builder_version=&#8221;3.8.1&#8243;][et_pb_column type=&#8221;4_4&#8243; _builder_version=&#8221;3.0.47&#8243; parallax=&#8221;off&#8221; parallax_method=&#8221;on&#8221;][et_pb_code _builder_version=&#8221;3.8.1&#8243; custom_margin=&#8221;0px||0px|&#8221; custom_padding=&#8221;0px||0px|&#8221;]&lt;span style=&quot;color:white!important&quot;&gt;<nav aria-label=\"breadcrumbs\">\n            <div class=\"breadcrumb-container theme2\">\n                <ol>\n                                    <\/ol>\n            <\/div>\n        <\/nav>    <script type=\"application\/ld+json\">\n        {\n            \"@context\": \"http:\/\/schema.org\",\n            \"@type\": \"BreadcrumbList\",\n            \"itemListElement\": [\n                            ]\n        }\n    <\/script>\n   \n    <script>\n            <\/script>\n&lt;\/span&gt;[\/et_pb_code][\/et_pb_column][\/et_pb_row][\/et_pb_section][et_pb_section fb_built=&#8221;1&#8243; _builder_version=&#8221;3.0.47&#8243;][et_pb_row _builder_version=&#8221;3.0.48&#8243; background_size=&#8221;initial&#8221; background_position=&#8221;top_left&#8221; background_repeat=&#8221;repeat&#8221;][et_pb_column type=&#8221;4_4&#8243; _builder_version=&#8221;3.0.47&#8243; parallax=&#8221;off&#8221; parallax_method=&#8221;on&#8221;][et_pb_text _builder_version=&#8221;3.11.1&#8243; header_font=&#8221;||||||||&#8221; header_5_font=&#8221;||||||||&#8221; header_5_font_size=&#8221;18px&#8221;]<\/p>\n<h3 style=\"text-align: center;\"><span style=\"color: #008000;\"><strong>INSTRUCCIONS D\u2019\u00daS I SEGURETAT<\/strong><\/span><\/h3>\n<h5 style=\"text-align: justify;\"><span class=\"et-pb-icon et-waypoint et_pb_animation_top et-animated\" style=\"color: #3c934c; font-size: 30px;\">N<\/span> <span style=\"text-decoration: underline;\"><span style=\"color: #008000; text-decoration: underline;\"><strong>INSTRUCCIONS DE MUNTATGE <\/strong><\/span><\/span><\/h5>\n<p style=\"text-align: justify;\"><strong>GLP<\/strong><br \/>Connectar el cremador al regulador de la botella o a la instal\u00b7laci\u00f3 de gas mitjan\u00e7ant un tub flexible i 2 abra\u00e7adores en el cas de no tenir rosca als extrems. Comprovar que la pressi\u00f3 sigui l\u2019adequada i en el cas de tub de cautx\u00fa, que aquest no estigui caducat i que no hi hagi fuites de gas. Si el cremador disposa de rosca, connectar un flexible codi 00LI121000.<br \/><strong>GN<\/strong><br \/>Connectar el cremador a la instal\u00b7laci\u00f3 de gas natural mitjan\u00e7ant un flexible codi 00LI121000. Comprovar que no hi hagi fuites de gas.<\/p>\n<h5 style=\"text-align: justify;\"><span class=\"et-pb-icon et-waypoint et_pb_animation_top et-animated\" style=\"color: #3c934c; font-size: 30px;\">N<\/span> <span style=\"text-decoration: underline;\"><span style=\"color: #008000; text-decoration: underline;\"><strong>POSTA EN MARXA\u00a0<\/strong><\/span><\/span><\/h5>\n<h5 style=\"text-align: justify;\"><span style=\"color: #008000;\">Models sense v\u00e0lvula de seguretat\u00a0<\/span><\/h5>\n<p style=\"text-align: justify;\">Obrir la clau del gas girant en sentit contrari a les agulles del rellotge i apropar una flama al cremador. Regular amb la clau de pas en funci\u00f3 de la pot\u00e8ncia desitjada.<\/p>\n<h5 style=\"text-align: justify;\"><span style=\"color: #008000;\">Models amb v\u00e0lvula de seguretat\u00a0<\/span><\/h5>\n<p style=\"text-align: justify;\">Obrir la clau del pas del gas girant en sentit contrari a les agulles del rellotge i apropar una flama al cremador mantenint polsada la v\u00e0lvula de seguretat durant uns segons.<\/p>\n<h5 style=\"text-align: justify;\"><span style=\"color: #008000;\">Models amb v\u00e0lvula de seguretat i pilot\u00a0<\/span><\/h5>\n<p style=\"text-align: justify;\">Apropar una flama al pilot mantenint polsada la v\u00e0lvula de seguretat durant uns segons.<br \/>Obrir aleshores la clau de pas del gas per a encendre el cremador principal.<\/p>\n<h5><span style=\"color: #008000;\">Models amb encesa piezoel\u00e8ctrica\u00a0<\/span><\/h5>\n<p><strong>En tots els casos anteriors,<\/strong> pr\u00e9mer el piezo en lloc d\u2019apropar una flama al cremador\/pilot.<\/p>\n<h5 style=\"text-align: justify;\"><span class=\"et-pb-icon et-waypoint et_pb_animation_top et-animated\" style=\"color: #3c934c; font-size: 30px;\">N<\/span> <span style=\"text-decoration: underline; color: #008000;\"><strong>APAGAR EL CREMADOR:<\/strong><\/span><\/h5>\n<p style=\"text-align: justify;\">Girar la clau de pas del gas en sentit horari.<br \/>En els models amb pilot, en tancar la clau de pas del gas, el pilot es queda enc\u00e8s per a posteriors enceses del cremador principal. En cas de voler apagar tamb\u00e9 el pilot, cal tancar la clau de pas de la instal\u00b7laci\u00f3.<\/p>\n<h5 style=\"text-align: justify;\"><span class=\"et-pb-icon et-waypoint et_pb_animation_top et-animated\" style=\"color: #3c934c; font-size: 30px;\">N<\/span> <span style=\"text-decoration: underline; color: #008000;\"><strong>DISPOSITIU DE SEGURETAT (nom\u00e9s per a aquells models que la incorporin)<\/strong><\/span><\/h5>\n<p style=\"text-align: justify;\">El cremador disposa de v\u00e0lvula de seguretat termoel\u00e8ctrica que, connectada al termoparell talla el pas del gas en cas de no detectar flama.<\/p>\n<p>[\/et_pb_text][\/et_pb_column][\/et_pb_row][et_pb_row _builder_version=&#8221;3.8.1&#8243;][et_pb_column type=&#8221;1_3&#8243; _builder_version=&#8221;3.0.47&#8243; parallax=&#8221;off&#8221; parallax_method=&#8221;on&#8221;][\/et_pb_column][et_pb_column type=&#8221;1_3&#8243; _builder_version=&#8221;3.0.47&#8243; parallax=&#8221;off&#8221; parallax_method=&#8221;on&#8221;][et_pb_code _builder_version=&#8221;3.8.1&#8243;]&lt;hr&gt;[\/et_pb_code][\/et_pb_column][et_pb_column type=&#8221;1_3&#8243; _builder_version=&#8221;3.0.47&#8243; parallax=&#8221;off&#8221; parallax_method=&#8221;on&#8221;][\/et_pb_column][\/et_pb_row][et_pb_row _builder_version=&#8221;3.8.1&#8243;][et_pb_column type=&#8221;4_4&#8243; _builder_version=&#8221;3.0.47&#8243; parallax=&#8221;off&#8221; parallax_method=&#8221;on&#8221;][et_pb_code _builder_version=&#8221;3.11.1&#8243;]&lt;h3 style=&quot;font-weight:bold;color:green;text-align:center;&quot;&gt;&lt;!&#8211; [et_pb_line_break_holder] &#8211;&gt; DADES T\u00c9CNIQUES &lt;!&#8211; [et_pb_line_break_holder] &#8211;&gt;&lt;\/h3&gt;&lt;!&#8211; [et_pb_line_break_holder] &#8211;&gt;&lt;table&gt;&lt;!&#8211; [et_pb_line_break_holder] &#8211;&gt;&lt;thead&gt;&lt;!&#8211; [et_pb_line_break_holder] &#8211;&gt;&lt;tr&gt;&lt;th&gt;MODEL&lt;\/th&gt; &lt;th&gt;POT\u00c8NCIA M\u00c0X &lt;\/th&gt; &lt;th&gt;CONSUM M\u00c0X &lt;\/th&gt; &lt;th&gt;PRESSI\u00d3 DE TREBALL &lt;\/th&gt; &lt;th&gt;GAS&lt;\/th&gt;&lt;\/tr&gt;&lt;!&#8211; [et_pb_line_break_holder] &#8211;&gt;&lt;\/thead&gt;&lt;!&#8211; [et_pb_line_break_holder] &#8211;&gt;&lt;tbody&gt;&lt;!&#8211; [et_pb_line_break_holder] &#8211;&gt;&lt;tr&gt;&lt;td&gt;413 GLP&lt;\/td&gt; &lt;td&gt;8.000\/9.000 Kcal\/h&lt;\/td&gt; &lt;td&gt;745gr\/h&lt;\/td&gt; &lt;td&gt;30\/37gr&lt;\/td&gt; &lt;td&gt;BUT\u00c0-PROP\u00c0&lt;\/td&gt;&lt;\/tr&gt;&lt;!&#8211; [et_pb_line_break_holder] &#8211;&gt;&lt;tr&gt;&lt;td&gt;413 GN&lt;\/td&gt; &lt;td&gt;9.500 Kcal\/h&lt;\/td&gt; &lt;td&gt;0,9223Nm3\/h&lt;\/td&gt; &lt;td&gt;22 mbar&lt;\/td&gt; &lt;td&gt;GAS NATURAL&lt;\/td&gt;&lt;\/tr&gt;&lt;!&#8211; [et_pb_line_break_holder] &#8211;&gt;&lt;tr&gt;&lt;td&gt;416 GLP&lt;\/td&gt; &lt;td&gt;8.000\/9.000 Kcal\/h&lt;\/td&gt; &lt;td&gt;745gr\/h&lt;\/td&gt; &lt;td&gt;30\/37gr&lt;\/td&gt; &lt;td&gt;BUT\u00c0-PROP\u00c0&lt;\/td&gt;&lt;\/tr&gt;&lt;!&#8211; [et_pb_line_break_holder] &#8211;&gt;&lt;tr&gt;&lt;td&gt;416 GN&lt;\/td&gt; &lt;td&gt;9.500 Kcal\/h&lt;\/td&gt; &lt;td&gt;0,9223Nm3\/h&lt;\/td&gt; &lt;td&gt;22 mbar&lt;\/td&gt; &lt;td&gt;GAS NATURAL&lt;\/td&gt;&lt;\/tr&gt;&lt;!&#8211; [et_pb_line_break_holder] &#8211;&gt;&lt;\/tbody&gt;&lt;!&#8211; [et_pb_line_break_holder] &#8211;&gt;&lt;\/table&gt;&lt;!&#8211; [et_pb_line_break_holder] &#8211;&gt;[\/et_pb_code][\/et_pb_column][\/et_pb_row][et_pb_row _builder_version=&#8221;3.8.1&#8243;][et_pb_column type=&#8221;1_3&#8243; _builder_version=&#8221;3.0.47&#8243; parallax=&#8221;off&#8221; parallax_method=&#8221;on&#8221;][\/et_pb_column][et_pb_column type=&#8221;1_3&#8243; _builder_version=&#8221;3.0.47&#8243; parallax=&#8221;off&#8221; parallax_method=&#8221;on&#8221;][et_pb_code _builder_version=&#8221;3.8.1&#8243;]&lt;hr&gt;[\/et_pb_code][\/et_pb_column][et_pb_column type=&#8221;1_3&#8243; _builder_version=&#8221;3.0.47&#8243; parallax=&#8221;off&#8221; parallax_method=&#8221;on&#8221;][\/et_pb_column][\/et_pb_row][et_pb_row _builder_version=&#8221;3.8.1&#8243;][et_pb_column type=&#8221;4_4&#8243; _builder_version=&#8221;3.0.47&#8243; parallax=&#8221;off&#8221; parallax_method=&#8221;on&#8221;][et_pb_text _builder_version=&#8221;3.11.1&#8243;]<\/p>\n<h3 style=\"text-align: center;\"><span style=\"color: #008000;\"><strong>MANTENIMENT<\/strong><\/span><\/h3>\n<p style=\"text-align: justify;\">Cal observar una bona neteja del cremador, especialment dels punts de sortida de foc. Revisar el bon funcionament de la v\u00e0lvula de seguretat i la clau de pas del gas. Comprovar que no hi hagi fuites de gas.<\/p>\n<p>[\/et_pb_text][\/et_pb_column][\/et_pb_row][\/et_pb_section][et_pb_section fb_built=&#8221;1&#8243; module_class=&#8221;enlaces&#8221; _builder_version=&#8221;3.8.1&#8243; background_color=&#8221;#f7f7f7&#8243; use_background_color_gradient=&#8221;on&#8221; background_color_gradient_start=&#8221;#4CAF50&#8243; background_color_gradient_end=&#8221;#388E3C&#8221; background_color_gradient_direction=&#8221;1deg&#8221; background_color_gradient_overlays_image=&#8221;on&#8221; background_image=&#8221;https:\/\/gdaparatos.com\/wp-content\/uploads\/2018\/06\/coding-background-texture.jpg&#8221; background_blend=&#8221;overlay&#8221;][et_pb_row _builder_version=&#8221;3.8.1&#8243;][et_pb_column type=&#8221;2_3&#8243; _builder_version=&#8221;3.0.47&#8243; parallax=&#8221;off&#8221; parallax_method=&#8221;on&#8221;][et_pb_text _builder_version=&#8221;3.8.1&#8243; text_font=&#8221;||||||||&#8221; text_text_color=&#8221;#ffffff&#8221; text_font_size=&#8221;27px&#8221; text_line_height=&#8221;1.9em&#8221;]<\/p>\n<p>Pots veure i descarregar la informaci\u00f3 d&#8217;aquesta p\u00e0gina en format pdf fent clic sobre el bot\u00f3<\/p>\n<p>[\/et_pb_text][\/et_pb_column][et_pb_column type=&#8221;1_3&#8243; _builder_version=&#8221;3.0.47&#8243; parallax=&#8221;off&#8221; parallax_method=&#8221;on&#8221;][et_pb_button button_url=&#8221;https:\/\/gdaparatos.com\/wp-content\/uploads\/2018\/09\/INSTRUCCIONS-CREMADORS-BAIXA-PRESSIO.pdf&#8221; url_new_window=&#8221;on&#8221; button_text=&#8221;Veure i descarregar en PDF&#8221; button_alignment=&#8221;right&#8221; _builder_version=&#8221;3.11.1&#8243; custom_button=&#8221;on&#8221; button_bg_color=&#8221;#ffffff&#8221; button_border_color=&#8221;#ffffff&#8221; button_font=&#8221;||||||||&#8221; custom_margin=&#8221;50px|||&#8221;][\/et_pb_button][\/et_pb_column][\/et_pb_row][\/et_pb_section][et_pb_section fb_built=&#8221;1&#8243; admin_label=&#8221;Footer&#8221; _builder_version=&#8221;3.8.1&#8243; custom_padding=&#8221;0px|0px|0px|0px&#8221; animation_direction=&#8221;bottom&#8221; saved_tabs=&#8221;all&#8221;][et_pb_row use_custom_width=&#8221;on&#8221; width_unit=&#8221;off&#8221; custom_width_percent=&#8221;100%&#8221; use_custom_gutter=&#8221;on&#8221; gutter_width=&#8221;2&#8243; custom_padding=&#8221;100px||100px|&#8221; custom_margin=&#8221;0px|||&#8221; _builder_version=&#8221;3.11.1&#8243; background_size=&#8221;initial&#8221; background_position=&#8221;top_left&#8221; background_repeat=&#8221;repeat&#8221; background_blend=&#8221;overlay&#8221; global_module=&#8221;7204&#8243;][et_pb_column type=&#8221;1_6&#8243; _builder_version=&#8221;3.0.47&#8243; parallax=&#8221;off&#8221; parallax_method=&#8221;on&#8221;][\/et_pb_column][et_pb_column type=&#8221;1_3&#8243; _builder_version=&#8221;3.0.47&#8243; parallax=&#8221;off&#8221; parallax_method=&#8221;on&#8221;][et_pb_text _builder_version=&#8221;3.8.1&#8243; header_font=&#8221;||||||||&#8221; header_2_font=&#8221;||||||||&#8221; header_2_font_size=&#8221;32px&#8221; header_3_font=&#8221;||||||||&#8221; header_3_line_height=&#8221;2em&#8221;]<\/p>\n<h2 style=\"text-align: left;\">Tens algun dubte?<\/h2>\n<h3>Si necessites ajuda no dubtis en consultar<\/h3>\n<p>Contacta amb nosaltres a trav\u00e9s d&#8217;aquest formulari de contacte. Si ho prefereixes a la secci\u00f3 de contacte o al peu de p\u00e0gina pots trobar diferents maneres de resoldre els teus dubtes.<\/p>\n<p>[\/et_pb_text][\/et_pb_column][et_pb_column type=&#8221;1_3&#8243; _builder_version=&#8221;3.0.47&#8243; parallax=&#8221;off&#8221; parallax_method=&#8221;on&#8221;][et_pb_contact_form email=&#8221;web@gdaparatos.com&#8221; custom_message=&#8221;Nombre: %%Name%%||et_pb_line_break_holder||||et_pb_line_break_holder||Email: %%Email%%||et_pb_line_break_holder||||et_pb_line_break_holder||Tel\u00e9fono: %%Message%%&#8221; success_message=&#8221;Gr\u00e0cies per contactar amb nosaltres&#8221; submit_button_text=&#8221;Enviar&#8221; module_id=&#8221;et_pb_contact_form_0&#8243; _builder_version=&#8221;3.11.1&#8243; custom_button=&#8221;on&#8221; button_use_icon=&#8221;off&#8221;][et_pb_contact_field field_id=&#8221;Name&#8221; field_title=&#8221;Nom&#8221; _builder_version=&#8221;3.11.1&#8243; border_radii=&#8221;on||||&#8221;][\/et_pb_contact_field][et_pb_contact_field field_id=&#8221;Email&#8221; field_title=&#8221;Direcci\u00f3n de correo electr\u00f3nico&#8221; field_type=&#8221;email&#8221; _builder_version=&#8221;3.11.1&#8243; border_radii=&#8221;on||||&#8221;][\/et_pb_contact_field][et_pb_contact_field field_id=&#8221;Message&#8221; field_title=&#8221;missatge&#8221; field_type=&#8221;text&#8221; fullwidth_field=&#8221;on&#8221; _builder_version=&#8221;3.11.1&#8243; border_radii=&#8221;on||||&#8221;][\/et_pb_contact_field][et_pb_contact_field field_id=&#8221;Aviso&#8221; field_title=&#8221;Aviso&#8221; field_type=&#8221;checkbox&#8221; checkbox_options=&#8221;%91{%22value%22:%22Aviso%22,%22checked%22:0}%93&#8243; _builder_version=&#8221;3.11.1&#8243;][\/et_pb_contact_field][\/et_pb_contact_form][et_pb_code _builder_version=&#8221;3.11.1&#8243;]&lt;script type=&quot;text\/javascript&quot;&gt;&lt;!&#8211; [et_pb_line_break_holder] &#8211;&gt;jQuery(function($){&lt;!&#8211; [et_pb_line_break_holder] &#8211;&gt; $(&quot;.et_pb_contact_field_checkbox label&quot;).html(&quot;&lt;i&gt;&lt;\/i&gt;Acceptar&lt;a href=&#039;https:\/\/gdaparatos.com\/ca\/avis-legal-sobre-aquest-portal\/&#039; target=&#039;_blank&#039; style=&#039;color:green;&#039;&gt; &lt;strong&gt;Pol\u00edtica de protecci\u00f3 de dades&lt;\/strong&gt;&lt;\/a&gt;&quot;);&lt;!&#8211; [et_pb_line_break_holder] &#8211;&gt;});&lt;!&#8211; [et_pb_line_break_holder] &#8211;&gt;&lt;\/script&gt;[\/et_pb_code][\/et_pb_column][et_pb_column type=&#8221;1_6&#8243; _builder_version=&#8221;3.0.47&#8243; parallax=&#8221;off&#8221; parallax_method=&#8221;on&#8221;][\/et_pb_column][\/et_pb_row][\/et_pb_section]<\/p>\n","protected":false},"excerpt":{"rendered":"<p>&lt;span style=&quot;color:white!important&quot;&gt;<nav aria-label=\"breadcrumbs\">\n            <div class=\"breadcrumb-container theme2\">\n                <ol>\n                                    <\/ol>\n            <\/div>\n        <\/nav>    <script type=\"application\/ld+json\">\n        {\n            \"@context\": \"http:\/\/schema.org\",\n            \"@type\": \"BreadcrumbList\",\n            \"itemListElement\": [\n                            ]\n        }\n    <\/script>\n   \n    <script>\n            <\/script>\n&lt;\/span&gt;INSTRUCCIONS D\u2019\u00daS I SEGURETAT N INSTRUCCIONS DE MUNTATGE GLPConnectar el cremador al regulador de la botella o a la instal\u00b7laci\u00f3 de gas mitjan\u00e7ant un tub flexible i 2 abra\u00e7adores en el cas de no tenir rosca als extrems. Comprovar que la pressi\u00f3 sigui l\u2019adequada i en el cas de tub de cautx\u00fa, que aquest [&hellip;]<\/p>\n","protected":false},"author":6,"featured_media":0,"parent":3912,"menu_order":0,"comment_status":"closed","ping_status":"closed","template":"","meta":{"_et_pb_use_builder":"on","_et_pb_old_content":"","_et_gb_content_width":"","footnotes":""},"class_list":["post-4363","page","type-page","status-publish","hentry"],"_links":{"self":[{"href":"https:\/\/gdaparatos.com\/ca\/wp-json\/wp\/v2\/pages\/4363","targetHints":{"allow":["GET"]}}],"collection":[{"href":"https:\/\/gdaparatos.com\/ca\/wp-json\/wp\/v2\/pages"}],"about":[{"href":"https:\/\/gdaparatos.com\/ca\/wp-json\/wp\/v2\/types\/page"}],"author":[{"embeddable":true,"href":"https:\/\/gdaparatos.com\/ca\/wp-json\/wp\/v2\/users\/6"}],"replies":[{"embeddable":true,"href":"https:\/\/gdaparatos.com\/ca\/wp-json\/wp\/v2\/comments?post=4363"}],"version-history":[{"count":0,"href":"https:\/\/gdaparatos.com\/ca\/wp-json\/wp\/v2\/pages\/4363\/revisions"}],"up":[{"embeddable":true,"href":"https:\/\/gdaparatos.com\/ca\/wp-json\/wp\/v2\/pages\/3912"}],"wp:attachment":[{"href":"https:\/\/gdaparatos.com\/ca\/wp-json\/wp\/v2\/media?parent=4363"}],"curies":[{"name":"wp","href":"https:\/\/api.w.org\/{rel}","templated":true}]}}