{"id":4345,"date":"2018-07-27T09:27:52","date_gmt":"2018-07-27T09:27:52","guid":{"rendered":"http:\/\/grasadepalma.com\/gdaparatos\/?page_id=4345"},"modified":"2018-08-09T15:49:55","modified_gmt":"2018-08-09T15:49:55","slug":"bufadors-per-cartutx-kemap","status":"publish","type":"page","link":"https:\/\/gdaparatos.com\/ca\/productes\/bufadors\/bufadors-per-cartutx-kemap\/","title":{"rendered":"Bufadors per cartutx Kemap"},"content":{"rendered":"<p>[et_pb_section fb_built=&#8221;1&#8243; fullwidth=&#8221;on&#8221; module_id=&#8221;titulo&#8221; _builder_version=&#8221;3.8.1&#8243; background_color=&#8221;#4CAF50&#8243; use_background_color_gradient=&#8221;on&#8221; background_color_gradient_start=&#8221;#dddddd&#8221; background_color_gradient_end=&#8221;#eeeeee&#8221; background_color_gradient_direction=&#8221;360deg&#8221; background_image=&#8221;https:\/\/gdaparatos.com\/wp-content\/uploads\/2018\/06\/coding-background-texture.jpg&#8221; background_blend=&#8221;overlay&#8221;][et_pb_fullwidth_header title=&#8221;Bufadors Kemap&#8221; subhead=&#8221;Bufadors per cartutx&#8221; header_image_url=&#8221;https:\/\/gdaparatos.com\/wp-content\/uploads\/2018\/06\/SOPLETES.jpg&#8221; _builder_version=&#8221;3.11.1&#8243; title_text_color=&#8221;#555555&#8243; subhead_font_size=&#8221;23px&#8221; background_color=&#8221;rgba(255,255,255,0)&#8221; background_layout=&#8221;light&#8221; max_width_tablet=&#8221;50px&#8221; custom_padding=&#8221;|||&#8221; image_alt_text=&#8221;Bufadors Kemap&#8221; image_title=&#8221;Bufadors Kemap&#8221;][\/et_pb_fullwidth_header][\/et_pb_section][et_pb_section fb_built=&#8221;1&#8243; _builder_version=&#8221;3.8.1&#8243; background_color=&#8221;#3c934c&#8221; border_style_all=&#8221;none&#8221; border_width_top=&#8221;2px&#8221; border_color_top=&#8221;#ffffff&#8221; custom_margin=&#8221;0px||0px|&#8221; custom_padding=&#8221;0px||0px|&#8221;][et_pb_row custom_padding=&#8221;0px||0px|&#8221; custom_margin=&#8221;0px||0px|&#8221; _builder_version=&#8221;3.8.1&#8243;][et_pb_column type=&#8221;4_4&#8243; _builder_version=&#8221;3.0.47&#8243; parallax=&#8221;off&#8221; parallax_method=&#8221;on&#8221;][et_pb_code _builder_version=&#8221;3.8.1&#8243; custom_margin=&#8221;0px||0px|&#8221; custom_padding=&#8221;0px||0px|&#8221;]&lt;span style=&quot;color:white!important&quot;&gt;<nav aria-label=\"breadcrumbs\">\n            <div class=\"breadcrumb-container theme2\">\n                <ol>\n                                    <\/ol>\n            <\/div>\n        <\/nav>    <script type=\"application\/ld+json\">\n        {\n            \"@context\": \"http:\/\/schema.org\",\n            \"@type\": \"BreadcrumbList\",\n            \"itemListElement\": [\n                            ]\n        }\n    <\/script>\n   \n    <script>\n            <\/script>\n&lt;\/span&gt;[\/et_pb_code][\/et_pb_column][\/et_pb_row][\/et_pb_section][et_pb_section fb_built=&#8221;1&#8243; _builder_version=&#8221;3.0.47&#8243;][et_pb_row _builder_version=&#8221;3.0.48&#8243; background_size=&#8221;initial&#8221; background_position=&#8221;top_left&#8221; background_repeat=&#8221;repeat&#8221;][et_pb_column type=&#8221;1_6&#8243; _builder_version=&#8221;3.0.47&#8243; parallax=&#8221;off&#8221; parallax_method=&#8221;on&#8221;][et_pb_image src=&#8221;https:\/\/gdaparatos.com\/wp-content\/uploads\/2018\/07\/sopletes-kemap-1.jpg&#8221; _builder_version=&#8221;3.11.1&#8243; alt=&#8221;Bufadors Kemap 1&#8243; title_text=&#8221;Bufadors Kemap 1&#8243;][\/et_pb_image][\/et_pb_column][et_pb_column type=&#8221;1_3&#8243; _builder_version=&#8221;3.0.47&#8243; parallax=&#8221;off&#8221; parallax_method=&#8221;on&#8221;][et_pb_text _builder_version=&#8221;3.8.1&#8243; text_font=&#8221;||||||||&#8221; text_font_size=&#8221;18px&#8221;]Bufador professional amb encesa piezo, flama de remol\u00ed calor\u00edfica, disseny ergon\u00f2mic, cos d\u2019alumini i sistema de bloqueig per a flama cont\u00ednua. Art. 1062 \/ 1062 E<br \/>\n[\/et_pb_text][\/et_pb_column][et_pb_column type=&#8221;1_6&#8243; _builder_version=&#8221;3.0.47&#8243; parallax=&#8221;off&#8221; parallax_method=&#8221;on&#8221;][et_pb_image src=&#8221;https:\/\/gdaparatos.com\/wp-content\/uploads\/2018\/07\/sopletes-kemap-2.jpg&#8221; _builder_version=&#8221;3.11.1&#8243; alt=&#8221;Bufadors Kemap 2&#8243; title_text=&#8221;Bufadors Kemap 2&#8243;][\/et_pb_image][\/et_pb_column][et_pb_column type=&#8221;1_3&#8243; _builder_version=&#8221;3.0.47&#8243; parallax=&#8221;off&#8221; parallax_method=&#8221;on&#8221;][et_pb_text _builder_version=&#8221;3.8.1&#8243; text_font=&#8221;||||||||&#8221; text_font_size=&#8221;18px&#8221;]Bufador professional \u201cKEMPOMATIC\u201d per a soldadura forta i tova;piezoel\u00e8ctric, flama regulable, sistema anti-caiguda, dos boquets intercanviables i bloqueig per a flama cont\u00ednua. Art. 1064 \/ 1064 E.<br \/>\n[\/et_pb_text][\/et_pb_column][\/et_pb_row][et_pb_row _builder_version=&#8221;3.0.48&#8243; background_size=&#8221;initial&#8221; background_position=&#8221;top_left&#8221; background_repeat=&#8221;repeat&#8221;][et_pb_column type=&#8221;1_6&#8243; _builder_version=&#8221;3.0.47&#8243; parallax=&#8221;off&#8221; parallax_method=&#8221;on&#8221;][et_pb_image src=&#8221;https:\/\/gdaparatos.com\/wp-content\/uploads\/2018\/07\/sopletes-kemap-3.jpg&#8221; _builder_version=&#8221;3.11.1&#8243; alt=&#8221;Bufadors Kemap 3&#8243; title_text=&#8221;Bufadors Kemap 3&#8243;][\/et_pb_image][\/et_pb_column][et_pb_column type=&#8221;1_3&#8243; _builder_version=&#8221;3.0.47&#8243; parallax=&#8221;off&#8221; parallax_method=&#8221;on&#8221;][et_pb_text _builder_version=&#8221;3.8.1&#8243; text_font=&#8221;||||||||&#8221; text_font_size=&#8221;18px&#8221;]Bufador professional amb m\u00e0nec ergon\u00f2mic i piezo, flama regulable i dos broquets intercanviables amb art. 1096. Art. 1063 \/ 1063 E<br \/>\n[\/et_pb_text][\/et_pb_column][et_pb_column type=&#8221;1_6&#8243; _builder_version=&#8221;3.0.47&#8243; parallax=&#8221;off&#8221; parallax_method=&#8221;on&#8221;][et_pb_image src=&#8221;https:\/\/gdaparatos.com\/wp-content\/uploads\/2018\/07\/sopletes-kemap-4.jpg&#8221; _builder_version=&#8221;3.11.1&#8243; alt=&#8221;Bufadors Kemap 4&#8243; title_text=&#8221;Bufadors Kemap 4&#8243;][\/et_pb_image][\/et_pb_column][et_pb_column type=&#8221;1_3&#8243; _builder_version=&#8221;3.0.47&#8243; parallax=&#8221;off&#8221; parallax_method=&#8221;on&#8221;][et_pb_text _builder_version=&#8221;3.8.1&#8243; text_font=&#8221;||||||||&#8221; text_font_size=&#8221;18px&#8221;]Bufador professional \u201cROTAFLAME\u201d per a soldadura i altres aplicacions , amb bra\u00e7 rotatori a 360\u00ba dotat de sistema anti-caiguda, regulador de pressi\u00f3 de llaut\u00f3. Flama de remol\u00ed que garanteix un escalfament uniforme. Art. 1066 \/ 1066 E<br \/>\n[\/et_pb_text][\/et_pb_column][\/et_pb_row][et_pb_row _builder_version=&#8221;3.8.1&#8243;][et_pb_column type=&#8221;1_3&#8243; _builder_version=&#8221;3.0.47&#8243; parallax=&#8221;off&#8221; parallax_method=&#8221;on&#8221;][et_pb_image src=&#8221;https:\/\/gdaparatos.com\/wp-content\/uploads\/2018\/07\/sopletes-kemap-5.jpg&#8221; align=&#8221;center&#8221; _builder_version=&#8221;3.11.1&#8243; alt=&#8221;Kit SOLDADOR&#8221; title_text=&#8221;Kit SOLDADOR&#8221;][\/et_pb_image][et_pb_text _builder_version=&#8221;3.8.1&#8243;]<\/p>\n<p style=\"text-align: center;\"><strong>Kit SOLDADOR:<\/strong><br \/> Bufador 1062<br \/> 2 cartutxos KEMAP rosca<br \/> americana, malet\u00ed de PVC.<br \/> ART. 1062 \/ 1062 E KIT<\/p>\n<p>[\/et_pb_text][\/et_pb_column][et_pb_column type=&#8221;1_3&#8243; _builder_version=&#8221;3.0.47&#8243; parallax=&#8221;off&#8221; parallax_method=&#8221;on&#8221;][et_pb_image src=&#8221;https:\/\/gdaparatos.com\/wp-content\/uploads\/2018\/07\/sopletes-kemap-6.jpg&#8221; align=&#8221;center&#8221; _builder_version=&#8221;3.11.1&#8243; alt=&#8221;Kit KEMPOMATIC&#8221; title_text=&#8221;Kit KEMPOMATIC&#8221;][\/et_pb_image][et_pb_text _builder_version=&#8221;3.8.1&#8243;]<\/p>\n<p style=\"text-align: center;\"><strong>Kit KEMPOMATIC:<\/strong><br \/> Bufador 1064<br \/> 2 cartutxos KEMAP rosca<br \/> europea<br \/> Malet\u00ed de PVC<br \/> ART. 1064 \/ 1064 E KIT<\/p>\n<p>[\/et_pb_text][\/et_pb_column][et_pb_column type=&#8221;1_3&#8243; _builder_version=&#8221;3.0.47&#8243; parallax=&#8221;off&#8221; parallax_method=&#8221;on&#8221;][et_pb_image src=&#8221;https:\/\/gdaparatos.com\/wp-content\/uploads\/2018\/07\/sopletes-kemap-7.jpg&#8221; align=&#8221;center&#8221; _builder_version=&#8221;3.11.1&#8243; alt=&#8221;Kit OXIGAS&#8221; title_text=&#8221;Kit OXIGAS&#8221;][\/et_pb_image][et_pb_text _builder_version=&#8221;3.8.1&#8243;]<\/p>\n<p style=\"text-align: center;\"><strong>Kit OXIGAS:<\/strong><br \/> Reductors de pressi\u00f3<br \/> V\u00e0lvules anti-retorn<br \/> 1,5m de m\u00e0nega doble<br \/> Bufador amb 2 broquets<br \/> Cartutxos d\u2019ox\u00edgen i KEMAP<br \/> Ulleres i suport<br \/> ART. 555 K<\/p>\n<p>[\/et_pb_text][\/et_pb_column][\/et_pb_row][\/et_pb_section][et_pb_section fb_built=&#8221;1&#8243; module_class=&#8221;enlaces&#8221; _builder_version=&#8221;3.8.1&#8243; background_color=&#8221;#f7f7f7&#8243; use_background_color_gradient=&#8221;on&#8221; background_color_gradient_start=&#8221;#4CAF50&#8243; background_color_gradient_end=&#8221;#388E3C&#8221; background_color_gradient_direction=&#8221;1deg&#8221; background_color_gradient_overlays_image=&#8221;on&#8221; background_image=&#8221;https:\/\/gdaparatos.com\/wp-content\/uploads\/2018\/06\/coding-background-texture.jpg&#8221; background_blend=&#8221;overlay&#8221;][et_pb_row _builder_version=&#8221;3.8.1&#8243;][et_pb_column type=&#8221;2_3&#8243; _builder_version=&#8221;3.0.47&#8243; parallax=&#8221;off&#8221; parallax_method=&#8221;on&#8221;][et_pb_text _builder_version=&#8221;3.8.1&#8243; text_font=&#8221;||||||||&#8221; text_text_color=&#8221;#ffffff&#8221; text_font_size=&#8221;27px&#8221; text_line_height=&#8221;1.9em&#8221;]<\/p>\n<p>Pots veure i descarregar la informaci\u00f3 d&#8217;aquesta p\u00e0gina en format pdf fent clic sobre el bot\u00f3<\/p>\n<p>[\/et_pb_text][\/et_pb_column][et_pb_column type=&#8221;1_3&#8243; _builder_version=&#8221;3.0.47&#8243; parallax=&#8221;off&#8221; parallax_method=&#8221;on&#8221;][et_pb_button button_url=&#8221;https:\/\/gdaparatos.com\/wp-content\/uploads\/2018\/08\/BUFADORS-KEMAP_INFORMACI\u00d3-DEL-PRODUCTE2.pdf&#8221; url_new_window=&#8221;on&#8221; button_text=&#8221;Veure i descarregar en PDF&#8221; button_alignment=&#8221;right&#8221; _builder_version=&#8221;3.11.1&#8243; custom_button=&#8221;on&#8221; button_bg_color=&#8221;#ffffff&#8221; button_border_color=&#8221;#ffffff&#8221; button_font=&#8221;||||||||&#8221; custom_margin=&#8221;50px|||&#8221;][\/et_pb_button][\/et_pb_column][\/et_pb_row][\/et_pb_section][et_pb_section fb_built=&#8221;1&#8243; admin_label=&#8221;Footer&#8221; _builder_version=&#8221;3.11.1&#8243; custom_padding=&#8221;0px|0px|0px|0px&#8221; animation_direction=&#8221;bottom&#8221; saved_tabs=&#8221;all&#8221;][et_pb_row use_custom_width=&#8221;on&#8221; width_unit=&#8221;off&#8221; custom_width_percent=&#8221;100%&#8221; use_custom_gutter=&#8221;on&#8221; gutter_width=&#8221;2&#8243; custom_padding=&#8221;100px||100px|&#8221; custom_margin=&#8221;0px|||&#8221; _builder_version=&#8221;3.11.1&#8243; background_size=&#8221;initial&#8221; background_position=&#8221;top_left&#8221; background_repeat=&#8221;repeat&#8221; background_blend=&#8221;overlay&#8221; global_module=&#8221;7204&#8243;][et_pb_column type=&#8221;1_6&#8243; _builder_version=&#8221;3.0.47&#8243; parallax=&#8221;off&#8221; parallax_method=&#8221;on&#8221;][\/et_pb_column][et_pb_column type=&#8221;1_3&#8243; _builder_version=&#8221;3.0.47&#8243; parallax=&#8221;off&#8221; parallax_method=&#8221;on&#8221;][et_pb_text _builder_version=&#8221;3.8.1&#8243; header_font=&#8221;||||||||&#8221; header_2_font=&#8221;||||||||&#8221; header_2_font_size=&#8221;32px&#8221; header_3_font=&#8221;||||||||&#8221; header_3_line_height=&#8221;2em&#8221;]<\/p>\n<h2 style=\"text-align: left;\">Tens algun dubte?<\/h2>\n<h3>Si necessites ajuda no dubtis en consultar<\/h3>\n<p>Contacta amb nosaltres a trav\u00e9s d&#8217;aquest formulari de contacte. Si ho prefereixes a la secci\u00f3 de contacte o al peu de p\u00e0gina pots trobar diferents maneres de resoldre els teus dubtes.<\/p>\n<p>[\/et_pb_text][\/et_pb_column][et_pb_column type=&#8221;1_3&#8243; _builder_version=&#8221;3.0.47&#8243; parallax=&#8221;off&#8221; parallax_method=&#8221;on&#8221;][et_pb_contact_form email=&#8221;web@gdaparatos.com&#8221; custom_message=&#8221;Nombre: %%Name%%||et_pb_line_break_holder||||et_pb_line_break_holder||Email: %%Email%%||et_pb_line_break_holder||||et_pb_line_break_holder||Tel\u00e9fono: %%Message%%&#8221; success_message=&#8221;Gr\u00e0cies per contactar amb nosaltres&#8221; submit_button_text=&#8221;Enviar&#8221; module_id=&#8221;et_pb_contact_form_0&#8243; _builder_version=&#8221;3.11.1&#8243; custom_button=&#8221;on&#8221; button_use_icon=&#8221;off&#8221;][et_pb_contact_field field_id=&#8221;Name&#8221; field_title=&#8221;Nom&#8221; _builder_version=&#8221;3.11.1&#8243; border_radii=&#8221;on||||&#8221;][\/et_pb_contact_field][et_pb_contact_field field_id=&#8221;Email&#8221; field_title=&#8221;Direcci\u00f3n de correo electr\u00f3nico&#8221; field_type=&#8221;email&#8221; _builder_version=&#8221;3.11.1&#8243; border_radii=&#8221;on||||&#8221;][\/et_pb_contact_field][et_pb_contact_field field_id=&#8221;Message&#8221; field_title=&#8221;missatge&#8221; field_type=&#8221;text&#8221; fullwidth_field=&#8221;on&#8221; _builder_version=&#8221;3.11.1&#8243; border_radii=&#8221;on||||&#8221;][\/et_pb_contact_field][et_pb_contact_field field_id=&#8221;Aviso&#8221; field_title=&#8221;Aviso&#8221; field_type=&#8221;checkbox&#8221; checkbox_options=&#8221;%91{%22value%22:%22Aviso%22,%22checked%22:0}%93&#8243; _builder_version=&#8221;3.11.1&#8243;][\/et_pb_contact_field][\/et_pb_contact_form][et_pb_code _builder_version=&#8221;3.11.1&#8243;]&lt;script type=&quot;text\/javascript&quot;&gt;&lt;!&#8211; [et_pb_line_break_holder] &#8211;&gt;jQuery(function($){&lt;!&#8211; [et_pb_line_break_holder] &#8211;&gt; $(&quot;.et_pb_contact_field_checkbox label&quot;).html(&quot;&lt;i&gt;&lt;\/i&gt;Acceptar&lt;a href=&#039;https:\/\/gdaparatos.com\/ca\/avis-legal-sobre-aquest-portal\/&#039; target=&#039;_blank&#039; style=&#039;color:green;&#039;&gt; &lt;strong&gt;Pol\u00edtica de protecci\u00f3 de dades&lt;\/strong&gt;&lt;\/a&gt;&quot;);&lt;!&#8211; [et_pb_line_break_holder] &#8211;&gt;});&lt;!&#8211; [et_pb_line_break_holder] &#8211;&gt;&lt;\/script&gt;[\/et_pb_code][\/et_pb_column][et_pb_column type=&#8221;1_6&#8243; _builder_version=&#8221;3.0.47&#8243; parallax=&#8221;off&#8221; parallax_method=&#8221;on&#8221;][\/et_pb_column][\/et_pb_row][\/et_pb_section]<\/p>\n","protected":false},"excerpt":{"rendered":"<p>&lt;span style=&quot;color:white!important&quot;&gt;<nav aria-label=\"breadcrumbs\">\n            <div class=\"breadcrumb-container theme2\">\n                <ol>\n                                    <\/ol>\n            <\/div>\n        <\/nav>    <script type=\"application\/ld+json\">\n        {\n            \"@context\": \"http:\/\/schema.org\",\n            \"@type\": \"BreadcrumbList\",\n            \"itemListElement\": [\n                            ]\n        }\n    <\/script>\n   \n    <script>\n            <\/script>\n&lt;\/span&gt;Bufador professional amb encesa piezo, flama de remol\u00ed calor\u00edfica, disseny ergon\u00f2mic, cos d\u2019alumini i sistema de bloqueig per a flama cont\u00ednua. Art. 1062 \/ 1062 E Bufador professional \u201cKEMPOMATIC\u201d per a soldadura forta i tova;piezoel\u00e8ctric, flama regulable, sistema anti-caiguda, dos boquets intercanviables i bloqueig per a flama cont\u00ednua. Art. 1064 \/ 1064 E. Bufador [&hellip;]<\/p>\n","protected":false},"author":6,"featured_media":0,"parent":3897,"menu_order":0,"comment_status":"closed","ping_status":"closed","template":"","meta":{"_et_pb_use_builder":"on","_et_pb_old_content":"","_et_gb_content_width":"","footnotes":""},"class_list":["post-4345","page","type-page","status-publish","hentry"],"_links":{"self":[{"href":"https:\/\/gdaparatos.com\/ca\/wp-json\/wp\/v2\/pages\/4345","targetHints":{"allow":["GET"]}}],"collection":[{"href":"https:\/\/gdaparatos.com\/ca\/wp-json\/wp\/v2\/pages"}],"about":[{"href":"https:\/\/gdaparatos.com\/ca\/wp-json\/wp\/v2\/types\/page"}],"author":[{"embeddable":true,"href":"https:\/\/gdaparatos.com\/ca\/wp-json\/wp\/v2\/users\/6"}],"replies":[{"embeddable":true,"href":"https:\/\/gdaparatos.com\/ca\/wp-json\/wp\/v2\/comments?post=4345"}],"version-history":[{"count":0,"href":"https:\/\/gdaparatos.com\/ca\/wp-json\/wp\/v2\/pages\/4345\/revisions"}],"up":[{"embeddable":true,"href":"https:\/\/gdaparatos.com\/ca\/wp-json\/wp\/v2\/pages\/3897"}],"wp:attachment":[{"href":"https:\/\/gdaparatos.com\/ca\/wp-json\/wp\/v2\/media?parent=4345"}],"curies":[{"name":"wp","href":"https:\/\/api.w.org\/{rel}","templated":true}]}}