{"id":4333,"date":"2018-07-27T08:02:59","date_gmt":"2018-07-27T08:02:59","guid":{"rendered":"http:\/\/grasadepalma.com\/gdaparatos\/?page_id=4333"},"modified":"2025-12-16T11:46:40","modified_gmt":"2025-12-16T11:46:40","slug":"productes","status":"publish","type":"page","link":"https:\/\/gdaparatos.com\/ca\/productes\/","title":{"rendered":"Productes"},"content":{"rendered":"<p>[et_pb_section fb_built=&#8221;1&#8243; _builder_version=&#8221;4.16&#8243; background_color=&#8221;#3c934c&#8221; custom_margin=&#8221;0px||0px|&#8221; custom_padding=&#8221;0px||0px|&#8221; border_style_all=&#8221;none&#8221; border_width_top=&#8221;2px&#8221; border_color_top=&#8221;#ffffff&#8221; global_colors_info=&#8221;{}&#8221;][et_pb_row _builder_version=&#8221;4.16&#8243; custom_margin=&#8221;0px||0px|&#8221; custom_padding=&#8221;0px||0px|&#8221; global_colors_info=&#8221;{}&#8221;][et_pb_column type=&#8221;4_4&#8243; _builder_version=&#8221;4.16&#8243; custom_padding=&#8221;|||&#8221; global_colors_info=&#8221;{}&#8221; custom_padding__hover=&#8221;|||&#8221;][et_pb_code _builder_version=&#8221;4.16&#8243; custom_margin=&#8221;0px||0px|&#8221; custom_padding=&#8221;0px||0px|&#8221; global_colors_info=&#8221;{}&#8221;]<span style=\"color:white!important\"><nav aria-label=\"breadcrumbs\">\n            <div class=\"breadcrumb-container theme2\">\n                <ol>\n                                    <\/ol>\n            <\/div>\n        <\/nav>    <script type=\"application\/ld+json\">\n        {\n            \"@context\": \"http:\/\/schema.org\",\n            \"@type\": \"BreadcrumbList\",\n            \"itemListElement\": [\n                            ]\n        }\n    <\/script>\n   \n    <script>\n            <\/script>\n<\/span>[\/et_pb_code][\/et_pb_column][\/et_pb_row][\/et_pb_section][et_pb_section fb_built=&#8221;1&#8243; _builder_version=&#8221;4.16&#8243; global_colors_info=&#8221;{}&#8221;][et_pb_row _builder_version=&#8221;4.16&#8243; custom_width_px=&#8221;710px&#8221; global_colors_info=&#8221;{}&#8221;][et_pb_column type=&#8221;4_4&#8243; _builder_version=&#8221;4.16&#8243; background_position=&#8221;top_left&#8221; custom_padding=&#8221;|||&#8221; global_colors_info=&#8221;{}&#8221; custom_padding__hover=&#8221;|||&#8221;][et_pb_divider color=&#8221;#409b44&#8243; divider_weight=&#8221;3px&#8221; disabled_on=&#8221;off|off|off&#8221; _builder_version=&#8221;4.16&#8243; background_color_gradient_direction=&#8221;90deg&#8221; max_width=&#8221;100px&#8221; module_alignment=&#8221;center&#8221; height=&#8221;5px&#8221; custom_margin=&#8221;||20px|&#8221; custom_padding=&#8221;||20px|&#8221; animation_style=&#8221;slide&#8221; animation_direction=&#8221;bottom&#8221; saved_tabs=&#8221;all&#8221; locked=&#8221;off&#8221; global_colors_info=&#8221;{}&#8221;][\/et_pb_divider][et_pb_text admin_label=&#8221;Contact Section Title&#8221; _builder_version=&#8221;4.16&#8243; header_font=&#8221;Montserrat||||&#8221; header_text_color=&#8221;#1f1f1f&#8221; header_font_size=&#8221;36px&#8221; text_orientation=&#8221;center&#8221; max_width=&#8221;710px&#8221; module_alignment=&#8221;center&#8221; animation_style=&#8221;fold&#8221; animation_direction=&#8221;bottom&#8221; animation_intensity_fold=&#8221;20%&#8221; global_colors_info=&#8221;{}&#8221;]<\/p>\n<h1>Tots els productes<\/h1>\n<p>[\/et_pb_text][et_pb_text admin_label=&#8221;Contact Section Subtitle&#8221; _builder_version=&#8221;4.16&#8243; text_line_height=&#8221;1.9em&#8221; text_orientation=&#8221;center&#8221; max_width=&#8221;710px&#8221; module_alignment=&#8221;center&#8221; animation_style=&#8221;fold&#8221; animation_direction=&#8221;bottom&#8221; animation_intensity_fold=&#8221;20%&#8221; global_colors_info=&#8221;{}&#8221;]<\/p>\n<p>A GD Aparatos li fem accessibles tots els aparells i accessoris per al gas, necessaris per a dur a terme una instal\u00b7laci\u00f3.Tri\u00ef la fam\u00edlia de productes per veure les caracter\u00edstiques del producte que desitgi<\/p>\n<p>[\/et_pb_text][\/et_pb_column][\/et_pb_row][et_pb_row column_structure=&#8221;1_3,1_3,1_3&#8243; _builder_version=&#8221;4.16&#8243; global_colors_info=&#8221;{}&#8221;][et_pb_column type=&#8221;1_3&#8243; _builder_version=&#8221;4.16&#8243; custom_padding=&#8221;|||&#8221; global_colors_info=&#8221;{}&#8221; custom_padding__hover=&#8221;|||&#8221;][et_pb_image src=&#8221;https:\/\/gdaparatos.com\/wp-content\/uploads\/2018\/09\/prod_quemadores.jpg&#8221; alt=&#8221;Cremadors de gas&#8221; title_text=&#8221;Cremadors de gas&#8221; align_tablet=&#8221;center&#8221; align_phone=&#8221;&#8221; align_last_edited=&#8221;on|desktop&#8221; _builder_version=&#8221;4.16&#8243; global_colors_info=&#8221;{}&#8221;][\/et_pb_image][et_pb_toggle title=&#8221;Cremadors de gas&#8221; open_toggle_text_color=&#8221;#000000&#8243; open_toggle_background_color=&#8221;#ffffff&#8221; closed_toggle_text_color=&#8221;#000000&#8243; closed_toggle_background_color=&#8221;#ffffff&#8221; icon_color=&#8221;#12876f&#8221; open_icon_color=&#8221;#12876f&#8221; _builder_version=&#8221;4.16&#8243; title_level=&#8221;h4&#8243; title_font=&#8221;|700|||||||&#8221; title_text_align=&#8221;center&#8221; text_orientation=&#8221;center&#8221; global_colors_info=&#8221;{}&#8221;]Els cremadors de gas que presentem en aquesta secci\u00f3 es divideixen entre cremadors de gas de baixa pressi\u00f3 i cremadors de gas d\u2019alta pressi\u00f3\u2026<\/p>\n<p><strong><a href=\"https:\/\/gdaparatos.com\/ca\/productes\/cremadors-de-gas\/\">Llegir m\u00e9s &gt;&gt;<\/a><\/strong>[\/et_pb_toggle][\/et_pb_column][et_pb_column type=&#8221;1_3&#8243; _builder_version=&#8221;4.16&#8243; custom_padding=&#8221;|||&#8221; global_colors_info=&#8221;{}&#8221; custom_padding__hover=&#8221;|||&#8221;][et_pb_image src=&#8221;https:\/\/gdaparatos.com\/wp-content\/uploads\/2018\/09\/prod_chemtane2-1.jpg&#8221; alt=&#8221;Chemtane 2&#8243; title_text=&#8221;Chemtane 2&#8243; align_tablet=&#8221;center&#8221; align_phone=&#8221;&#8221; align_last_edited=&#8221;on|desktop&#8221; _builder_version=&#8221;4.16&#8243; global_colors_info=&#8221;{}&#8221;][\/et_pb_image][et_pb_toggle title=&#8221;Chemtane 2&#8243; open_toggle_text_color=&#8221;#000000&#8243; open_toggle_background_color=&#8221;#ffffff&#8221; closed_toggle_text_color=&#8221;#000000&#8243; closed_toggle_background_color=&#8221;#ffffff&#8221; icon_color=&#8221;#12876f&#8221; open_icon_color=&#8221;#12876f&#8221; _builder_version=&#8221;4.16&#8243; title_level=&#8221;h4&#8243; title_font=&#8221;|700|||||||&#8221; title_text_align=&#8221;center&#8221; text_orientation=&#8221;center&#8221; global_colors_info=&#8221;{}&#8221;]El CHEMTANE 2 \u00e9s un gas de nova generaci\u00f3 concebut per a substituir l\u2019acetil\u00e8 i el prop\u00e0 a l\u2019oxitall, soldadura i tots aquells processos t\u00e8rmics&#8230;<\/p>\n<p><strong><a href=\"https:\/\/gdaparatos.com\/ca\/productes\/chemtane-2\/\">Llegir m\u00e9s &gt;&gt;<\/a><\/strong>[\/et_pb_toggle][\/et_pb_column][et_pb_column type=&#8221;1_3&#8243; _builder_version=&#8221;4.16&#8243; custom_padding=&#8221;|||&#8221; global_colors_info=&#8221;{}&#8221; custom_padding__hover=&#8221;|||&#8221;][et_pb_image src=&#8221;https:\/\/gdaparatos.com\/wp-content\/uploads\/2018\/09\/SOPLETES.jpg&#8221; alt=&#8221;Bufadors&#8221; title_text=&#8221;Bufadors&#8221; align_tablet=&#8221;center&#8221; align_phone=&#8221;&#8221; align_last_edited=&#8221;on|desktop&#8221; _builder_version=&#8221;4.16&#8243; global_colors_info=&#8221;{}&#8221;][\/et_pb_image][et_pb_toggle title=&#8221;Bufadors&#8221; open_toggle_text_color=&#8221;#000000&#8243; open_toggle_background_color=&#8221;#ffffff&#8221; closed_toggle_text_color=&#8221;#000000&#8243; closed_toggle_background_color=&#8221;#ffffff&#8221; icon_color=&#8221;#12876f&#8221; open_icon_color=&#8221;#12876f&#8221; _builder_version=&#8221;4.16&#8243; title_level=&#8221;h4&#8243; title_font=&#8221;|700|||||||&#8221; title_text_align=&#8221;center&#8221; text_orientation=&#8221;center&#8221; global_colors_info=&#8221;{}&#8221;]Un bufador \u00e9s un dispositiu en forma de tub afuat que mescla aire o oxigen a una certa pressi\u00f3 amb el gas d\u2019un bec, per tal d\u2019obtenir una flama\u2026<\/p>\n<p><strong><a href=\"https:\/\/gdaparatos.com\/ca\/productes\/bufadors\/\">Llegir m\u00e9s &gt;&gt;<\/a><\/strong>[\/et_pb_toggle][\/et_pb_column][\/et_pb_row][et_pb_row column_structure=&#8221;1_3,1_3,1_3&#8243; _builder_version=&#8221;4.16&#8243; global_colors_info=&#8221;{}&#8221;][et_pb_column type=&#8221;1_3&#8243; _builder_version=&#8221;4.16&#8243; custom_padding=&#8221;|||&#8221; global_colors_info=&#8221;{}&#8221; custom_padding__hover=&#8221;|||&#8221;][et_pb_image src=&#8221;https:\/\/gdaparatos.com\/wp-content\/uploads\/2018\/09\/weldas.jpg&#8221; alt=&#8221;Equips de Protecci\u00f3 Individual&#8221; title_text=&#8221;Equips de Protecci\u00f3 Individual&#8221; align_tablet=&#8221;center&#8221; align_phone=&#8221;&#8221; align_last_edited=&#8221;on|desktop&#8221; _builder_version=&#8221;4.16&#8243; global_colors_info=&#8221;{}&#8221;][\/et_pb_image][et_pb_toggle title=&#8221;Equips de Protecci\u00f3 Individual&#8221; open_toggle_text_color=&#8221;#000000&#8243; open_toggle_background_color=&#8221;#ffffff&#8221; closed_toggle_text_color=&#8221;#000000&#8243; closed_toggle_background_color=&#8221;#ffffff&#8221; icon_color=&#8221;#12876f&#8221; open_icon_color=&#8221;#12876f&#8221; _builder_version=&#8221;4.16&#8243; title_level=&#8221;h4&#8243; title_font=&#8221;|700|||||||&#8221; title_text_align=&#8221;center&#8221; text_orientation=&#8221;center&#8221; global_colors_info=&#8221;{}&#8221;]Fidels a la nostra filosofia d&#8217;apostar per la seguretat dels nostres clients, a GD vam optar per oferir equips d&#8217;alta gamma que no nom\u00e9s milloraran l&#8217;\u00edndex de prevenci\u00f3\u2026<\/p>\n<p><strong><a href=\"https:\/\/gdaparatos.com\/ca\/productes\/equips-de-proteccio-individual-epis\/\">Llegir m\u00e9s &gt;&gt;<\/a><\/strong>[\/et_pb_toggle][\/et_pb_column][et_pb_column type=&#8221;1_3&#8243; _builder_version=&#8221;4.16&#8243; custom_padding=&#8221;|||&#8221; global_colors_info=&#8221;{}&#8221; custom_padding__hover=&#8221;|||&#8221;][et_pb_image src=&#8221;https:\/\/gdaparatos.com\/wp-content\/uploads\/2018\/09\/prod_lanza_termica.jpg&#8221; alt=&#8221;Llan\u00e7a t\u00e8rmica&#8221; title_text=&#8221;Llan\u00e7a t\u00e8rmica&#8221; align_tablet=&#8221;center&#8221; align_phone=&#8221;&#8221; align_last_edited=&#8221;on|desktop&#8221; _builder_version=&#8221;4.16&#8243; global_colors_info=&#8221;{}&#8221;][\/et_pb_image][et_pb_toggle title=&#8221;Llan\u00e7a t\u00e8rmica&#8221; open_toggle_text_color=&#8221;#000000&#8243; open_toggle_background_color=&#8221;#ffffff&#8221; closed_toggle_text_color=&#8221;#000000&#8243; closed_toggle_background_color=&#8221;#ffffff&#8221; icon_color=&#8221;#12876f&#8221; open_icon_color=&#8221;#12876f&#8221; _builder_version=&#8221;4.16&#8243; title_level=&#8221;h4&#8243; title_font=&#8221;|700|||||||&#8221; title_text_align=&#8221;center&#8221; text_orientation=&#8221;center&#8221; global_colors_info=&#8221;{}&#8221;]La llan\u00e7a d\u2019oxigen \u00e9s un dels procediments d\u2019oxitall m\u00e9s antics que existeixen, ja utilitzat abans de la invenci\u00f3 de l\u2019oxitall pr\u00f2piament dit per a obrir\u2026<\/p>\n<p><strong><a href=\"https:\/\/gdaparatos.com\/ca\/productes\/llanca-termica\/\">Llegir m\u00e9s &gt;&gt;<\/a><\/strong>[\/et_pb_toggle][\/et_pb_column][et_pb_column type=&#8221;1_3&#8243; _builder_version=&#8221;4.16&#8243; custom_padding=&#8221;|||&#8221; global_colors_info=&#8221;{}&#8221; custom_padding__hover=&#8221;|||&#8221;][et_pb_image src=&#8221;https:\/\/gdaparatos.com\/wp-content\/uploads\/2018\/10\/SURTIDOR-AUTOGAS-2.jpg&#8221; alt=&#8221;SURTIDOR-AUTOGAS-2&#8243; title_text=&#8221;SURTIDOR-AUTOGAS-2&#8243; align_tablet=&#8221;center&#8221; align_phone=&#8221;&#8221; align_last_edited=&#8221;on|desktop&#8221; _builder_version=&#8221;4.16&#8243; global_colors_info=&#8221;{}&#8221;][\/et_pb_image][et_pb_toggle title=&#8221;Chemtane V&#8221; open_toggle_text_color=&#8221;#000000&#8243; open_toggle_background_color=&#8221;#ffffff&#8221; closed_toggle_text_color=&#8221;#000000&#8243; closed_toggle_background_color=&#8221;#ffffff&#8221; icon_color=&#8221;#12876f&#8221; open_icon_color=&#8221;#12876f&#8221; _builder_version=&#8221;4.16&#8243; title_level=&#8221;h4&#8243; title_font=&#8221;|700|||||||&#8221; title_text_align=&#8221;center&#8221; text_orientation=&#8221;center&#8221; global_colors_info=&#8221;{}&#8221;]El Chemtane V \u00e9s un additiu d\u2019alta qualitat especialment concebut per a evitar la formaci\u00f3 de residus a les instal.lacions de prop\u00e0 i eliminar-ne les ja existents&#8230;<\/p>\n<p><strong><a href=\"https:\/\/gdaparatos.com\/ca\/productes\/chemtane-v\/\">Llegir m\u00e9s &gt;&gt;<\/a><\/strong>[\/et_pb_toggle][\/et_pb_column][\/et_pb_row][et_pb_row column_structure=&#8221;1_3,1_3,1_3&#8243; _builder_version=&#8221;4.16&#8243; global_colors_info=&#8221;{}&#8221;][et_pb_column type=&#8221;1_3&#8243; _builder_version=&#8221;4.16&#8243; custom_padding=&#8221;|||&#8221; global_colors_info=&#8221;{}&#8221; custom_padding__hover=&#8221;|||&#8221;][\/et_pb_column][et_pb_column type=&#8221;1_3&#8243; _builder_version=&#8221;4.16&#8243; custom_padding=&#8221;|||&#8221; global_colors_info=&#8221;{}&#8221; custom_padding__hover=&#8221;|||&#8221;][et_pb_image src=&#8221;https:\/\/gdaparatos.com\/wp-content\/uploads\/2018\/09\/prod_accesorios.jpg&#8221; alt=&#8221;Accessoris per a instal\u00b7lacions de gas&#8221; title_text=&#8221;Accessoris per a instal\u00b7lacions de gas&#8221; align_tablet=&#8221;center&#8221; align_phone=&#8221;&#8221; align_last_edited=&#8221;on|desktop&#8221; _builder_version=&#8221;4.16&#8243; global_colors_info=&#8221;{}&#8221;][\/et_pb_image][et_pb_toggle title=&#8221;Accessoris per a instal\u00b7lacions de gas&#8221; open_toggle_text_color=&#8221;#000000&#8243; open_toggle_background_color=&#8221;#ffffff&#8221; closed_toggle_text_color=&#8221;#000000&#8243; closed_toggle_background_color=&#8221;#ffffff&#8221; icon_color=&#8221;#12876f&#8221; open_icon_color=&#8221;#12876f&#8221; _builder_version=&#8221;4.16&#8243; title_level=&#8221;h4&#8243; title_font=&#8221;|700|||||||&#8221; title_text_align=&#8221;center&#8221; text_orientation=&#8221;center&#8221; global_colors_info=&#8221;{}&#8221;]En una instal\u00b7laci\u00f3 de gas, el m\u00ednim detall \u00e9s important. GD Aparatos li ofereix un ampli ventall d\u2019accessoris entre els quals trobar\u00e0\u2026<\/p>\n<p><strong><a href=\"https:\/\/gdaparatos.com\/ca\/productes\/aparells-i-acccessoris-per-a-installacions-de-gas\/\">Llegir m\u00e9s &gt;&gt;<\/a><\/strong>[\/et_pb_toggle][\/et_pb_column][et_pb_column type=&#8221;1_3&#8243; _builder_version=&#8221;4.16&#8243; custom_padding=&#8221;|||&#8221; global_colors_info=&#8221;{}&#8221; custom_padding__hover=&#8221;|||&#8221;][et_pb_image src=&#8221;https:\/\/gdaparatos.com\/wp-content\/uploads\/2018\/07\/gases-industriales.jpg&#8221; alt=&#8221;Gasos industrials&#8221; title_text=&#8221;Gasos industrials&#8221; align_tablet=&#8221;center&#8221; align_phone=&#8221;&#8221; align_last_edited=&#8221;on|desktop&#8221; _builder_version=&#8221;4.16&#8243; global_colors_info=&#8221;{}&#8221;][\/et_pb_image][et_pb_toggle title=&#8221;Gasos industrials&#8221; open_toggle_text_color=&#8221;#000000&#8243; open_toggle_background_color=&#8221;#ffffff&#8221; closed_toggle_text_color=&#8221;#000000&#8243; closed_toggle_background_color=&#8221;#ffffff&#8221; icon_color=&#8221;#12876f&#8221; open_icon_color=&#8221;#12876f&#8221; _builder_version=&#8221;4.16&#8243; title_level=&#8221;h4&#8243; title_font=&#8221;|700|||||||&#8221; title_text_align=&#8221;center&#8221; text_orientation=&#8221;center&#8221; global_colors_info=&#8221;{}&#8221;]Subministrem tot tipus de gasos industriales: ox\u00edgen, arg\u00f3, mescla de CO2-arg\u00f3, heli, hid\u00f2gen, Chemtane 2, acetil\u00e8\u2026<\/p>\n<p><strong><a href=\"https:\/\/gdaparatos.com\/ca\/productes\/gasos-industriales\/\">llegir m\u00e9s &gt;&gt;<\/a><\/strong>[\/et_pb_toggle][\/et_pb_column][\/et_pb_row][\/et_pb_section][et_pb_section fb_built=&#8221;1&#8243; admin_label=&#8221;Footer&#8221; _builder_version=&#8221;4.16&#8243; custom_padding=&#8221;0px|0px|0px|0px&#8221; animation_direction=&#8221;bottom&#8221; border_width_top=&#8221;1px&#8221; border_color_top=&#8221;#409B44&#8243; saved_tabs=&#8221;all&#8221; global_colors_info=&#8221;{}&#8221;][et_pb_row column_structure=&#8221;1_6,1_3,1_3,1_6&#8243; use_custom_gutter=&#8221;on&#8221; gutter_width=&#8221;2&#8243; _builder_version=&#8221;4.4.6&#8243; background_size=&#8221;initial&#8221; background_position=&#8221;top_left&#8221; background_repeat=&#8221;repeat&#8221; background_blend=&#8221;overlay&#8221; width=&#8221;100%&#8221; max_width=&#8221;100%&#8221; custom_margin=&#8221;0px|||&#8221; custom_padding=&#8221;100px||100px|&#8221; use_custom_width=&#8221;on&#8221; width_unit=&#8221;off&#8221; custom_width_percent=&#8221;100%&#8221; global_module=&#8221;7204&#8243; global_colors_info=&#8221;{}&#8221;][et_pb_column type=&#8221;1_6&#8243; _builder_version=&#8221;4.16&#8243; custom_padding=&#8221;|||&#8221; global_colors_info=&#8221;{}&#8221; custom_padding__hover=&#8221;|||&#8221;][\/et_pb_column][et_pb_column type=&#8221;1_3&#8243; _builder_version=&#8221;4.16&#8243; custom_padding=&#8221;|||&#8221; global_colors_info=&#8221;{}&#8221; custom_padding__hover=&#8221;|||&#8221;][et_pb_text _builder_version=&#8221;4.16&#8243; header_font=&#8221;||||||||&#8221; header_2_font=&#8221;||||||||&#8221; header_2_font_size=&#8221;32px&#8221; header_3_font=&#8221;||||||||&#8221; header_3_line_height=&#8221;2em&#8221; global_colors_info=&#8221;{}&#8221;]<\/p>\n<h2 style=\"text-align: left;\">Tens algun dubte?<\/h2>\n<h3>Si necessites ajuda no dubtis en consultar<\/h3>\n<p>Contacta amb nosaltres a trav\u00e9s d&#8217;aquest formulari de contacte. Si ho prefereixes, a la secci\u00f3 de contacte o al peu de p\u00e0gina pots trobar diferents maneres de resoldre els teus dubtes.<\/p>\n<p>[\/et_pb_text][\/et_pb_column][et_pb_column type=&#8221;1_3&#8243; _builder_version=&#8221;4.16&#8243; custom_padding=&#8221;|||&#8221; global_colors_info=&#8221;{}&#8221; custom_padding__hover=&#8221;|||&#8221;][et_pb_contact_form email=&#8221;comercial@gdaparatos.com&#8221; custom_message=&#8221;Nombre: %%Name%%||et_pb_line_break_holder||||et_pb_line_break_holder||Email: %%Email%%||et_pb_line_break_holder||||et_pb_line_break_holder||Tel\u00e9fono: %%Message%%&#8221; success_message=&#8221;Gr\u00e0cies per contactar amb nosaltres&#8221; submit_button_text=&#8221;Enviar&#8221; module_id=&#8221;et_pb_contact_form_0&#8243; _builder_version=&#8221;4.16&#8243; _unique_id=&#8221;b37168e4-1c1e-4fc3-8ad3-aec6df3f009d&#8221; custom_button=&#8221;on&#8221; button_use_icon=&#8221;off&#8221; global_colors_info=&#8221;{}&#8221;][et_pb_contact_field field_id=&#8221;Name&#8221; field_title=&#8221;Nom&#8221; _builder_version=&#8221;4.16&#8243; global_colors_info=&#8221;{}&#8221; button_text_size__hover_enabled=&#8221;off&#8221; button_one_text_size__hover_enabled=&#8221;off&#8221; button_two_text_size__hover_enabled=&#8221;off&#8221; button_text_color__hover_enabled=&#8221;off&#8221; button_one_text_color__hover_enabled=&#8221;off&#8221; button_two_text_color__hover_enabled=&#8221;off&#8221; button_border_width__hover_enabled=&#8221;off&#8221; button_one_border_width__hover_enabled=&#8221;off&#8221; button_two_border_width__hover_enabled=&#8221;off&#8221; button_border_color__hover_enabled=&#8221;off&#8221; button_one_border_color__hover_enabled=&#8221;off&#8221; button_two_border_color__hover_enabled=&#8221;off&#8221; button_border_radius__hover_enabled=&#8221;off&#8221; button_one_border_radius__hover_enabled=&#8221;off&#8221; button_two_border_radius__hover_enabled=&#8221;off&#8221; button_letter_spacing__hover_enabled=&#8221;off&#8221; button_one_letter_spacing__hover_enabled=&#8221;off&#8221; button_two_letter_spacing__hover_enabled=&#8221;off&#8221; button_bg_color__hover_enabled=&#8221;off&#8221; button_one_bg_color__hover_enabled=&#8221;off&#8221; button_two_bg_color__hover_enabled=&#8221;off&#8221;][\/et_pb_contact_field][et_pb_contact_field field_id=&#8221;Email&#8221; field_title=&#8221;Adre\u00e7a de correu electr\u00f2nic&#8221; field_type=&#8221;email&#8221; _builder_version=&#8221;4.16&#8243; global_colors_info=&#8221;{}&#8221; button_text_size__hover_enabled=&#8221;off&#8221; button_one_text_size__hover_enabled=&#8221;off&#8221; button_two_text_size__hover_enabled=&#8221;off&#8221; button_text_color__hover_enabled=&#8221;off&#8221; button_one_text_color__hover_enabled=&#8221;off&#8221; button_two_text_color__hover_enabled=&#8221;off&#8221; button_border_width__hover_enabled=&#8221;off&#8221; button_one_border_width__hover_enabled=&#8221;off&#8221; button_two_border_width__hover_enabled=&#8221;off&#8221; button_border_color__hover_enabled=&#8221;off&#8221; button_one_border_color__hover_enabled=&#8221;off&#8221; button_two_border_color__hover_enabled=&#8221;off&#8221; button_border_radius__hover_enabled=&#8221;off&#8221; button_one_border_radius__hover_enabled=&#8221;off&#8221; button_two_border_radius__hover_enabled=&#8221;off&#8221; button_letter_spacing__hover_enabled=&#8221;off&#8221; button_one_letter_spacing__hover_enabled=&#8221;off&#8221; button_two_letter_spacing__hover_enabled=&#8221;off&#8221; button_bg_color__hover_enabled=&#8221;off&#8221; button_one_bg_color__hover_enabled=&#8221;off&#8221; button_two_bg_color__hover_enabled=&#8221;off&#8221;][\/et_pb_contact_field][et_pb_contact_field field_id=&#8221;Tel\u00e8fon&#8221; field_title=&#8221;Tel\u00e8fon&#8221; fullwidth_field=&#8221;on&#8221; _builder_version=&#8221;4.16&#8243; global_colors_info=&#8221;{}&#8221;][\/et_pb_contact_field][et_pb_contact_field field_id=&#8221;Message&#8221; field_title=&#8221;Missatge&#8221; field_type=&#8221;text&#8221; fullwidth_field=&#8221;on&#8221; _builder_version=&#8221;4.16&#8243; global_colors_info=&#8221;{}&#8221; button_text_size__hover_enabled=&#8221;off&#8221; button_one_text_size__hover_enabled=&#8221;off&#8221; button_two_text_size__hover_enabled=&#8221;off&#8221; button_text_color__hover_enabled=&#8221;off&#8221; button_one_text_color__hover_enabled=&#8221;off&#8221; button_two_text_color__hover_enabled=&#8221;off&#8221; button_border_width__hover_enabled=&#8221;off&#8221; button_one_border_width__hover_enabled=&#8221;off&#8221; button_two_border_width__hover_enabled=&#8221;off&#8221; button_border_color__hover_enabled=&#8221;off&#8221; button_one_border_color__hover_enabled=&#8221;off&#8221; button_two_border_color__hover_enabled=&#8221;off&#8221; button_border_radius__hover_enabled=&#8221;off&#8221; button_one_border_radius__hover_enabled=&#8221;off&#8221; button_two_border_radius__hover_enabled=&#8221;off&#8221; button_letter_spacing__hover_enabled=&#8221;off&#8221; button_one_letter_spacing__hover_enabled=&#8221;off&#8221; button_two_letter_spacing__hover_enabled=&#8221;off&#8221; button_bg_color__hover_enabled=&#8221;off&#8221; button_one_bg_color__hover_enabled=&#8221;off&#8221; button_two_bg_color__hover_enabled=&#8221;off&#8221;][\/et_pb_contact_field][et_pb_contact_field field_id=&#8221;Aviso&#8221; field_title=&#8221;Acceptar pol\u00edtica de protecci\u00f3 de dades&#8221; field_type=&#8221;checkbox&#8221; checkbox_options=&#8221;%91{%22value%22:%22Acceptar la %22,%22checked%22:0,%22dragID%22:-1,%22link_url%22:%22https:\/\/gdaparatos.com\/aviso-legal\/%22,%22link_text%22:%22pol\u00edtica de protecci\u00f3  de dades%22}%93&#8243; _builder_version=&#8221;4.16&#8243; global_colors_info=&#8221;{}&#8221; button_text_size__hover_enabled=&#8221;off&#8221; button_one_text_size__hover_enabled=&#8221;off&#8221; button_two_text_size__hover_enabled=&#8221;off&#8221; button_text_color__hover_enabled=&#8221;off&#8221; button_one_text_color__hover_enabled=&#8221;off&#8221; button_two_text_color__hover_enabled=&#8221;off&#8221; button_border_width__hover_enabled=&#8221;off&#8221; button_one_border_width__hover_enabled=&#8221;off&#8221; button_two_border_width__hover_enabled=&#8221;off&#8221; button_border_color__hover_enabled=&#8221;off&#8221; button_one_border_color__hover_enabled=&#8221;off&#8221; button_two_border_color__hover_enabled=&#8221;off&#8221; button_border_radius__hover_enabled=&#8221;off&#8221; button_one_border_radius__hover_enabled=&#8221;off&#8221; button_two_border_radius__hover_enabled=&#8221;off&#8221; button_letter_spacing__hover_enabled=&#8221;off&#8221; button_one_letter_spacing__hover_enabled=&#8221;off&#8221; button_two_letter_spacing__hover_enabled=&#8221;off&#8221; button_bg_color__hover_enabled=&#8221;off&#8221; button_one_bg_color__hover_enabled=&#8221;off&#8221; button_two_bg_color__hover_enabled=&#8221;off&#8221;][\/et_pb_contact_field][\/et_pb_contact_form][et_pb_code _builder_version=&#8221;4.16&#8243; global_colors_info=&#8221;{}&#8221;]<script type=\"text\/javascript\"><!-- [et_pb_line_break_holder] -->jQuery(function($){<!-- [et_pb_line_break_holder] --> $(\".et_pb_contact_field_checkbox label\").html(\"<i><\/i>Acceptar<a href='https:\/\/gdaparatos.com\/ca\/avis-legal-sobre-aquest-portal\/' target='_blank' style='color:green;' rel='noopener noreferrer'> <strong>Pol\u00edtica de protecci\u00f3 de dades<\/strong><\/a>\");<!-- [et_pb_line_break_holder] -->});<!-- [et_pb_line_break_holder] --><\/script>[\/et_pb_code][\/et_pb_column][et_pb_column type=&#8221;1_6&#8243; _builder_version=&#8221;4.16&#8243; custom_padding=&#8221;|||&#8221; global_colors_info=&#8221;{}&#8221; custom_padding__hover=&#8221;|||&#8221;][\/et_pb_column][\/et_pb_row][\/et_pb_section]<\/p>\n","protected":false},"excerpt":{"rendered":"<p><nav aria-label=\"breadcrumbs\">\n            <div class=\"breadcrumb-container theme2\">\n                <ol>\n                                    <\/ol>\n            <\/div>\n        <\/nav>    <script type=\"application\/ld+json\">\n        {\n            \"@context\": \"http:\/\/schema.org\",\n            \"@type\": \"BreadcrumbList\",\n            \"itemListElement\": [\n                            ]\n        }\n    <\/script>\n   \n    <script>\n            <\/script>\nTots els productes A GD Aparatos li fem accessibles tots els aparells i accessoris per al gas, necessaris per a dur a terme una instal\u00b7laci\u00f3.Tri\u00ef la fam\u00edlia de productes per veure les caracter\u00edstiques del producte que desitgi Els cremadors de gas que presentem en aquesta secci\u00f3 es divideixen entre cremadors de gas de baixa pressi\u00f3 [&hellip;]<\/p>\n","protected":false},"author":6,"featured_media":0,"parent":0,"menu_order":0,"comment_status":"closed","ping_status":"closed","template":"","meta":{"_et_pb_use_builder":"on","_et_pb_old_content":"","_et_gb_content_width":"","footnotes":""},"class_list":["post-4333","page","type-page","status-publish","hentry"],"_links":{"self":[{"href":"https:\/\/gdaparatos.com\/ca\/wp-json\/wp\/v2\/pages\/4333","targetHints":{"allow":["GET"]}}],"collection":[{"href":"https:\/\/gdaparatos.com\/ca\/wp-json\/wp\/v2\/pages"}],"about":[{"href":"https:\/\/gdaparatos.com\/ca\/wp-json\/wp\/v2\/types\/page"}],"author":[{"embeddable":true,"href":"https:\/\/gdaparatos.com\/ca\/wp-json\/wp\/v2\/users\/6"}],"replies":[{"embeddable":true,"href":"https:\/\/gdaparatos.com\/ca\/wp-json\/wp\/v2\/comments?post=4333"}],"version-history":[{"count":0,"href":"https:\/\/gdaparatos.com\/ca\/wp-json\/wp\/v2\/pages\/4333\/revisions"}],"wp:attachment":[{"href":"https:\/\/gdaparatos.com\/ca\/wp-json\/wp\/v2\/media?parent=4333"}],"curies":[{"name":"wp","href":"https:\/\/api.w.org\/{rel}","templated":true}]}}