{"id":16076,"date":"2022-06-13T07:00:15","date_gmt":"2022-06-13T07:00:15","guid":{"rendered":"https:\/\/gdaparatos.com\/condiciones-comerciales\/"},"modified":"2022-06-13T10:27:08","modified_gmt":"2022-06-13T10:27:08","slug":"condicions-comerciales","status":"publish","type":"page","link":"https:\/\/gdaparatos.com\/ca\/condicions-comerciales\/","title":{"rendered":"CONDICIONS COMERCIALS"},"content":{"rendered":"<p>[et_pb_section fb_built=&#8221;1&#8243; _builder_version=&#8221;4.16&#8243; background_color=&#8221;#3c934c&#8221; custom_margin=&#8221;0px||0px|&#8221; custom_padding=&#8221;0px||0px|&#8221; border_style_all=&#8221;none&#8221; border_width_top=&#8221;2px&#8221; border_color_top=&#8221;#ffffff&#8221; global_colors_info=&#8221;{}&#8221;][et_pb_row _builder_version=&#8221;4.16&#8243; custom_margin=&#8221;0px||0px|&#8221; custom_padding=&#8221;0px||0px|&#8221; global_colors_info=&#8221;{}&#8221;][et_pb_column type=&#8221;4_4&#8243; _builder_version=&#8221;4.16&#8243; custom_padding=&#8221;|||&#8221; global_colors_info=&#8221;{}&#8221; custom_padding__hover=&#8221;|||&#8221;][et_pb_code _builder_version=&#8221;4.16&#8243; custom_margin=&#8221;0px||0px|&#8221; custom_padding=&#8221;0px||0px|&#8221; global_colors_info=&#8221;{}&#8221;]<span style=\"color: white!important;\"><nav aria-label=\"breadcrumbs\">\n            <div class=\"breadcrumb-container theme2\">\n                <ol>\n                                    <\/ol>\n            <\/div>\n        <\/nav>    <script type=\"application\/ld+json\">\n        {\n            \"@context\": \"http:\/\/schema.org\",\n            \"@type\": \"BreadcrumbList\",\n            \"itemListElement\": [\n                            ]\n        }\n    <\/script>\n   \n    <script>\n            <\/script>\n<\/span>[\/et_pb_code][\/et_pb_column][\/et_pb_row][\/et_pb_section][et_pb_section fb_built=&#8221;1&#8243; admin_label=&#8221;Contact Info&#8221; _builder_version=&#8221;4.16&#8243; custom_padding=&#8221;90px||90px|&#8221; locked=&#8221;off&#8221; global_colors_info=&#8221;{}&#8221;][et_pb_row _builder_version=&#8221;4.17.4&#8243; _module_preset=&#8221;default&#8221; global_colors_info=&#8221;{}&#8221;][et_pb_column type=&#8221;4_4&#8243; _builder_version=&#8221;4.17.4&#8243; _module_preset=&#8221;default&#8221; global_colors_info=&#8221;{}&#8221;][et_pb_text _builder_version=&#8221;4.17.4&#8243; _module_preset=&#8221;default&#8221; header_font=&#8221;|700|||||||&#8221; header_text_align=&#8221;center&#8221; header_text_color=&#8221;#467a23&#8243; global_colors_info=&#8221;{}&#8221;]<\/p>\n<h1 style=\"text-align: center;\">CONDICIONS COMERCIALS<br \/>\n<\/h1>\n<p>[\/et_pb_text][et_pb_divider color=&#8221;#467a23&#8243; divider_weight=&#8221;3px&#8221; _builder_version=&#8221;4.17.4&#8243; _module_preset=&#8221;default&#8221; width=&#8221;20%&#8221; module_alignment=&#8221;center&#8221; global_colors_info=&#8221;{}&#8221;][\/et_pb_divider][\/et_pb_column][\/et_pb_row][et_pb_row _builder_version=&#8221;4.16&#8243; background_size=&#8221;initial&#8221; background_position=&#8221;top_left&#8221; background_repeat=&#8221;repeat&#8221; global_colors_info=&#8221;{}&#8221;][et_pb_column type=&#8221;4_4&#8243; _builder_version=&#8221;4.16&#8243; custom_padding=&#8221;|||&#8221; global_colors_info=&#8221;{}&#8221; custom_padding__hover=&#8221;|||&#8221;][et_pb_text _builder_version=&#8221;4.17.4&#8243; header_font=&#8221;|700|||||||&#8221; header_text_color=&#8221;#467a23&#8243; hover_enabled=&#8221;0&#8243; global_colors_info=&#8221;{}&#8221; sticky_enabled=&#8221;0&#8243;]<\/p>\n<p><strong>Comanda m\u00ednima:<\/strong><\/p>\n<p>Les comandes inferiors a 100\u20ac generen unes despeses de gesti\u00f3 de 10\u20ac.<\/p>\n<p><strong>Ports:<\/strong><\/p>\n<p>Els ports seran pagats per a comandes superiors a 1000\u20ac (consultar en el cas de mercaderia voluminosa i\/o preus especials)<\/p>\n<p><strong>Terminis de pagament:<\/strong><\/p>\n<p>Les condicions de pagament es pactaran amb cada client. Els termini de pagament seran els establerts en la llei 15\/2010 de 5 de juliol.<\/p>\n<p><strong>Pol\u00edtica de devolucions:<\/strong><\/p>\n<p>No s\u2019acceptaran devolucions un cop passats 30 dies des de l\u2019adquisici\u00f3 de la mercaderia.<\/p>\n<p>El material que es vulgui tornar no ha d\u2019haver estat muntat ni manipulat.<\/p>\n<p>Les devolucions es faran a ports pagats a l\u2019adre\u00e7a que GD indiqui en cada moment.<\/p>\n<p>Tot article retornat generar\u00e0 un c\u00e0rrec del 20% del seu import.<\/p>\n<p>L\u2019import de la factura rectificativa ocasionada per la devoluci\u00f3 de materials quedar\u00e0 abonat al compte del client disponible per a posteriors comandes. En cap cas aquest import es deduir\u00e0 de l\u2019import a pagar al venciment de la factura generada al lliurament dels materials objectes de devoluci\u00f3.<\/p>\n<p><strong>GASOS:<\/strong><\/p>\n<p>En fer una comanda de reposici\u00f3 s\u2019hauran de posar els envasos buits a disposici\u00f3 de GD.<\/p>\n<p>La falta de retorn d\u2019envasos buits o d\u2019un n\u00famero inferior als lliurats generar\u00e0 un c\u00e0rrec per fian\u00e7a o lloguer segons apliqui.<\/p>\n<p>Si a l\u2019arribada del transportista no es pogu\u00e9s dur a terme la recollida dels envasos buits, es generar\u00e0 un c\u00e0rrec per recollida fallida.<\/p>\n<p><strong>Fiances:<\/strong><\/p>\n<p>No es retornar\u00e0 la fian\u00e7a dels envasos de Chemtane 2 que estiguin caducats en el moment del seu retorn definitiu.<\/p>\n<p>[\/et_pb_text][\/et_pb_column][\/et_pb_row][\/et_pb_section]<\/p>\n","protected":false},"excerpt":{"rendered":"<p><nav aria-label=\"breadcrumbs\">\n            <div class=\"breadcrumb-container theme2\">\n                <ol>\n                                    <\/ol>\n            <\/div>\n        <\/nav>    <script type=\"application\/ld+json\">\n        {\n            \"@context\": \"http:\/\/schema.org\",\n            \"@type\": \"BreadcrumbList\",\n            \"itemListElement\": [\n                            ]\n        }\n    <\/script>\n   \n    <script>\n            <\/script>\nCONDICIONS COMERCIALS Comanda m\u00ednima: Les comandes inferiors a 100\u20ac generen unes despeses de gesti\u00f3 de 10\u20ac. Ports: Els ports seran pagats per a comandes superiors a 1000\u20ac (consultar en el cas de mercaderia voluminosa i\/o preus especials) Terminis de pagament: Les condicions de pagament es pactaran amb cada client. Els termini de pagament seran els [&hellip;]<\/p>\n","protected":false},"author":6,"featured_media":0,"parent":0,"menu_order":0,"comment_status":"closed","ping_status":"closed","template":"","meta":{"_et_pb_use_builder":"on","_et_pb_old_content":"","_et_gb_content_width":"1080","footnotes":""},"class_list":["post-16076","page","type-page","status-publish","hentry"],"_links":{"self":[{"href":"https:\/\/gdaparatos.com\/ca\/wp-json\/wp\/v2\/pages\/16076","targetHints":{"allow":["GET"]}}],"collection":[{"href":"https:\/\/gdaparatos.com\/ca\/wp-json\/wp\/v2\/pages"}],"about":[{"href":"https:\/\/gdaparatos.com\/ca\/wp-json\/wp\/v2\/types\/page"}],"author":[{"embeddable":true,"href":"https:\/\/gdaparatos.com\/ca\/wp-json\/wp\/v2\/users\/6"}],"replies":[{"embeddable":true,"href":"https:\/\/gdaparatos.com\/ca\/wp-json\/wp\/v2\/comments?post=16076"}],"version-history":[{"count":0,"href":"https:\/\/gdaparatos.com\/ca\/wp-json\/wp\/v2\/pages\/16076\/revisions"}],"wp:attachment":[{"href":"https:\/\/gdaparatos.com\/ca\/wp-json\/wp\/v2\/media?parent=16076"}],"curies":[{"name":"wp","href":"https:\/\/api.w.org\/{rel}","templated":true}]}}